{"id":380,"date":"2025-10-11T10:19:39","date_gmt":"2025-10-11T10:19:39","guid":{"rendered":"https:\/\/click.ma\/soraflex\/?post_type=product&#038;p=380"},"modified":"2026-02-28T10:16:32","modified_gmt":"2026-02-28T10:16:32","slug":"tuyau-hydraulique-r5-2","status":"publish","type":"product","link":"https:\/\/click.ma\/soraflex\/p\/tuyau-hydraulique-r5-2\/","title":{"rendered":"Tuyau 2TE"},"content":{"rendered":"<p data-start=\"233\" data-end=\"415\">Le tuyau hydraulique moyenne pression \u00e0 renforcement textile est con\u00e7u pour les applications utilisant des <strong data-start=\"370\" data-end=\"412\">fluides hydrauliques \u00e0 base de p\u00e9trole<\/strong>.<\/p>\n<ul>\n<li data-start=\"417\" data-end=\"510\"><strong data-start=\"417\" data-end=\"435\">Tube int\u00e9rieur<\/strong> : caoutchouc synth\u00e9tique sans soudure, formul\u00e9 pour r\u00e9sister aux huiles.<\/li>\n<li data-start=\"512\" data-end=\"626\"><strong data-start=\"512\" data-end=\"528\">Renforcement<\/strong> : une tresse en fibre synth\u00e9tique haute r\u00e9sistance assurant une excellente tenue \u00e0 la pression.<\/li>\n<li data-start=\"628\" data-end=\"777\"><strong data-start=\"628\" data-end=\"648\">Gaine ext\u00e9rieure<\/strong> : caoutchouc synth\u00e9tique noir \u00e0 finition envelopp\u00e9e, offrant une grande r\u00e9sistance \u00e0 l\u2019huile, aux intemp\u00e9ries et \u00e0 l\u2019abrasion.<\/li>\n<li data-start=\"779\" data-end=\"811\"><strong data-start=\"779\" data-end=\"802\">Facteur de s\u00e9curit\u00e9<\/strong> : 4:1.<\/li>\n<li data-start=\"813\" data-end=\"838\"><strong data-start=\"813\" data-end=\"834\">Fluide compatible<\/strong> :\n<ul>\n<li data-start=\"839\" data-end=\"899\">\n<p data-start=\"841\" data-end=\"899\">Fluides hydrauliques \u00e0 base de p\u00e9trole (jusqu\u2019\u00e0 +100 \u00b0C)<\/p>\n<\/li>\n<li data-start=\"900\" data-end=\"954\">\n<p data-start=\"902\" data-end=\"954\">Fluides hydrauliques \u00e0 base d\u2019eau (jusqu\u2019\u00e0 +70 \u00b0C)<\/p>\n<\/li>\n<li data-start=\"955\" data-end=\"979\">\n<p data-start=\"957\" data-end=\"979\">Air (jusqu\u2019\u00e0 +50 \u00b0C)<\/p>\n<\/li>\n<\/ul>\n<\/li>\n<li data-start=\"981\" data-end=\"1056\"><strong data-start=\"981\" data-end=\"1007\">Temp\u00e9rature de service<\/strong> : de -40 \u00b0C \u00e0 +100 \u00b0C selon le fluide utilis\u00e9.<\/li>\n<li data-start=\"1058\" data-end=\"1183\"><strong data-start=\"1058\" data-end=\"1074\">Applications<\/strong> : adapt\u00e9 aux syst\u00e8mes hydrauliques mobiles et industriels n\u00e9cessitant flexibilit\u00e9, r\u00e9sistance et durabilit\u00e9.<\/li>\n<\/ul>\n<table width=\"691\">\n<tbody>\n<tr>\n<td width=\"83\">Code<\/td>\n<td width=\"253\">Description<\/td>\n<td width=\"45\">DN<\/td>\n<td width=\"61\">Pouce<\/td>\n<td width=\"83\">Diametre Interieur (mm)<\/td>\n<td width=\"83\">Diametre Exterieur (mm)<\/td>\n<td width=\"83\">Pression (bar)<\/td>\n<\/tr>\n<tr>\n<td>01.1.06.04<\/td>\n<td>TUYAU &#8211; 2TE &#8211;\u00a0 DN6 &#8211; 1\/4\u00a0\u00a0 &#8211; WP 7.5 MPA<\/td>\n<td>6<\/td>\n<td>1\/4&Prime;<\/td>\n<td>6,3<\/td>\n<td>13,4<\/td>\n<td>75<\/td>\n<\/tr>\n<tr>\n<td>01.1.06.05<\/td>\n<td>TUYAU &#8211; 2TE &#8211;\u00a0 DN8 &#8211; 5\/16\u00a0\u00a0 &#8211; WP 6.8 MPA<\/td>\n<td>8<\/td>\n<td>5\/16&Prime;<\/td>\n<td>8,0<\/td>\n<td>14,9<\/td>\n<td>68<\/td>\n<\/tr>\n<tr>\n<td>01.1.06.06<\/td>\n<td>TUYAU &#8211; 2TE &#8211;\u00a0 DN10 &#8211; 3\/8\u00a0\u00a0 &#8211; WP 6.3 MPA<\/td>\n<td>10<\/td>\n<td>3\/8&Prime;<\/td>\n<td>9,5<\/td>\n<td>16,5<\/td>\n<td>63<\/td>\n<\/tr>\n<tr>\n<td>01.1.06.08<\/td>\n<td>TUYAU &#8211; 2TE &#8211;\u00a0 DN12 &#8211; 1\/2\u00a0\u00a0 &#8211; WP 5.8 MPA<\/td>\n<td>12<\/td>\n<td>1\/2&Prime;<\/td>\n<td>12,7<\/td>\n<td>19,7<\/td>\n<td>58<\/td>\n<\/tr>\n<tr>\n<td>01.1.06.10<\/td>\n<td>TUYAU &#8211; 2TE &#8211;\u00a0 DN16 &#8211; 5\/8\u00a0\u00a0 &#8211; WP 5 MPA<\/td>\n<td>16<\/td>\n<td>5\/8&Prime;<\/td>\n<td>16<\/td>\n<td>23,9<\/td>\n<td>50<\/td>\n<\/tr>\n<tr>\n<td>01.1.06.12<\/td>\n<td>TUYAU &#8211; 2TE &#8211;\u00a0 DN19 &#8211; 3\/4\u00a0\u00a0 &#8211; WP 4.5 MPA<\/td>\n<td>19<\/td>\n<td>3\/4&Prime;<\/td>\n<td>19<\/td>\n<td>27<\/td>\n<td>45<\/td>\n<\/tr>\n<tr>\n<td>01.1.06.16<\/td>\n<td>TUYAU &#8211; 2TE &#8211;\u00a0 DN25 &#8211; 1\u00a0\u00a0 &#8211; WP 4 MPA<\/td>\n<td>25<\/td>\n<td>1&Prime;<\/td>\n<td>25,4<\/td>\n<td>34,4<\/td>\n<td>40<\/td>\n<\/tr>\n<\/tbody>\n<\/table>\n","protected":false},"excerpt":{"rendered":"<p data-start=\"0\" data-end=\"231\">Tuyau hydraulique moyenne pression \u00e0 renforcement textile, id\u00e9al pour les circuits hydrauliques utilisant des fluides \u00e0 base de p\u00e9trole. Excellente r\u00e9sistance \u00e0 l\u2019huile, \u00e0 l\u2019abrasion et aux intemp\u00e9ries.<\/p>\n<p data-start=\"233\" data-end=\"415\">\n","protected":false},"featured_media":742,"comment_status":"open","ping_status":"closed","template":"","meta":[],"product_brand":[],"product_cat":[44],"product_tag":[],"class_list":{"0":"post-380","1":"product","2":"type-product","3":"status-publish","4":"has-post-thumbnail","6":"product_cat-flexibles-hydrauliques","8":"first","9":"instock","10":"shipping-taxable","11":"product-type-simple"},"_links":{"self":[{"href":"https:\/\/click.ma\/soraflex\/wp-json\/wp\/v2\/product\/380","targetHints":{"allow":["GET"]}}],"collection":[{"href":"https:\/\/click.ma\/soraflex\/wp-json\/wp\/v2\/product"}],"about":[{"href":"https:\/\/click.ma\/soraflex\/wp-json\/wp\/v2\/types\/product"}],"replies":[{"embeddable":true,"href":"https:\/\/click.ma\/soraflex\/wp-json\/wp\/v2\/comments?post=380"}],"wp:featuredmedia":[{"embeddable":true,"href":"https:\/\/click.ma\/soraflex\/wp-json\/wp\/v2\/media\/742"}],"wp:attachment":[{"href":"https:\/\/click.ma\/soraflex\/wp-json\/wp\/v2\/media?parent=380"}],"wp:term":[{"taxonomy":"product_brand","embeddable":true,"href":"https:\/\/click.ma\/soraflex\/wp-json\/wp\/v2\/product_brand?post=380"},{"taxonomy":"product_cat","embeddable":true,"href":"https:\/\/click.ma\/soraflex\/wp-json\/wp\/v2\/product_cat?post=380"},{"taxonomy":"product_tag","embeddable":true,"href":"https:\/\/click.ma\/soraflex\/wp-json\/wp\/v2\/product_tag?post=380"}],"curies":[{"name":"wp","href":"https:\/\/api.w.org\/{rel}","templated":true}]}}