{"id":377,"date":"2025-10-11T09:58:54","date_gmt":"2025-10-11T09:58:54","guid":{"rendered":"https:\/\/click.ma\/soraflex\/?post_type=product&#038;p=377"},"modified":"2025-10-11T10:15:10","modified_gmt":"2025-10-11T10:15:10","slug":"tuyau-hydraulique-r5","status":"publish","type":"product","link":"https:\/\/click.ma\/soraflex\/p\/tuyau-hydraulique-r5\/","title":{"rendered":"Tuyau Hydraulique R5"},"content":{"rendered":"<p data-start=\"246\" data-end=\"378\">Ce tuyau hydraulique haute pression est conforme aux normes <strong data-start=\"336\" data-end=\"375\">SAE 100R5 \/ SAE J1402<\/strong><\/p>\n<ul>\n<li data-start=\"380\" data-end=\"474\"><strong data-start=\"380\" data-end=\"398\">Tube int\u00e9rieur<\/strong> : caoutchouc synth\u00e9tique sans soudure, r\u00e9sistant aux huiles hydrauliques.<\/li>\n<li data-start=\"476\" data-end=\"652\"><strong data-start=\"476\" data-end=\"492\">Renforcement<\/strong> : deux tresses textiles synth\u00e9tiques haute r\u00e9sistance et une tresse interm\u00e9diaire en fil d\u2019acier haute t\u00e9nacit\u00e9, assurant une excellente tenue \u00e0 la pression.<\/li>\n<li data-start=\"654\" data-end=\"790\"><strong data-start=\"654\" data-end=\"674\">Gaine ext\u00e9rieure<\/strong> : tresse textile impr\u00e9gn\u00e9e de caoutchouc synth\u00e9tique noir, r\u00e9sistante \u00e0 l\u2019huile, aux intemp\u00e9ries et \u00e0 l\u2019abrasion.<\/li>\n<li data-start=\"792\" data-end=\"824\"><strong data-start=\"792\" data-end=\"815\">Facteur de s\u00e9curit\u00e9<\/strong> : 4:1.<\/li>\n<li data-start=\"826\" data-end=\"891\"><strong data-start=\"826\" data-end=\"847\">Fluide compatible<\/strong> : fluides hydrauliques \u00e0 base de p\u00e9trole.<\/li>\n<li data-start=\"893\" data-end=\"1009\"><strong data-start=\"893\" data-end=\"919\">Temp\u00e9rature de service<\/strong> : de -40\u00b0C \u00e0 +100\u00b0C, avec des pointes possibles jusqu\u2019\u00e0 +120\u00b0C en service intermittent.<\/li>\n<li data-start=\"1011\" data-end=\"1183\"><strong data-start=\"1011\" data-end=\"1027\">Applications<\/strong> : id\u00e9al pour les syst\u00e8mes hydrauliques et pneumatiques haute pression, les \u00e9quipements mobiles et les environnements n\u00e9cessitant r\u00e9sistance et flexibilit\u00e9.<\/li>\n<\/ul>\n<table width=\"760\">\n<tbody>\n<tr>\n<td width=\"83\">Code<\/td>\n<td width=\"322\">Description<\/td>\n<td width=\"45\">DN<\/td>\n<td width=\"61\">Pouce<\/td>\n<td width=\"83\">Diametre Interieur (mm)<\/td>\n<td width=\"83\">Diametre Exterieur (mm)<\/td>\n<td width=\"83\">Pression (bar)<\/td>\n<\/tr>\n<tr>\n<td>01.1.05.04<\/td>\n<td>TUYAU\u00a0 SAE R5 &#8211;\u00a0DN4 &#8211;\u00a0 3\/16 &#8211; WP 21 MPA<\/td>\n<td>4<\/td>\n<td>3\/16&Prime;<\/td>\n<td>4,8<\/td>\n<td>13,2<\/td>\n<td>207<\/td>\n<\/tr>\n<tr>\n<td>01.1.05.05<\/td>\n<td>TUYAU\u00a0 SAE R5 &#8211;\u00a0DN5 &#8211;\u00a0 1\/4 &#8211; WP 21 MPA<\/td>\n<td>5<\/td>\n<td>1\/4&Prime;<\/td>\n<td>6,3<\/td>\n<td>14,8<\/td>\n<td>207<\/td>\n<\/tr>\n<tr>\n<td>01.1.05.06<\/td>\n<td>TUYAU\u00a0 SAE R5 &#8211;\u00a0DN6 &#8211;\u00a0 5\/16 &#8211; WP 15.7 MPA<\/td>\n<td>6<\/td>\n<td>5\/16&Prime;<\/td>\n<td>8,0<\/td>\n<td>17,2<\/td>\n<td>155<\/td>\n<\/tr>\n<tr>\n<td>01.1.05.08<\/td>\n<td>TUYAU\u00a0 SAE R5 &#8211;\u00a0DN8 &#8211;\u00a0 13\/32 &#8211; WP 14 MPA<\/td>\n<td>8<\/td>\n<td>13\/32&Prime;<\/td>\n<td>10,4<\/td>\n<td>19,5<\/td>\n<td>138<\/td>\n<\/tr>\n<tr>\n<td>01.1.05.10<\/td>\n<td>TUYAU\u00a0 SAE R5 &#8211;\u00a0DN10 &#8211;\u00a0 1\/2 &#8211; WP 12.2 MPA<\/td>\n<td>10<\/td>\n<td>1\/2&Prime;<\/td>\n<td>12,7<\/td>\n<td>23,4<\/td>\n<td>121<\/td>\n<\/tr>\n<tr>\n<td>01.1.05.12<\/td>\n<td>TUYAU\u00a0 SAE R5 &#8211;\u00a0DN12 &#8211;\u00a0 5\/8 &#8211; WP 10.5 MPA<\/td>\n<td>12<\/td>\n<td>5\/8&Prime;<\/td>\n<td>16<\/td>\n<td>27,4<\/td>\n<td>103<\/td>\n<\/tr>\n<tr>\n<td>01.1.05.16<\/td>\n<td>TUYAU\u00a0 SAE R5 &#8211;\u00a0DN16 &#8211;\u00a0 7\/8 &#8211; WP 5.6 MPA<\/td>\n<td>16<\/td>\n<td>7\/8&Prime;<\/td>\n<td>22,2<\/td>\n<td>31,4<\/td>\n<td>55<\/td>\n<\/tr>\n<tr>\n<td>01.1.05.20<\/td>\n<td>TUYAU\u00a0 SAE R5 &#8211;\u00a0DN20 &#8211;\u00a0 1.1\/8 &#8211; WP 4.3 MPA<\/td>\n<td>20<\/td>\n<td>1.1\/8&Prime;<\/td>\n<td>28,6<\/td>\n<td>38,1<\/td>\n<td>43<\/td>\n<\/tr>\n<tr>\n<td>01.1.05.24<\/td>\n<td>TUYAU\u00a0 SAE R5 &#8211;\u00a0DN24 &#8211;\u00a0 1.3\/8 &#8211; WP 3.5 MPA<\/td>\n<td>24<\/td>\n<td>1.3\/8&Prime;<\/td>\n<td>34,9<\/td>\n<td>44,5<\/td>\n<td>34<\/td>\n<\/tr>\n<tr>\n<td>01.1.05.32<\/td>\n<td>TUYAU\u00a0 SAE R5 &#8211;\u00a0DN32 &#8211;\u00a0 1.3\/16 &#8211; WP 2.4 MPA<\/td>\n<td>32<\/td>\n<td>1.13\/16&Prime;<\/td>\n<td>46<\/td>\n<td>56,4<\/td>\n<td>24<\/td>\n<\/tr>\n<tr>\n<td>01.1.05.40<\/td>\n<td>TUYAU\u00a0 SAE R5 &#8211;\u00a0DN40 &#8211;\u00a0 2.3\/8 &#8211; WP 2.4 MPA<\/td>\n<td>40<\/td>\n<td>2.3\/8&Prime;<\/td>\n<td>60,3<\/td>\n<td>73<\/td>\n<td>24<\/td>\n<\/tr>\n<\/tbody>\n<\/table>\n","protected":false},"excerpt":{"rendered":"<p data-start=\"0\" data-end=\"244\">Tuyau hydraulique haute pression conforme aux normes <strong data-start=\"80\" data-end=\"119\">SAE 100R5 \/ SAE J1402 AII \u2013 10.1007<\/strong>, id\u00e9al pour les circuits hydrauliques \u00e0 base de p\u00e9trole. Excellente r\u00e9sistance \u00e0 l\u2019huile, \u00e0 l\u2019abrasion et aux intemp\u00e9ries.<\/p>\n<p data-start=\"246\" data-end=\"378\">\n","protected":false},"featured_media":379,"comment_status":"open","ping_status":"closed","template":"","meta":[],"product_brand":[],"product_cat":[44],"product_tag":[],"class_list":{"0":"post-377","1":"product","2":"type-product","3":"status-publish","4":"has-post-thumbnail","6":"product_cat-flexibles-hydrauliques","8":"first","9":"instock","10":"shipping-taxable","11":"product-type-simple"},"_links":{"self":[{"href":"https:\/\/click.ma\/soraflex\/wp-json\/wp\/v2\/product\/377","targetHints":{"allow":["GET"]}}],"collection":[{"href":"https:\/\/click.ma\/soraflex\/wp-json\/wp\/v2\/product"}],"about":[{"href":"https:\/\/click.ma\/soraflex\/wp-json\/wp\/v2\/types\/product"}],"replies":[{"embeddable":true,"href":"https:\/\/click.ma\/soraflex\/wp-json\/wp\/v2\/comments?post=377"}],"wp:featuredmedia":[{"embeddable":true,"href":"https:\/\/click.ma\/soraflex\/wp-json\/wp\/v2\/media\/379"}],"wp:attachment":[{"href":"https:\/\/click.ma\/soraflex\/wp-json\/wp\/v2\/media?parent=377"}],"wp:term":[{"taxonomy":"product_brand","embeddable":true,"href":"https:\/\/click.ma\/soraflex\/wp-json\/wp\/v2\/product_brand?post=377"},{"taxonomy":"product_cat","embeddable":true,"href":"https:\/\/click.ma\/soraflex\/wp-json\/wp\/v2\/product_cat?post=377"},{"taxonomy":"product_tag","embeddable":true,"href":"https:\/\/click.ma\/soraflex\/wp-json\/wp\/v2\/product_tag?post=377"}],"curies":[{"name":"wp","href":"https:\/\/api.w.org\/{rel}","templated":true}]}}