{"id":373,"date":"2025-10-11T09:44:44","date_gmt":"2025-10-11T09:44:44","guid":{"rendered":"https:\/\/click.ma\/soraflex\/?post_type=product&#038;p=373"},"modified":"2025-10-11T09:54:34","modified_gmt":"2025-10-11T09:54:34","slug":"tuyau-hydraulique-r4","status":"publish","type":"product","link":"https:\/\/click.ma\/soraflex\/p\/tuyau-hydraulique-r4\/","title":{"rendered":"Tuyau Hydraulique R4"},"content":{"rendered":"<p data-start=\"0\" data-end=\"98\">Ce tuyau hydraulique d\u2019aspiration et de retour est conforme \u00e0 la norme <strong data-start=\"71\" data-end=\"95\">SAE 100R4 (SAE J517)<\/strong>.<\/p>\n<ul>\n<li data-start=\"100\" data-end=\"194\"><strong data-start=\"100\" data-end=\"118\">Tube int\u00e9rieur<\/strong> : caoutchouc synth\u00e9tique sans soudure, r\u00e9sistant aux huiles hydrauliques.<\/li>\n<li data-start=\"196\" data-end=\"357\"><strong data-start=\"196\" data-end=\"212\">Renforcement<\/strong> : tresses textiles associ\u00e9es \u00e0 trois h\u00e9lices en fil d\u2019acier haute r\u00e9sistance, assurant une excellente tenue sous d\u00e9pression et en refoulement.<\/li>\n<li data-start=\"359\" data-end=\"504\"><strong data-start=\"359\" data-end=\"379\">Gaine ext\u00e9rieure<\/strong> : caoutchouc synth\u00e9tique noir, r\u00e9sistant \u00e0 l\u2019huile, aux intemp\u00e9ries et \u00e0 l\u2019abrasion, garantissant une longue dur\u00e9e de vie.<\/li>\n<li data-start=\"506\" data-end=\"538\"><strong data-start=\"506\" data-end=\"529\">Facteur de s\u00e9curit\u00e9<\/strong> : 4:1.<\/li>\n<li data-start=\"540\" data-end=\"605\"><strong data-start=\"540\" data-end=\"561\">Fluide compatible<\/strong> : fluides hydrauliques \u00e0 base de p\u00e9trole.<\/li>\n<li data-start=\"607\" data-end=\"723\"><strong data-start=\"607\" data-end=\"633\">Temp\u00e9rature de service<\/strong> : de -40\u00b0C \u00e0 +100\u00b0C, avec des pointes possibles jusqu\u2019\u00e0 +120\u00b0C en service intermittent.<\/li>\n<li data-start=\"725\" data-end=\"864\"><strong data-start=\"725\" data-end=\"741\">Applications<\/strong> : id\u00e9al pour les circuits d\u2019aspiration, de retour et de refoulement dans les syst\u00e8mes hydrauliques mobiles et industriels.<\/li>\n<\/ul>\n<table width=\"1036\">\n<tbody>\n<tr>\n<td width=\"83\">Code<\/td>\n<td width=\"335\">Description<\/td>\n<td width=\"83\">DN<\/td>\n<td width=\"83\">Pouce<\/td>\n<td width=\"172\">Diametre Interieur (mm)<\/td>\n<td width=\"174\">Diametre Exterieur (mm)<\/td>\n<td width=\"106\">Pression (bar)<\/td>\n<\/tr>\n<tr>\n<td>01.1.04.016<\/td>\n<td>TUYAU SAE R4 &#8211; A&amp;R &#8211; &#8211; DN25 &#8211; 1 &#8211;\u00a0\u00a0 WP1.7 MPA<\/td>\n<td>16<\/td>\n<td>1&Prime;<\/td>\n<td>25,4<\/td>\n<td>36<\/td>\n<td>170<\/td>\n<\/tr>\n<tr>\n<td>01.1.04.019<\/td>\n<td>TUYAU SAE R4 &#8211; A&amp;R &#8211; &#8211; DN19 &#8211; 3\/4 &#8211;\u00a0\u00a0 WP2.1 MPA<\/td>\n<td>12<\/td>\n<td>3\/4&Prime;<\/td>\n<td>19<\/td>\n<td>30<\/td>\n<td>210<\/td>\n<\/tr>\n<tr>\n<td>01.1.04.020<\/td>\n<td>TUYAU SAE R4 &#8211; A&amp;R &#8211; &#8211; DN32 &#8211; 1.1\/4 &#8211;\u00a0\u00a0 WP1.4 MPA<\/td>\n<td>20<\/td>\n<td>1.1\/4&Prime;<\/td>\n<td>31,8<\/td>\n<td>43,0<\/td>\n<td>140<\/td>\n<\/tr>\n<tr>\n<td>01.1.04.024<\/td>\n<td>TUYAU SAE R4 &#8211; A&amp;R &#8211; &#8211; DN38 &#8211; 1.1\/2 &#8211;\u00a0\u00a0 WP1.05 MPA<\/td>\n<td>24<\/td>\n<td>1.1\/2&Prime;<\/td>\n<td>38,1<\/td>\n<td>49<\/td>\n<td>105<\/td>\n<\/tr>\n<tr>\n<td>01.1.04.032<\/td>\n<td>TUYAU SAE R4 &#8211; A&amp;R &#8211; &#8211; DN51 &#8211; 2 &#8211;\u00a0\u00a0 WP0.7 MPA<\/td>\n<td>32<\/td>\n<td>2&Prime;<\/td>\n<td>50,8<\/td>\n<td>62<\/td>\n<td>70<\/td>\n<\/tr>\n<tr>\n<td>01.1.04.065<\/td>\n<td>TUYAU SAE R4 &#8211; A&amp;R &#8211; &#8211; DN63 &#8211; 2.1\/2 &#8211;\u00a0\u00a0 WP0.4 MPA<\/td>\n<td>40<\/td>\n<td>2.1\/2&Prime;<\/td>\n<td>63,5<\/td>\n<td>76<\/td>\n<td>40<\/td>\n<\/tr>\n<tr>\n<td>01.1.04.076<\/td>\n<td>TUYAU SAE R4 &#8211; A&amp;R &#8211; &#8211; DN75 &#8211; 3 &#8211;\u00a0\u00a0 WP0.4 MPA<\/td>\n<td>48<\/td>\n<td>3&Prime;<\/td>\n<td>76,2<\/td>\n<td>89<\/td>\n<td>40<\/td>\n<\/tr>\n<tr>\n<td>01.1.04.090<\/td>\n<td>TUYAU SAE R4 &#8211; A&amp;R &#8211; &#8211; DN90\u00b0 &#8211; 3.1\/2 &#8211;\u00a0\u00a0 WP0.3 MPA<\/td>\n<td>56<\/td>\n<td>3.1\/2&Prime;<\/td>\n<td>88,9<\/td>\n<td>104<\/td>\n<td>30<\/td>\n<\/tr>\n<tr>\n<td>01.1.04.100<\/td>\n<td>TUYAU SAE R4 &#8211; A&amp;R &#8211; &#8211; DN100 &#8211; 4 &#8211;\u00a0\u00a0 WP0.25 MPA<\/td>\n<td>64<\/td>\n<td>4&Prime;<\/td>\n<td>101,6<\/td>\n<td>116<\/td>\n<td>25<\/td>\n<\/tr>\n<\/tbody>\n<\/table>\n","protected":false},"excerpt":{"rendered":"<article class=\"text-token-text-primary w-full focus:outline-none [--shadow-height:45px] has-data-writing-block:pointer-events-none has-data-writing-block:-mt-(--shadow-height) has-data-writing-block:pt-(--shadow-height) [&amp;:has([data-writing-block])&gt;*]:pointer-events-auto scroll-mt-[calc(var(--header-height)+min(200px,max(70px,20svh)))]\" dir=\"auto\" data-turn-id=\"request-WEB:04243757-1a80-48f3-8213-9d03c5bd4e58-5\" data-testid=\"conversation-turn-12\" data-scroll-anchor=\"true\" data-turn=\"assistant\">\n<div class=\"text-base my-auto mx-auto pb-10 [--thread-content-margin:--spacing(4)] thread-sm:[--thread-content-margin:--spacing(6)] thread-lg:[--thread-content-margin:--spacing(16)] px-(--thread-content-margin)\">\n<div class=\"[--thread-content-max-width:40rem] thread-lg:[--thread-content-max-width:48rem] mx-auto max-w-(--thread-content-max-width) flex-1 group\/turn-messages focus-visible:outline-hidden relative flex w-full min-w-0 flex-col agent-turn\">\n<div class=\"flex max-w-full flex-col grow\">\n<div class=\"min-h-8 text-message relative flex w-full flex-col items-end gap-2 text-start break-words whitespace-normal [.text-message+&amp;]:mt-1\" dir=\"auto\" data-message-author-role=\"assistant\" data-message-id=\"3dfa0d91-db4e-4047-953c-a32449fa0e0f\" data-message-model-slug=\"gpt-5\">\n<div class=\"flex w-full flex-col gap-1 empty:hidden first:pt-[1px]\">\n<div class=\"markdown prose dark:prose-invert w-full break-words light markdown-new-styling\">\n<p data-start=\"0\" data-end=\"258\" data-is-last-node=\"\" data-is-only-node=\"\">Tuyau hydraulique d\u2019aspiration et de retour conforme \u00e0 la norme <strong data-start=\"91\" data-end=\"115\">SAE 100R4 (SAE J517)<\/strong>, con\u00e7u pour le transfert de fluides hydrauliques \u00e0 base de p\u00e9trole. Flexible, robuste et r\u00e9sistant \u00e0 l\u2019huile, aux intemp\u00e9ries et \u00e0 l\u2019abrasion.<\/p>\n<\/div>\n<\/div>\n<\/div>\n<\/div>\n<div class=\"z-0 flex min-h-[46px] justify-start\"><\/div>\n<div class=\"mt-3 w-full empty:hidden\">\n<div class=\"text-center\"><\/div>\n<\/div>\n<\/div>\n<\/div>\n<\/article>\n<div class=\"pointer-events-none h-px w-px\" aria-hidden=\"true\" data-edge=\"true\"><\/div>\n","protected":false},"featured_media":374,"comment_status":"open","ping_status":"closed","template":"","meta":[],"product_brand":[],"product_cat":[44],"product_tag":[],"class_list":{"0":"post-373","1":"product","2":"type-product","3":"status-publish","4":"has-post-thumbnail","6":"product_cat-flexibles-hydrauliques","8":"first","9":"instock","10":"shipping-taxable","11":"product-type-simple"},"_links":{"self":[{"href":"https:\/\/click.ma\/soraflex\/wp-json\/wp\/v2\/product\/373","targetHints":{"allow":["GET"]}}],"collection":[{"href":"https:\/\/click.ma\/soraflex\/wp-json\/wp\/v2\/product"}],"about":[{"href":"https:\/\/click.ma\/soraflex\/wp-json\/wp\/v2\/types\/product"}],"replies":[{"embeddable":true,"href":"https:\/\/click.ma\/soraflex\/wp-json\/wp\/v2\/comments?post=373"}],"wp:featuredmedia":[{"embeddable":true,"href":"https:\/\/click.ma\/soraflex\/wp-json\/wp\/v2\/media\/374"}],"wp:attachment":[{"href":"https:\/\/click.ma\/soraflex\/wp-json\/wp\/v2\/media?parent=373"}],"wp:term":[{"taxonomy":"product_brand","embeddable":true,"href":"https:\/\/click.ma\/soraflex\/wp-json\/wp\/v2\/product_brand?post=373"},{"taxonomy":"product_cat","embeddable":true,"href":"https:\/\/click.ma\/soraflex\/wp-json\/wp\/v2\/product_cat?post=373"},{"taxonomy":"product_tag","embeddable":true,"href":"https:\/\/click.ma\/soraflex\/wp-json\/wp\/v2\/product_tag?post=373"}],"curies":[{"name":"wp","href":"https:\/\/api.w.org\/{rel}","templated":true}]}}