{"id":370,"date":"2025-10-11T09:36:33","date_gmt":"2025-10-11T09:36:33","guid":{"rendered":"https:\/\/click.ma\/soraflex\/?post_type=product&#038;p=370"},"modified":"2025-10-11T10:14:17","modified_gmt":"2025-10-11T10:14:17","slug":"tuyau-hydraulique-r2","status":"publish","type":"product","link":"https:\/\/click.ma\/soraflex\/p\/tuyau-hydraulique-r2\/","title":{"rendered":"Tuyau Hydraulique R2"},"content":{"rendered":"<p data-start=\"0\" data-end=\"106\">Ce tuyau hydraulique haute pression est conforme aux normes <strong data-start=\"60\" data-end=\"103\">DIN EN 853 2SN \/ SAE 100R2AT \/ ISO 1436<\/strong>.<\/p>\n<ul>\n<li data-start=\"108\" data-end=\"202\"><strong data-start=\"108\" data-end=\"126\">Tube int\u00e9rieur<\/strong> : caoutchouc synth\u00e9tique sans soudure, r\u00e9sistant aux huiles hydrauliques.<\/li>\n<li data-start=\"108\" data-end=\"202\"><strong data-start=\"204\" data-end=\"220\">Renforcement<\/strong> : deux tresses en fil d\u2019acier haute r\u00e9sistance assurant une excellente tenue \u00e0 la pression.<\/li>\n<li data-start=\"108\" data-end=\"202\"><strong data-start=\"316\" data-end=\"336\">Gaine ext\u00e9rieure<\/strong> : caoutchouc synth\u00e9tique noir, r\u00e9sistant \u00e0 l\u2019huile, aux intemp\u00e9ries et \u00e0 l\u2019abrasion, assurant une longue dur\u00e9e de vie.<\/li>\n<li data-start=\"108\" data-end=\"202\"><strong data-start=\"459\" data-end=\"482\">Facteur de s\u00e9curit\u00e9<\/strong> : 4:1.<\/li>\n<li data-start=\"108\" data-end=\"202\"><strong data-start=\"493\" data-end=\"514\">Fluide compatible<\/strong> : fluides hydrauliques \u00e0 base de p\u00e9trole.<\/li>\n<li data-start=\"108\" data-end=\"202\"><strong data-start=\"560\" data-end=\"586\">Temp\u00e9rature de service<\/strong> : de -40\u00b0C \u00e0 +100\u00b0C, avec des pointes possibles jusqu\u2019\u00e0 +120\u00b0C en service intermittent.<\/li>\n<li data-start=\"108\" data-end=\"202\"><strong data-start=\"678\" data-end=\"694\">Applications<\/strong> : id\u00e9al pour les syst\u00e8mes hydrauliques mobiles et industriels n\u00e9cessitant une grande r\u00e9sistance \u00e0 la pression, une bonne flexibilit\u00e9 et une durabilit\u00e9 \u00e9lev\u00e9e.<\/li>\n<\/ul>\n<table width=\"1033\">\n<tbody>\n<tr>\n<td width=\"83\">Code<\/td>\n<td width=\"332\">Description<\/td>\n<td width=\"83\">DN<\/td>\n<td width=\"83\">Pouce<\/td>\n<td width=\"172\">Diametre Interieur (mm)<\/td>\n<td width=\"174\">Diametre Exterieur (mm)<\/td>\n<td width=\"106\">Pression (bar)<\/td>\n<\/tr>\n<tr>\n<td>01.1.02.03<\/td>\n<td>TUYAU DIN EN 853 &#8211; 2SN &#8211; DN5 &#8211; 3\/16 &#8211; WP 41.5 MPA<\/td>\n<td>DN5<\/td>\n<td>3\/16&Prime;<\/td>\n<td>4,8<\/td>\n<td>13,4<\/td>\n<td>415<\/td>\n<\/tr>\n<tr>\n<td>01.1.02.04<\/td>\n<td>TUYAU DIN EN 853 &#8211; 2SN &#8211; DN6 &#8211; 1\/4 &#8211;\u00a0 WP 40 MPA<\/td>\n<td>DN6<\/td>\n<td>1\/4&Prime;<\/td>\n<td>6,3<\/td>\n<td>14,7<\/td>\n<td>400<\/td>\n<\/tr>\n<tr>\n<td>01.1.02.05<\/td>\n<td>TUYAU DIN EN\u00a0853 &#8211; 2SN &#8211; DN8 &#8211; 5\/16 &#8211;\u00a0 WP 35 MPA<\/td>\n<td>DN8<\/td>\n<td>5\/16&Prime;<\/td>\n<td>8,0<\/td>\n<td>16,5<\/td>\n<td>350<\/td>\n<\/tr>\n<tr>\n<td>01.1.02.06<\/td>\n<td>TUYAU DIN EN 853 &#8211; 2SN &#8211; DN10 &#8211; 3\/8 &#8211;\u00a0 WP 33 MPA<\/td>\n<td>DN10<\/td>\n<td>3\/8&Prime;<\/td>\n<td>9,5<\/td>\n<td>18,7<\/td>\n<td>330<\/td>\n<\/tr>\n<tr>\n<td>01.1.02.08<\/td>\n<td>TUYAU DIN EN\u00a0853 &#8211; 2SN &#8211; DN12 &#8211; 1\/2 &#8211;\u00a0 WP 27.6 MPA<\/td>\n<td>DN12<\/td>\n<td>1\/2&Prime;<\/td>\n<td>12,7<\/td>\n<td>21,9<\/td>\n<td>275<\/td>\n<\/tr>\n<tr>\n<td>01.1.02.10<\/td>\n<td>TUYAU DIN EN 853 &#8211; 2SN &#8211; DN16 &#8211; 5\/8 &#8211;\u00a0 WP 25 MPA<\/td>\n<td>DN16<\/td>\n<td>5\/8&Prime;<\/td>\n<td>16,0<\/td>\n<td>25,3<\/td>\n<td>250<\/td>\n<\/tr>\n<tr>\n<td>01.1.02.12<\/td>\n<td>TUYAU DIN EN\u00a0853 &#8211; 2SN &#8211; DN19 &#8211; 3\/4 &#8211;\u00a0 WP 21.5 MPA<\/td>\n<td>DN19<\/td>\n<td>3\/4&Prime;<\/td>\n<td>19,0<\/td>\n<td>29,3<\/td>\n<td>215<\/td>\n<\/tr>\n<tr>\n<td>01.1.02.16<\/td>\n<td>TUYAU DIN EN\u00a0853 &#8211; 2SN &#8211; DN25 &#8211; 1 &#8211;\u00a0 WP 16.5 MPA<\/td>\n<td>DN25<\/td>\n<td>1&Prime;<\/td>\n<td>25,4<\/td>\n<td>37,9<\/td>\n<td>165<\/td>\n<\/tr>\n<tr>\n<td>01.1.02.20<\/td>\n<td>TUYAU\u00a0DIN EN 853 &#8211; 2SN &#8211; DN31 &#8211; 1.1\/4 &#8211; WP 12.5 MPA<\/td>\n<td>DN31<\/td>\n<td>1.1\/4&Prime;<\/td>\n<td>32,0<\/td>\n<td>47,5<\/td>\n<td>125<\/td>\n<\/tr>\n<tr>\n<td>01.1.02.24<\/td>\n<td>TUYAU\u00a0 DIN EN 853 &#8211; 2SN &#8211; DN38 &#8211; 1.1\/2 &#8211; WP 9 MPA<\/td>\n<td>DN38<\/td>\n<td>1.1\/2&Prime;<\/td>\n<td>38,0<\/td>\n<td>54,6<\/td>\n<td>90<\/td>\n<\/tr>\n<tr>\n<td>01.1.02.32<\/td>\n<td>TUYAU\u00a0DIN EN 853 &#8211; 2SN &#8211; DN51\u00a0&#8211; 2 &#8211; WP 8 MPA<\/td>\n<td>DN51<\/td>\n<td>2&Prime;<\/td>\n<td>50,8<\/td>\n<td>67,4<\/td>\n<td>80<\/td>\n<\/tr>\n<\/tbody>\n<\/table>\n","protected":false},"excerpt":{"rendered":"<p data-start=\"58\" data-end=\"231\">Tuyau hydraulique haute pression conforme aux normes DIN EN 853 2SN \/ SAE 100R2AT \/ ISO 1436, id\u00e9al pour les circuits hydrauliques exigeants.<\/p>\n<p data-start=\"233\" data-end=\"690\" data-is-last-node=\"\" data-is-only-node=\"\">\n","protected":false},"featured_media":371,"comment_status":"open","ping_status":"closed","template":"","meta":[],"product_brand":[],"product_cat":[44],"product_tag":[],"class_list":{"0":"post-370","1":"product","2":"type-product","3":"status-publish","4":"has-post-thumbnail","6":"product_cat-flexibles-hydrauliques","8":"first","9":"instock","10":"shipping-taxable","11":"product-type-simple"},"_links":{"self":[{"href":"https:\/\/click.ma\/soraflex\/wp-json\/wp\/v2\/product\/370","targetHints":{"allow":["GET"]}}],"collection":[{"href":"https:\/\/click.ma\/soraflex\/wp-json\/wp\/v2\/product"}],"about":[{"href":"https:\/\/click.ma\/soraflex\/wp-json\/wp\/v2\/types\/product"}],"replies":[{"embeddable":true,"href":"https:\/\/click.ma\/soraflex\/wp-json\/wp\/v2\/comments?post=370"}],"wp:featuredmedia":[{"embeddable":true,"href":"https:\/\/click.ma\/soraflex\/wp-json\/wp\/v2\/media\/371"}],"wp:attachment":[{"href":"https:\/\/click.ma\/soraflex\/wp-json\/wp\/v2\/media?parent=370"}],"wp:term":[{"taxonomy":"product_brand","embeddable":true,"href":"https:\/\/click.ma\/soraflex\/wp-json\/wp\/v2\/product_brand?post=370"},{"taxonomy":"product_cat","embeddable":true,"href":"https:\/\/click.ma\/soraflex\/wp-json\/wp\/v2\/product_cat?post=370"},{"taxonomy":"product_tag","embeddable":true,"href":"https:\/\/click.ma\/soraflex\/wp-json\/wp\/v2\/product_tag?post=370"}],"curies":[{"name":"wp","href":"https:\/\/api.w.org\/{rel}","templated":true}]}}