{"id":327,"date":"2025-10-09T18:26:24","date_gmt":"2025-10-09T18:26:24","guid":{"rendered":"https:\/\/click.ma\/soraflex\/?post_type=product&#038;p=327"},"modified":"2025-10-11T08:42:13","modified_gmt":"2025-10-11T08:42:13","slug":"tuyau-hydraulique-r1","status":"publish","type":"product","link":"https:\/\/click.ma\/soraflex\/p\/tuyau-hydraulique-r1\/","title":{"rendered":"Tuyau Hydraulique R1"},"content":{"rendered":"<p data-start=\"447\" data-end=\"542\">Ce tuyau hydraulique haute pression est conforme aux normes <strong data-start=\"507\" data-end=\"539\">DIN EN 853 1SN \/ SAE 100R1AT<\/strong>.<\/p>\n<ul data-start=\"543\" data-end=\"1116\">\n<li data-start=\"543\" data-end=\"639\">\n<p data-start=\"545\" data-end=\"639\"><strong data-start=\"545\" data-end=\"565\">Tube int\u00e9rieur :<\/strong> caoutchouc synth\u00e9tique sans soudure, r\u00e9sistant aux huiles hydrauliques.<\/p>\n<\/li>\n<li data-start=\"640\" data-end=\"750\">\n<p data-start=\"642\" data-end=\"750\"><strong data-start=\"642\" data-end=\"660\">Renforcement :<\/strong> une tresse en fil d\u2019acier haute r\u00e9sistance assurant une excellente tenue \u00e0 la pression.<\/p>\n<\/li>\n<li data-start=\"751\" data-end=\"886\">\n<p data-start=\"753\" data-end=\"886\"><strong data-start=\"753\" data-end=\"775\">Gaine ext\u00e9rieure :<\/strong> caoutchouc synth\u00e9tique noir, r\u00e9sistant \u00e0 l\u2019huile, aux intemp\u00e9ries et \u00e0 l\u2019abrasion, homologu\u00e9e <strong data-start=\"870\" data-end=\"883\">U.S. MSHA<\/strong>.<\/p>\n<\/li>\n<li data-start=\"887\" data-end=\"921\">\n<p data-start=\"889\" data-end=\"921\"><strong data-start=\"889\" data-end=\"914\">Facteur de s\u00e9curit\u00e9 :<\/strong> 4:1.<\/p>\n<\/li>\n<li data-start=\"922\" data-end=\"989\">\n<p data-start=\"924\" data-end=\"989\"><strong data-start=\"924\" data-end=\"947\">Fluide compatible :<\/strong> fluides hydrauliques \u00e0 base de p\u00e9trole.<\/p>\n<\/li>\n<li data-start=\"990\" data-end=\"1116\">\n<p data-start=\"992\" data-end=\"1116\"><strong data-start=\"992\" data-end=\"1020\">Temp\u00e9rature de service :<\/strong> de <strong data-start=\"1024\" data-end=\"1042\">-40\u00b0C \u00e0 +100\u00b0C<\/strong>, avec des pointes possibles jusqu\u2019\u00e0 <strong data-start=\"1079\" data-end=\"1089\">+120\u00b0C<\/strong> en service intermittent.<\/p>\n<\/li>\n<\/ul>\n<p data-start=\"1118\" data-end=\"1259\">Id\u00e9al pour les applications hydrauliques mobiles et industrielles n\u00e9cessitant durabilit\u00e9, flexibilit\u00e9 et r\u00e9sistance \u00e0 des conditions s\u00e9v\u00e8res.<\/p>\n<table dir=\"ltr\" border=\"1\" cellspacing=\"0\" cellpadding=\"0\" data-sheets-root=\"1\" data-sheets-baot=\"1\">\n<colgroup>\n<col width=\"74\" \/>\n<col width=\"302\" \/>\n<col width=\"74\" \/>\n<col width=\"74\" \/>\n<col width=\"157\" \/>\n<col width=\"159\" \/>\n<col width=\"96\" \/><\/colgroup>\n<tbody>\n<tr>\n<td>Code<\/td>\n<td>Description<\/td>\n<td>DN<\/td>\n<td>Pouce<\/td>\n<td>Diametre Interieur (mm)<\/td>\n<td>Diametre Exterieur (mm)<\/td>\n<td>Pression (bar)<\/td>\n<\/tr>\n<tr>\n<td>01.1.01.03<\/td>\n<td>TUYAU\u00a0 1SN &#8211; DN5 \/ SAER1AT\u00a0 3\/16 &#8211; WP 25 MPA<\/td>\n<td>DN5<\/td>\n<td>3\/16&Prime;<\/td>\n<td>4.8<\/td>\n<td>11.4<\/td>\n<td>250<\/td>\n<\/tr>\n<tr>\n<td>01.1.01.04<\/td>\n<td>TUYAU\u00a0 1SN &#8211; DN6 \/ SAER1AT\u00a0 1\/4 &#8211; WP 22.5 MPA<\/td>\n<td>DN6<\/td>\n<td>1\/4&Prime;<\/td>\n<td>6.3<\/td>\n<td>13.0<\/td>\n<td>225<\/td>\n<\/tr>\n<tr>\n<td>01.1.01.05<\/td>\n<td>TUYAU\u00a0 1SN &#8211; DN8 \/ SAER1AT\u00a0 5\/16 &#8211; WP 21.5 MPA<\/td>\n<td>DN8<\/td>\n<td>5\/16&Prime;<\/td>\n<td>8.0<\/td>\n<td>14.7<\/td>\n<td>215<\/td>\n<\/tr>\n<tr>\n<td>01.1.01.06<\/td>\n<td>TUYAU\u00a0 1SN &#8211; DN10 \/ SAER1AT\u00a0 3\/8 &#8211; WP 18 MPA<\/td>\n<td>DN10<\/td>\n<td>3\/8&Prime;<\/td>\n<td>9.5<\/td>\n<td>17.2<\/td>\n<td>180<\/td>\n<\/tr>\n<tr>\n<td>01.1.01.08<\/td>\n<td>TUYAU\u00a0 1SN &#8211; DN12 \/ SAER1AT\u00a0 1\/2 &#8211; WP 16 MPA<\/td>\n<td>DN12<\/td>\n<td>1\/2&Prime;<\/td>\n<td>12.7<\/td>\n<td>20.5<\/td>\n<td>160<\/td>\n<\/tr>\n<tr>\n<td>01.1.01.10<\/td>\n<td>TUYAU\u00a0 1SN &#8211; DN16 \/ SAER1AT\u00a0 5\/8 &#8211; WP 13 MPA<\/td>\n<td>DN16<\/td>\n<td>5\/8&Prime;<\/td>\n<td>16.0<\/td>\n<td>23.8<\/td>\n<td>130<\/td>\n<\/tr>\n<tr>\n<td>01.1.01.12<\/td>\n<td>TUYAU\u00a0 1SN &#8211; DN19 \/ SAER1AT\u00a0 3\/4 &#8211; WP 10.5 MPA<\/td>\n<td>DN19<\/td>\n<td>3\/4&Prime;<\/td>\n<td>19.0<\/td>\n<td>27.8<\/td>\n<td>105<\/td>\n<\/tr>\n<tr>\n<td>01.1.01.16<\/td>\n<td>TUYAU\u00a0 1SN &#8211; DN25 \/ SAER1AT\u00a0 1 &#8211; WP 8.8 MPA<\/td>\n<td>DN25<\/td>\n<td>1&Prime;<\/td>\n<td>25.4<\/td>\n<td>35.9<\/td>\n<td>88<\/td>\n<\/tr>\n<tr>\n<td>01.1.01.20<\/td>\n<td>TUYAU\u00a0 1SN &#8211; DN31 \/ SAER1AT\u00a0 1.1\/4 &#8211; WP 6.3 MPA<\/td>\n<td>DN31<\/td>\n<td>1.1\/4&Prime;<\/td>\n<td>32.0<\/td>\n<td>44.0<\/td>\n<td>63<\/td>\n<\/tr>\n<tr>\n<td>01.1.01.24<\/td>\n<td>TUYAU\u00a0 1SN &#8211; DN38 \/ SAER1AT\u00a0 1.1\/2 &#8211; WP 5 MPA<\/td>\n<td>DN38<\/td>\n<td>1.1\/2&Prime;<\/td>\n<td>38.0<\/td>\n<td>50.8<\/td>\n<td>50<\/td>\n<\/tr>\n<tr>\n<td>01.1.01.32<\/td>\n<td>TUYAU\u00a0 1SN &#8211; DN51 \/ SAER1AT\u00a0 2 &#8211; WP 4 MPA<\/td>\n<td>DN51<\/td>\n<td>2&Prime;<\/td>\n<td>50.8<\/td>\n<td>64.3<\/td>\n<td>40<\/td>\n<\/tr>\n<tr>\n<td>01.1.01.40<\/td>\n<td>TUYAU\u00a0 1SN &#8211; DN63 \/ SAER1AT\u00a0 2.1\/2 &#8211; WP 3 MPA<\/td>\n<td>DN63<\/td>\n<td>2.1\/2&Prime;<\/td>\n<td>63.5<\/td>\n<td>75.0<\/td>\n<td>45<\/td>\n<\/tr>\n<\/tbody>\n<\/table>\n<p data-start=\"1118\" data-end=\"1259\">\n","protected":false},"excerpt":{"rendered":"<p>Tuyau hydraulique robuste \u00e0 une tresse m\u00e9tallique, con\u00e7u pour les syst\u00e8mes hydrauliques haute pression. R\u00e9sistant \u00e0 l\u2019huile, \u00e0 l\u2019abrasion et aux intemp\u00e9ries, il garantit fiabilit\u00e9 et performance dans les environnements exigeants.<\/p>\n","protected":false},"featured_media":368,"comment_status":"open","ping_status":"closed","template":"","meta":[],"product_brand":[],"product_cat":[44],"product_tag":[],"class_list":{"0":"post-327","1":"product","2":"type-product","3":"status-publish","4":"has-post-thumbnail","6":"product_cat-flexibles-hydrauliques","8":"first","9":"instock","10":"shipping-taxable","11":"product-type-simple"},"_links":{"self":[{"href":"https:\/\/click.ma\/soraflex\/wp-json\/wp\/v2\/product\/327","targetHints":{"allow":["GET"]}}],"collection":[{"href":"https:\/\/click.ma\/soraflex\/wp-json\/wp\/v2\/product"}],"about":[{"href":"https:\/\/click.ma\/soraflex\/wp-json\/wp\/v2\/types\/product"}],"replies":[{"embeddable":true,"href":"https:\/\/click.ma\/soraflex\/wp-json\/wp\/v2\/comments?post=327"}],"wp:featuredmedia":[{"embeddable":true,"href":"https:\/\/click.ma\/soraflex\/wp-json\/wp\/v2\/media\/368"}],"wp:attachment":[{"href":"https:\/\/click.ma\/soraflex\/wp-json\/wp\/v2\/media?parent=327"}],"wp:term":[{"taxonomy":"product_brand","embeddable":true,"href":"https:\/\/click.ma\/soraflex\/wp-json\/wp\/v2\/product_brand?post=327"},{"taxonomy":"product_cat","embeddable":true,"href":"https:\/\/click.ma\/soraflex\/wp-json\/wp\/v2\/product_cat?post=327"},{"taxonomy":"product_tag","embeddable":true,"href":"https:\/\/click.ma\/soraflex\/wp-json\/wp\/v2\/product_tag?post=327"}],"curies":[{"name":"wp","href":"https:\/\/api.w.org\/{rel}","templated":true}]}}