{"id":79,"date":"2024-11-17T11:24:01","date_gmt":"2024-11-17T11:24:01","guid":{"rendered":"https:\/\/click.ma\/soraflex\/?page_id=79"},"modified":"2025-10-22T13:50:44","modified_gmt":"2025-10-22T13:50:44","slug":"nos-services","status":"publish","type":"page","link":"https:\/\/click.ma\/soraflex\/nos-services\/","title":{"rendered":"Nos Services"},"content":{"rendered":"<div class=\"wpb-content-wrapper\"><p>[vc_row content_placement=\u00a0\u00bbmiddle\u00a0\u00bb woodmart_stretch_content=\u00a0\u00bbsection-stretch\u00a0\u00bb woodmart_css_id=\u00a0\u00bb68e8153b8c18f\u00a0\u00bb responsive_spacing=\u00a0\u00bbeyJwYXJhbV90eXBlIjoid29vZG1hcnRfcmVzcG9uc2l2ZV9zcGFjaW5nIiwic2VsZWN0b3JfaWQiOiI2OGU4MTUzYjhjMThmIiwic2hvcnRjb2RlIjoidmNfcm93IiwiZGF0YSI6eyJ0YWJsZXQiOnt9LCJtb2JpbGUiOnt9fX0=\u00a0\u00bb mobile_bg_img_hidden=\u00a0\u00bbno\u00a0\u00bb tablet_bg_img_hidden=\u00a0\u00bbno\u00a0\u00bb woodmart_parallax=\u00a0\u00bb0&Prime; woodmart_gradient_switch=\u00a0\u00bbno\u00a0\u00bb woodmart_box_shadow=\u00a0\u00bbno\u00a0\u00bb wd_z_index=\u00a0\u00bbno\u00a0\u00bb woodmart_disable_overflow=\u00a0\u00bb0&Prime; row_reverse_mobile=\u00a0\u00bb0&Prime; row_reverse_tablet=\u00a0\u00bb0&Prime; el_id=\u00a0\u00bbinfo-solution\u00a0\u00bb][vc_column]\n\t\t<div id=\"wd-68f8b3445642c\" class=\"title-wrapper wd-wpb wd-set-mb reset-last-child  wd-rs-68f8b3445642c wd-title-color-default wd-title-style-default text-center  wd-width-enabled wd-title-empty wd-underline-colored\" style=\"--wd-max-width: 80%;\">\n\t\t\t\n\t\t\t<div class=\"liner-continer\">\n\t\t\t\t<h2 class=\"woodmart-title-container title  wd-font-weight- wd-fontsize-xl\" ><\/h2>\n\t\t\t\t\t\t\t<\/div>\n\t\t\t\n\t\t\t\t\t\t\t<div class=\"title-after_title reset-last-child  wd-fontsize-s\">Chez Soraflex, nous mettons \u00e0 votre disposition une expertise reconnue dans le domaine de l\u2019hydraulique et du pneumatique. Gr\u00e2ce \u00e0 notre atelier \u00e9quip\u00e9, nos techniciens qualifi\u00e9s et nos partenariats avec des marques de r\u00e9f\u00e9rence, nous vous proposons des solutions sur mesure pour optimiser la performance et la fiabilit\u00e9 de vos installations industrielles.<\/div>\n\t\t\t\n\t\t\t\n\t\t<\/div>\n\t\t\n\t\t[vc_row_inner gap=\u00a0\u00bb15&Prime; css=\u00a0\u00bb.vc_custom_1760043383898{margin-top: 30px !important;}\u00a0\u00bb woodmart_css_id=\u00a0\u00bb68e8216f4fdca\u00a0\u00bb responsive_spacing=\u00a0\u00bbeyJwYXJhbV90eXBlIjoid29vZG1hcnRfcmVzcG9uc2l2ZV9zcGFjaW5nIiwic2VsZWN0b3JfaWQiOiI2OGU4MjE2ZjRmZGNhIiwic2hvcnRjb2RlIjoidmNfcm93X2lubmVyIiwiZGF0YSI6eyJ0YWJsZXQiOnt9LCJtb2JpbGUiOnt9fX0=\u00a0\u00bb mobile_bg_img_hidden=\u00a0\u00bbno\u00a0\u00bb tablet_bg_img_hidden=\u00a0\u00bbno\u00a0\u00bb woodmart_parallax=\u00a0\u00bb0&Prime; woodmart_gradient_switch=\u00a0\u00bbno\u00a0\u00bb woodmart_box_shadow=\u00a0\u00bbno\u00a0\u00bb wd_z_index=\u00a0\u00bbno\u00a0\u00bb woodmart_disable_overflow=\u00a0\u00bb0&Prime; row_reverse_mobile=\u00a0\u00bb0&Prime; row_reverse_tablet=\u00a0\u00bb0&Prime;][vc_column_inner width=\u00a0\u00bb1\/3&Prime;]\t\t\t<div class=\"info-box-wrapper\">\n\t\t\t\t<div id=\"wd-68f8e080e58c8\" class=\" wd-rs-68f8e080e58c8 wd-info-box wd-wpb text-left box-icon-align-top box-style- color-scheme- wd-bg-none \">\n\t\t\t\t\t\t\t\t\t\t\t<div class=\"box-icon-wrapper  box-with-icon box-icon-simple\">\n\t\t\t\t\t\t\t<div class=\"info-box-icon\">\n\n\t\t\t\t\t\t\t\n\t\t\t\t\t\t\t\t\t\t\t\t\t\t\t\t\t<img loading=\"lazy\" decoding=\"async\" width=\"996\" height=\"664\" src=\"https:\/\/click.ma\/soraflex\/wp-content\/uploads\/2025\/10\/Etude-et-Conseil-Technique.jpg\" class=\"attachment-full size-full\" alt=\"\" srcset=\"https:\/\/click.ma\/soraflex\/wp-content\/uploads\/2025\/10\/Etude-et-Conseil-Technique.jpg 996w, https:\/\/click.ma\/soraflex\/wp-content\/uploads\/2025\/10\/Etude-et-Conseil-Technique-300x200.jpg 300w, https:\/\/click.ma\/soraflex\/wp-content\/uploads\/2025\/10\/Etude-et-Conseil-Technique-768x512.jpg 768w, https:\/\/click.ma\/soraflex\/wp-content\/uploads\/2025\/10\/Etude-et-Conseil-Technique-600x400.jpg 600w, https:\/\/click.ma\/soraflex\/wp-content\/uploads\/2025\/10\/Etude-et-Conseil-Technique-150x100.jpg 150w\" sizes=\"auto, (max-width: 996px) 100vw, 996px\" \/>\t\t\t\t\t\t\t\t\t\t\t\t\t\t\t\n\t\t\t\t\t\t\t<\/div>\n\t\t\t\t\t\t<\/div>\n\t\t\t\t\t\t\t\t\t\t<div class=\"info-box-content\">\n\t\t\t\t\t\t<h4 class=\"info-box-title title box-title-style-default wd-fontsize-m\">\u00c9tude et Conseil Technique<\/h4>\t\t\t\t\t\t<div class=\"info-box-inner reset-last-child\"><\/div>\n\n\t\t\t\t\t\t\t\t\t\t\t<\/div>\n\n\t\t\t\t\t\t\t\t\t\t\t<a class=\"wd-info-box-link wd-fill\" aria-label=\"Lien infobox\" href=\"https:\/\/click.ma\/soraflex\/etude-et-conseil-technique\/\" title=\"\u00c9tude et Conseil Technique\"><\/a>\n\t\t\t\t\t\n\t\t\t\t\t\t\t\t\t<\/div>\n\t\t\t<\/div>\n\t\t[\/vc_column_inner][vc_column_inner width=\u00a0\u00bb1\/3&Prime;]\t\t\t<div class=\"info-box-wrapper\">\n\t\t\t\t<div id=\"wd-68f8e0924438d\" class=\" wd-rs-68f8e0924438d wd-info-box wd-wpb text-left box-icon-align-top box-style- color-scheme- wd-bg-none \">\n\t\t\t\t\t\t\t\t\t\t\t<div class=\"box-icon-wrapper  box-with-icon box-icon-simple\">\n\t\t\t\t\t\t\t<div class=\"info-box-icon\">\n\n\t\t\t\t\t\t\t\n\t\t\t\t\t\t\t\t\t\t\t\t\t\t\t\t\t<img loading=\"lazy\" decoding=\"async\" width=\"996\" height=\"664\" src=\"https:\/\/click.ma\/soraflex\/wp-content\/uploads\/2025\/09\/Solutions-Pneumatiques.jpg\" class=\"attachment-full size-full\" alt=\"\" srcset=\"https:\/\/click.ma\/soraflex\/wp-content\/uploads\/2025\/09\/Solutions-Pneumatiques.jpg 996w, https:\/\/click.ma\/soraflex\/wp-content\/uploads\/2025\/09\/Solutions-Pneumatiques-300x200.jpg 300w, https:\/\/click.ma\/soraflex\/wp-content\/uploads\/2025\/09\/Solutions-Pneumatiques-768x512.jpg 768w\" sizes=\"auto, (max-width: 996px) 100vw, 996px\" \/>\t\t\t\t\t\t\t\t\t\t\t\t\t\t\t\n\t\t\t\t\t\t\t<\/div>\n\t\t\t\t\t\t<\/div>\n\t\t\t\t\t\t\t\t\t\t<div class=\"info-box-content\">\n\t\t\t\t\t\t<h4 class=\"info-box-title title box-title-style-default wd-fontsize-m\">Services Pneumatiques sur Mesure<\/h4>\t\t\t\t\t\t<div class=\"info-box-inner reset-last-child\"><\/div>\n\n\t\t\t\t\t\t\t\t\t\t\t<\/div>\n\n\t\t\t\t\t\t\t\t\t\t\t<a class=\"wd-info-box-link wd-fill\" aria-label=\"Lien infobox\" href=\"https:\/\/click.ma\/soraflex\/services-pneumatiques-sur-mesure\/\" title=\"Services Pneumatiques sur Mesure\"><\/a>\n\t\t\t\t\t\n\t\t\t\t\t\t\t\t\t<\/div>\n\t\t\t<\/div>\n\t\t[\/vc_column_inner][vc_column_inner width=\u00a0\u00bb1\/3&Prime;]\t\t\t<div class=\"info-box-wrapper\">\n\t\t\t\t<div id=\"wd-68f8e0a30e37c\" class=\" wd-rs-68f8e0a30e37c wd-info-box wd-wpb text-left box-icon-align-top box-style- color-scheme- wd-bg-none \">\n\t\t\t\t\t\t\t\t\t\t\t<div class=\"box-icon-wrapper  box-with-icon box-icon-simple\">\n\t\t\t\t\t\t\t<div class=\"info-box-icon\">\n\n\t\t\t\t\t\t\t\n\t\t\t\t\t\t\t\t\t\t\t\t\t\t\t\t\t<img loading=\"lazy\" decoding=\"async\" width=\"996\" height=\"664\" src=\"https:\/\/click.ma\/soraflex\/wp-content\/uploads\/2025\/10\/Confection-et-Reparation-de-Verins.jpg\" class=\"attachment-full size-full\" alt=\"\" srcset=\"https:\/\/click.ma\/soraflex\/wp-content\/uploads\/2025\/10\/Confection-et-Reparation-de-Verins.jpg 996w, https:\/\/click.ma\/soraflex\/wp-content\/uploads\/2025\/10\/Confection-et-Reparation-de-Verins-300x200.jpg 300w, https:\/\/click.ma\/soraflex\/wp-content\/uploads\/2025\/10\/Confection-et-Reparation-de-Verins-768x512.jpg 768w, https:\/\/click.ma\/soraflex\/wp-content\/uploads\/2025\/10\/Confection-et-Reparation-de-Verins-600x400.jpg 600w, https:\/\/click.ma\/soraflex\/wp-content\/uploads\/2025\/10\/Confection-et-Reparation-de-Verins-150x100.jpg 150w\" sizes=\"auto, (max-width: 996px) 100vw, 996px\" \/>\t\t\t\t\t\t\t\t\t\t\t\t\t\t\t\n\t\t\t\t\t\t\t<\/div>\n\t\t\t\t\t\t<\/div>\n\t\t\t\t\t\t\t\t\t\t<div class=\"info-box-content\">\n\t\t\t\t\t\t<h4 class=\"info-box-title title box-title-style-default wd-fontsize-m\">Confection et R\u00e9paration de V\u00e9rins<\/h4>\t\t\t\t\t\t<div class=\"info-box-inner reset-last-child\"><\/div>\n\n\t\t\t\t\t\t\t\t\t\t\t<\/div>\n\n\t\t\t\t\t\t\t\t\t\t\t<a class=\"wd-info-box-link wd-fill\" aria-label=\"Lien infobox\" href=\"https:\/\/click.ma\/soraflex\/confection-et-reparation-de-verins\/\" title=\"Confection et R\u00e9paration de V\u00e9rins\"><\/a>\n\t\t\t\t\t\n\t\t\t\t\t\t\t\t\t<\/div>\n\t\t\t<\/div>\n\t\t[\/vc_column_inner][\/vc_row_inner][vc_row_inner gap=\u00a0\u00bb15&Prime; css=\u00a0\u00bb.vc_custom_1760043392892{margin-top: 30px !important;}\u00a0\u00bb woodmart_css_id=\u00a0\u00bb68e8217b2686a\u00a0\u00bb responsive_spacing=\u00a0\u00bbeyJwYXJhbV90eXBlIjoid29vZG1hcnRfcmVzcG9uc2l2ZV9zcGFjaW5nIiwic2VsZWN0b3JfaWQiOiI2OGU4MjE3YjI2ODZhIiwic2hvcnRjb2RlIjoidmNfcm93X2lubmVyIiwiZGF0YSI6eyJ0YWJsZXQiOnt9LCJtb2JpbGUiOnt9fX0=\u00a0\u00bb mobile_bg_img_hidden=\u00a0\u00bbno\u00a0\u00bb tablet_bg_img_hidden=\u00a0\u00bbno\u00a0\u00bb woodmart_parallax=\u00a0\u00bb0&Prime; woodmart_gradient_switch=\u00a0\u00bbno\u00a0\u00bb woodmart_box_shadow=\u00a0\u00bbno\u00a0\u00bb wd_z_index=\u00a0\u00bbno\u00a0\u00bb woodmart_disable_overflow=\u00a0\u00bb0&Prime; row_reverse_mobile=\u00a0\u00bb0&Prime; row_reverse_tablet=\u00a0\u00bb0&Prime;][vc_column_inner width=\u00a0\u00bb1\/3&Prime;]\t\t\t<div class=\"info-box-wrapper\">\n\t\t\t\t<div id=\"wd-68f8e0be481a0\" class=\" wd-rs-68f8e0be481a0 wd-info-box wd-wpb text-left box-icon-align-top box-style- color-scheme- wd-bg-none \">\n\t\t\t\t\t\t\t\t\t\t\t<div class=\"box-icon-wrapper  box-with-icon box-icon-simple\">\n\t\t\t\t\t\t\t<div class=\"info-box-icon\">\n\n\t\t\t\t\t\t\t\n\t\t\t\t\t\t\t\t\t\t\t\t\t\t\t\t\t<img loading=\"lazy\" decoding=\"async\" width=\"996\" height=\"664\" src=\"https:\/\/click.ma\/soraflex\/wp-content\/uploads\/2025\/10\/Confection-de-Centrales-Hydrauliques.jpg\" class=\"attachment-full size-full\" alt=\"\" srcset=\"https:\/\/click.ma\/soraflex\/wp-content\/uploads\/2025\/10\/Confection-de-Centrales-Hydrauliques.jpg 996w, https:\/\/click.ma\/soraflex\/wp-content\/uploads\/2025\/10\/Confection-de-Centrales-Hydrauliques-300x200.jpg 300w, https:\/\/click.ma\/soraflex\/wp-content\/uploads\/2025\/10\/Confection-de-Centrales-Hydrauliques-768x512.jpg 768w, https:\/\/click.ma\/soraflex\/wp-content\/uploads\/2025\/10\/Confection-de-Centrales-Hydrauliques-600x400.jpg 600w, https:\/\/click.ma\/soraflex\/wp-content\/uploads\/2025\/10\/Confection-de-Centrales-Hydrauliques-150x100.jpg 150w\" sizes=\"auto, (max-width: 996px) 100vw, 996px\" \/>\t\t\t\t\t\t\t\t\t\t\t\t\t\t\t\n\t\t\t\t\t\t\t<\/div>\n\t\t\t\t\t\t<\/div>\n\t\t\t\t\t\t\t\t\t\t<div class=\"info-box-content\">\n\t\t\t\t\t\t<h4 class=\"info-box-title title box-title-style-default wd-fontsize-m\">Confection de Centrales Hydrauliques<\/h4>\t\t\t\t\t\t<div class=\"info-box-inner reset-last-child\"><\/div>\n\n\t\t\t\t\t\t\t\t\t\t\t<\/div>\n\n\t\t\t\t\t\t\t\t\t\t\t<a class=\"wd-info-box-link wd-fill\" aria-label=\"Lien infobox\" href=\"https:\/\/click.ma\/soraflex\/confection-de-centrales-hydrauliques\/\" title=\"Confection de Centrales Hydrauliques\"><\/a>\n\t\t\t\t\t\n\t\t\t\t\t\t\t\t\t<\/div>\n\t\t\t<\/div>\n\t\t[\/vc_column_inner][vc_column_inner width=\u00a0\u00bb1\/3&Prime;]\t\t\t<div class=\"info-box-wrapper\">\n\t\t\t\t<div id=\"wd-68f8e0d0492c2\" class=\" wd-rs-68f8e0d0492c2 wd-info-box wd-wpb text-left box-icon-align-top box-style- color-scheme- wd-bg-none \">\n\t\t\t\t\t\t\t\t\t\t\t<div class=\"box-icon-wrapper  box-with-icon box-icon-simple\">\n\t\t\t\t\t\t\t<div class=\"info-box-icon\">\n\n\t\t\t\t\t\t\t\n\t\t\t\t\t\t\t\t\t\t\t\t\t\t\t\t\t<img loading=\"lazy\" decoding=\"async\" width=\"996\" height=\"664\" src=\"https:\/\/click.ma\/soraflex\/wp-content\/uploads\/2025\/10\/Assemblage-de-Flexibles-dans-notre-Atelier.jpg\" class=\"attachment-full size-full\" alt=\"\" srcset=\"https:\/\/click.ma\/soraflex\/wp-content\/uploads\/2025\/10\/Assemblage-de-Flexibles-dans-notre-Atelier.jpg 996w, https:\/\/click.ma\/soraflex\/wp-content\/uploads\/2025\/10\/Assemblage-de-Flexibles-dans-notre-Atelier-300x200.jpg 300w, https:\/\/click.ma\/soraflex\/wp-content\/uploads\/2025\/10\/Assemblage-de-Flexibles-dans-notre-Atelier-768x512.jpg 768w, https:\/\/click.ma\/soraflex\/wp-content\/uploads\/2025\/10\/Assemblage-de-Flexibles-dans-notre-Atelier-600x400.jpg 600w, https:\/\/click.ma\/soraflex\/wp-content\/uploads\/2025\/10\/Assemblage-de-Flexibles-dans-notre-Atelier-150x100.jpg 150w\" sizes=\"auto, (max-width: 996px) 100vw, 996px\" \/>\t\t\t\t\t\t\t\t\t\t\t\t\t\t\t\n\t\t\t\t\t\t\t<\/div>\n\t\t\t\t\t\t<\/div>\n\t\t\t\t\t\t\t\t\t\t<div class=\"info-box-content\">\n\t\t\t\t\t\t<h4 class=\"info-box-title title box-title-style-default wd-fontsize-m\">Assemblage de Flexibles dans notre Atelier<\/h4>\t\t\t\t\t\t<div class=\"info-box-inner reset-last-child\"><\/div>\n\n\t\t\t\t\t\t\t\t\t\t\t<\/div>\n\n\t\t\t\t\t\t\t\t\t\t\t<a class=\"wd-info-box-link wd-fill\" aria-label=\"Lien infobox\" href=\"https:\/\/click.ma\/soraflex\/assemblage-de-flexibles-dans-notre-atelier\/\" title=\"Assemblage de Flexibles dans notre Atelier\"><\/a>\n\t\t\t\t\t\n\t\t\t\t\t\t\t\t\t<\/div>\n\t\t\t<\/div>\n\t\t[\/vc_column_inner][vc_column_inner width=\u00a0\u00bb1\/3&Prime;]\t\t\t<div class=\"info-box-wrapper\">\n\t\t\t\t<div id=\"wd-68f8e10253823\" class=\" wd-rs-68f8e10253823 wd-info-box wd-wpb text-left box-icon-align-top box-style- color-scheme- wd-bg-none \">\n\t\t\t\t\t\t\t\t\t\t\t<div class=\"box-icon-wrapper  box-with-icon box-icon-simple\">\n\t\t\t\t\t\t\t<div class=\"info-box-icon\">\n\n\t\t\t\t\t\t\t\n\t\t\t\t\t\t\t\t\t\t\t\t\t\t\t\t\t<img loading=\"lazy\" decoding=\"async\" width=\"996\" height=\"664\" src=\"https:\/\/click.ma\/soraflex\/wp-content\/uploads\/2025\/10\/Maintenance-et-Reparation.jpg\" class=\"attachment-full size-full\" alt=\"\" srcset=\"https:\/\/click.ma\/soraflex\/wp-content\/uploads\/2025\/10\/Maintenance-et-Reparation.jpg 996w, https:\/\/click.ma\/soraflex\/wp-content\/uploads\/2025\/10\/Maintenance-et-Reparation-300x200.jpg 300w, https:\/\/click.ma\/soraflex\/wp-content\/uploads\/2025\/10\/Maintenance-et-Reparation-768x512.jpg 768w, https:\/\/click.ma\/soraflex\/wp-content\/uploads\/2025\/10\/Maintenance-et-Reparation-600x400.jpg 600w, https:\/\/click.ma\/soraflex\/wp-content\/uploads\/2025\/10\/Maintenance-et-Reparation-150x100.jpg 150w\" sizes=\"auto, (max-width: 996px) 100vw, 996px\" \/>\t\t\t\t\t\t\t\t\t\t\t\t\t\t\t\n\t\t\t\t\t\t\t<\/div>\n\t\t\t\t\t\t<\/div>\n\t\t\t\t\t\t\t\t\t\t<div class=\"info-box-content\">\n\t\t\t\t\t\t<h4 class=\"info-box-title title box-title-style-default wd-fontsize-m\">Maintenance et R\u00e9paration<\/h4>\t\t\t\t\t\t<div class=\"info-box-inner reset-last-child\"><\/div>\n\n\t\t\t\t\t\t\t\t\t\t\t<\/div>\n\n\t\t\t\t\t\t\t\t\t\t\t<a class=\"wd-info-box-link wd-fill\" aria-label=\"Lien infobox\" href=\"https:\/\/click.ma\/soraflex\/maintenance-et-reparation\/\" title=\"Maintenance et R\u00e9paration\"><\/a>\n\t\t\t\t\t\n\t\t\t\t\t\t\t\t\t<\/div>\n\t\t\t<\/div>\n\t\t[\/vc_column_inner][\/vc_row_inner][vc_row_inner gap=\u00a0\u00bb15&Prime; css=\u00a0\u00bb.vc_custom_1760043392892{margin-top: 30px !important;}\u00a0\u00bb woodmart_css_id=\u00a0\u00bb68e8217b2686a\u00a0\u00bb responsive_spacing=\u00a0\u00bbeyJwYXJhbV90eXBlIjoid29vZG1hcnRfcmVzcG9uc2l2ZV9zcGFjaW5nIiwic2VsZWN0b3JfaWQiOiI2OGU4MjE3YjI2ODZhIiwic2hvcnRjb2RlIjoidmNfcm93X2lubmVyIiwiZGF0YSI6eyJ0YWJsZXQiOnt9LCJtb2JpbGUiOnt9fX0=\u00a0\u00bb mobile_bg_img_hidden=\u00a0\u00bbno\u00a0\u00bb tablet_bg_img_hidden=\u00a0\u00bbno\u00a0\u00bb woodmart_parallax=\u00a0\u00bb0&Prime; woodmart_gradient_switch=\u00a0\u00bbno\u00a0\u00bb woodmart_box_shadow=\u00a0\u00bbno\u00a0\u00bb wd_z_index=\u00a0\u00bbno\u00a0\u00bb woodmart_disable_overflow=\u00a0\u00bb0&Prime; row_reverse_mobile=\u00a0\u00bb0&Prime; row_reverse_tablet=\u00a0\u00bb0&Prime;][vc_column_inner width=\u00a0\u00bb1\/3&Prime;]\t\t\t<div class=\"info-box-wrapper\">\n\t\t\t\t<div id=\"wd-68f8e0dd82659\" class=\" wd-rs-68f8e0dd82659 wd-info-box wd-wpb text-left box-icon-align-top box-style- color-scheme- wd-bg-none \">\n\t\t\t\t\t\t\t\t\t\t\t<div class=\"box-icon-wrapper  box-with-icon box-icon-simple\">\n\t\t\t\t\t\t\t<div class=\"info-box-icon\">\n\n\t\t\t\t\t\t\t\n\t\t\t\t\t\t\t\t\t\t\t\t\t\t\t\t\t<img loading=\"lazy\" decoding=\"async\" width=\"996\" height=\"664\" src=\"https:\/\/click.ma\/soraflex\/wp-content\/uploads\/2025\/10\/Installation-et-Mise-en-Service-sur-Site.jpg\" class=\"attachment-full size-full\" alt=\"\" srcset=\"https:\/\/click.ma\/soraflex\/wp-content\/uploads\/2025\/10\/Installation-et-Mise-en-Service-sur-Site.jpg 996w, https:\/\/click.ma\/soraflex\/wp-content\/uploads\/2025\/10\/Installation-et-Mise-en-Service-sur-Site-300x200.jpg 300w, https:\/\/click.ma\/soraflex\/wp-content\/uploads\/2025\/10\/Installation-et-Mise-en-Service-sur-Site-768x512.jpg 768w, https:\/\/click.ma\/soraflex\/wp-content\/uploads\/2025\/10\/Installation-et-Mise-en-Service-sur-Site-600x400.jpg 600w, https:\/\/click.ma\/soraflex\/wp-content\/uploads\/2025\/10\/Installation-et-Mise-en-Service-sur-Site-150x100.jpg 150w\" sizes=\"auto, (max-width: 996px) 100vw, 996px\" \/>\t\t\t\t\t\t\t\t\t\t\t\t\t\t\t\n\t\t\t\t\t\t\t<\/div>\n\t\t\t\t\t\t<\/div>\n\t\t\t\t\t\t\t\t\t\t<div class=\"info-box-content\">\n\t\t\t\t\t\t<h4 class=\"info-box-title title box-title-style-default wd-fontsize-m\">Installation et Mise en Service sur Site<\/h4>\t\t\t\t\t\t<div class=\"info-box-inner reset-last-child\"><\/div>\n\n\t\t\t\t\t\t\t\t\t\t\t<\/div>\n\n\t\t\t\t\t\t\t\t\t\t\t<a class=\"wd-info-box-link wd-fill\" aria-label=\"Lien infobox\" href=\"https:\/\/click.ma\/soraflex\/installation-et-mise-en-service-sur-site\/\" title=\"Installation et Mise en Service sur Site\"><\/a>\n\t\t\t\t\t\n\t\t\t\t\t\t\t\t\t<\/div>\n\t\t\t<\/div>\n\t\t[\/vc_column_inner][vc_column_inner width=\u00a0\u00bb1\/3&Prime;][\/vc_column_inner][vc_column_inner width=\u00a0\u00bb1\/3&Prime;][\/vc_column_inner][\/vc_row_inner][\/vc_column][\/vc_row]<\/p>\n<\/div>","protected":false},"excerpt":{"rendered":"<p>[vc_row content_placement=\u00a0\u00bbmiddle\u00a0\u00bb woodmart_stretch_content=\u00a0\u00bbsection-stretch\u00a0\u00bb woodmart_css_id=\u00a0\u00bb68e8153b8c18f\u00a0\u00bb responsive_spacing=\u00a0\u00bbeyJwYXJhbV90eXBlIjoid29vZG1hcnRfcmVzcG9uc2l2ZV9zcGFjaW5nIiwic2VsZWN0b3JfaWQiOiI2OGU4MTUzYjhjMThmIiwic2hvcnRjb2RlIjoidmNfcm93IiwiZGF0YSI6eyJ0YWJsZXQiOnt9LCJtb2JpbGUiOnt9fX0=\u00a0\u00bb mobile_bg_img_hidden=\u00a0\u00bbno\u00a0\u00bb tablet_bg_img_hidden=\u00a0\u00bbno\u00a0\u00bb woodmart_parallax=\u00a0\u00bb0&Prime; woodmart_gradient_switch=\u00a0\u00bbno\u00a0\u00bb woodmart_box_shadow=\u00a0\u00bbno\u00a0\u00bb wd_z_index=\u00a0\u00bbno\u00a0\u00bb woodmart_disable_overflow=\u00a0\u00bb0&Prime; row_reverse_mobile=\u00a0\u00bb0&Prime; row_reverse_tablet=\u00a0\u00bb0&Prime; el_id=\u00a0\u00bbinfo-solution\u00a0\u00bb][vc_column][vc_row_inner gap=\u00a0\u00bb15&Prime; css=\u00a0\u00bb.vc_custom_1760043383898{margin-top: 30px !important;}\u00a0\u00bb woodmart_css_id=\u00a0\u00bb68e8216f4fdca\u00a0\u00bb<\/p>\n","protected":false},"author":1,"featured_media":0,"parent":0,"menu_order":0,"comment_status":"closed","ping_status":"closed","template":"","meta":{"footnotes":""},"class_list":["post-79","page","type-page","status-publish","hentry"],"_links":{"self":[{"href":"https:\/\/click.ma\/soraflex\/wp-json\/wp\/v2\/pages\/79","targetHints":{"allow":["GET"]}}],"collection":[{"href":"https:\/\/click.ma\/soraflex\/wp-json\/wp\/v2\/pages"}],"about":[{"href":"https:\/\/click.ma\/soraflex\/wp-json\/wp\/v2\/types\/page"}],"author":[{"embeddable":true,"href":"https:\/\/click.ma\/soraflex\/wp-json\/wp\/v2\/users\/1"}],"replies":[{"embeddable":true,"href":"https:\/\/click.ma\/soraflex\/wp-json\/wp\/v2\/comments?post=79"}],"version-history":[{"count":20,"href":"https:\/\/click.ma\/soraflex\/wp-json\/wp\/v2\/pages\/79\/revisions"}],"predecessor-version":[{"id":444,"href":"https:\/\/click.ma\/soraflex\/wp-json\/wp\/v2\/pages\/79\/revisions\/444"}],"wp:attachment":[{"href":"https:\/\/click.ma\/soraflex\/wp-json\/wp\/v2\/media?parent=79"}],"curies":[{"name":"wp","href":"https:\/\/api.w.org\/{rel}","templated":true}]}}