{"id":678,"date":"2026-01-04T13:08:48","date_gmt":"2026-01-04T13:08:48","guid":{"rendered":"https:\/\/click.ma\/soraflex\/?page_id=678"},"modified":"2026-01-07T16:04:48","modified_gmt":"2026-01-07T16:04:48","slug":"parker-store","status":"publish","type":"page","link":"https:\/\/click.ma\/soraflex\/parker-store\/","title":{"rendered":"Parker Store"},"content":{"rendered":"<div class=\"wpb-content-wrapper\"><p>[vc_row content_placement=\u00a0\u00bbmiddle\u00a0\u00bb responsive_tabs_advanced=\u00a0\u00bbmobile\u00a0\u00bb woodmart_css_id=\u00a0\u00bb695a76fdaab2a\u00a0\u00bb responsive_spacing=\u00a0\u00bbeyJwYXJhbV90eXBlIjoid29vZG1hcnRfcmVzcG9uc2l2ZV9zcGFjaW5nIiwic2VsZWN0b3JfaWQiOiI2OTVhNzZmZGFhYjJhIiwic2hvcnRjb2RlIjoidmNfcm93IiwiZGF0YSI6eyJ0YWJsZXQiOnt9LCJtb2JpbGUiOnt9fX0=\u00a0\u00bb mobile_bg_img_hidden=\u00a0\u00bbno\u00a0\u00bb tablet_bg_img_hidden=\u00a0\u00bbno\u00a0\u00bb woodmart_parallax=\u00a0\u00bb0&Prime; woodmart_gradient_switch=\u00a0\u00bbno\u00a0\u00bb woodmart_box_shadow=\u00a0\u00bbno\u00a0\u00bb wd_z_index=\u00a0\u00bbno\u00a0\u00bb woodmart_disable_overflow=\u00a0\u00bb0&Prime; row_reverse_mobile=\u00a0\u00bb1&Prime; row_reverse_tablet=\u00a0\u00bb0&Prime; el_id=\u00a0\u00bbinfo-box\u00a0\u00bb][vc_column width=\u00a0\u00bb1\/2&Prime; woodmart_css_id=\u00a0\u00bb68f8dbc07916d\u00a0\u00bb parallax_scroll=\u00a0\u00bbno\u00a0\u00bb woodmart_sticky_column=\u00a0\u00bbfalse\u00a0\u00bb wd_collapsible_content_switcher=\u00a0\u00bbno\u00a0\u00bb wd_column_role_offcanvas_desktop=\u00a0\u00bbno\u00a0\u00bb wd_column_role_offcanvas_tablet=\u00a0\u00bbno\u00a0\u00bb wd_column_role_offcanvas_mobile=\u00a0\u00bbno\u00a0\u00bb wd_column_role_content_desktop=\u00a0\u00bbno\u00a0\u00bb wd_column_role_content_tablet=\u00a0\u00bbno\u00a0\u00bb wd_column_role_content_mobile=\u00a0\u00bbno\u00a0\u00bb mobile_bg_img_hidden=\u00a0\u00bbno\u00a0\u00bb tablet_bg_img_hidden=\u00a0\u00bbno\u00a0\u00bb woodmart_parallax=\u00a0\u00bb0&Prime; woodmart_box_shadow=\u00a0\u00bbno\u00a0\u00bb responsive_spacing=\u00a0\u00bbeyJwYXJhbV90eXBlIjoid29vZG1hcnRfcmVzcG9uc2l2ZV9zcGFjaW5nIiwic2VsZWN0b3JfaWQiOiI2OGY4ZGJjMDc5MTZkIiwic2hvcnRjb2RlIjoidmNfY29sdW1uIiwiZGF0YSI6eyJ0YWJsZXQiOnt9LCJtb2JpbGUiOnt9fX0=\u00a0\u00bb mobile_reset_margin=\u00a0\u00bbno\u00a0\u00bb tablet_reset_margin=\u00a0\u00bbno\u00a0\u00bb wd_z_index=\u00a0\u00bbno\u00a0\u00bb]\t\t<div id=\"wd-695e84199846c\" class=\"wd-text-block wd-wpb reset-last-child wd-rs-695e84199846c text-left wd-fontsize-s \">\n\t\t\t<p><span style=\"font-weight: 400\">Soraflex est fiere de disposer d\u2019un <\/span><b>Parker Store<\/b><span style=\"font-weight: 400\">, offrant un acc\u00e8s direct \u00e0 l\u2019ensemble des solutions et produits <\/span><b>Parker<\/b><span style=\"font-weight: 400\">, leader mondial des technologies de mouvement et de contr\u00f4le.<\/span><\/p>\n<p><span style=\"font-weight: 400\">\u00c0 travers notre Parker Store, nos clients peuvent <\/span><b>consulter l\u2019int\u00e9gralit\u00e9 du catalogue Parker<\/b><span style=\"font-weight: 400\"> et <\/span><b>passer commande directement aupr\u00e8s de Soraflex<\/b><span style=\"font-weight: 400\">. Nous mettons \u00e0 disposition notre expertise technique afin d\u2019accompagner chaque client dans le choix des solutions les plus adapt\u00e9es \u00e0 ses besoins industriels, tout en garantissant un service fiable, r\u00e9actif et de proximit\u00e9.<\/span><\/p>\n\t\t<\/div>\n\t\t\t\t\t<div class=\"info-box-wrapper\">\n\t\t\t\t<div id=\"wd-695a753194500\" class=\" wd-rs-695a753194500 wd-info-box wd-wpb text-left box-icon-align-left box-style- color-scheme- wd-bg-none wd-items-middle \">\n\t\t\t\t\t\t\t\t\t\t\t<div class=\"box-icon-wrapper  box-with-icon box-icon-simple\">\n\t\t\t\t\t\t\t<div class=\"info-box-icon\">\n\n\t\t\t\t\t\t\t\n\t\t\t\t\t\t\t\t\t\t\t\t\t\t\t\t\t<div class=\"info-svg-wrapper\" style=\"width: 42px;height: 42px;\"><img decoding=\"async\"  src=\"https:\/\/click.ma\/soraflex\/wp-content\/uploads\/2025\/09\/map-point-wave-svgrepo-com-1.svg\" title=\"map-point-wave-svgrepo-com (1)\" loading=\"lazy\" width=\"42\" height=\"42\"><\/div>\t\t\t\t\t\t\t\t\t\t\t\t\t\t\t\n\t\t\t\t\t\t\t<\/div>\n\t\t\t\t\t\t<\/div>\n\t\t\t\t\t\t\t\t\t\t<div class=\"info-box-content\">\n\t\t\t\t\t\t<h4 class=\"info-box-title title box-title-style-default wd-fontsize-m\">Adresse du Parker Store Soraflex<\/h4>\t\t\t\t\t\t<div class=\"info-box-inner reset-last-child\"><p>80 Boulevard Amr Ibn Al Ass, Casablanca, 20100<\/p>\n<\/div>\n\n\t\t\t\t\t\t\t\t\t\t\t<\/div>\n\n\t\t\t\t\t\n\t\t\t\t\t\t\t\t\t<\/div>\n\t\t\t<\/div>\n\t\t<div id=\"wd-695a747e5879b\" class=\" wd-rs-695a747e5879b vc_custom_1767535756031 wd-button-wrapper text-left\"><a href=\"https:\/\/www.parkerstore.com\/eu\/fr\/products.html\" title=\"Catalogue produits\" class=\"btn btn-color-primary btn-style-default btn-shape-round btn-size-default btn-icon-pos-right\">D\u00e9couvrir les produits Parker<span class=\"wd-btn-icon\"><span class=\"wd-icon fa fa-solid fa-arrow-right-long\"><\/span><\/span><\/a><\/div>[\/vc_column][vc_column width=\u00a0\u00bb1\/2&Prime; woodmart_css_id=\u00a0\u00bb68f8dbcb01531&Prime; parallax_scroll=\u00a0\u00bbno\u00a0\u00bb woodmart_sticky_column=\u00a0\u00bbfalse\u00a0\u00bb wd_collapsible_content_switcher=\u00a0\u00bbno\u00a0\u00bb wd_column_role_offcanvas_desktop=\u00a0\u00bbno\u00a0\u00bb wd_column_role_offcanvas_tablet=\u00a0\u00bbno\u00a0\u00bb wd_column_role_offcanvas_mobile=\u00a0\u00bbno\u00a0\u00bb wd_column_role_content_desktop=\u00a0\u00bbno\u00a0\u00bb wd_column_role_content_tablet=\u00a0\u00bbno\u00a0\u00bb wd_column_role_content_mobile=\u00a0\u00bbno\u00a0\u00bb mobile_bg_img_hidden=\u00a0\u00bbno\u00a0\u00bb tablet_bg_img_hidden=\u00a0\u00bbno\u00a0\u00bb woodmart_parallax=\u00a0\u00bb0&Prime; woodmart_box_shadow=\u00a0\u00bbno\u00a0\u00bb responsive_spacing=\u00a0\u00bbeyJwYXJhbV90eXBlIjoid29vZG1hcnRfcmVzcG9uc2l2ZV9zcGFjaW5nIiwic2VsZWN0b3JfaWQiOiI2OGY4ZGJjYjAxNTMxIiwic2hvcnRjb2RlIjoidmNfY29sdW1uIiwiZGF0YSI6eyJ0YWJsZXQiOnt9LCJtb2JpbGUiOnt9fX0=\u00a0\u00bb mobile_reset_margin=\u00a0\u00bbno\u00a0\u00bb tablet_reset_margin=\u00a0\u00bbno\u00a0\u00bb wd_z_index=\u00a0\u00bbno\u00a0\u00bb]\t\t<div id=\"wd-695a67ac2dc82\" class=\"wd-image wd-wpb wd-rs-695a67ac2dc82 text-center \">\n\t\t\t\n\t\t\t<img loading=\"lazy\" decoding=\"async\" width=\"1052\" height=\"744\" src=\"https:\/\/click.ma\/soraflex\/wp-content\/uploads\/2026\/01\/Parker-Store.jpg\" class=\"attachment-full size-full\" alt=\"\" srcset=\"https:\/\/click.ma\/soraflex\/wp-content\/uploads\/2026\/01\/Parker-Store.jpg 1052w, https:\/\/click.ma\/soraflex\/wp-content\/uploads\/2026\/01\/Parker-Store-300x212.jpg 300w, https:\/\/click.ma\/soraflex\/wp-content\/uploads\/2026\/01\/Parker-Store-1024x724.jpg 1024w, https:\/\/click.ma\/soraflex\/wp-content\/uploads\/2026\/01\/Parker-Store-768x543.jpg 768w, https:\/\/click.ma\/soraflex\/wp-content\/uploads\/2026\/01\/Parker-Store-600x424.jpg 600w, https:\/\/click.ma\/soraflex\/wp-content\/uploads\/2026\/01\/Parker-Store-150x106.jpg 150w\" sizes=\"auto, (max-width: 1052px) 100vw, 1052px\" \/>\n\t\t\t\t\t<\/div>\n\t\t[\/vc_column][\/vc_row]<\/p>\n<\/div>","protected":false},"excerpt":{"rendered":"<p>[vc_row content_placement=\u00a0\u00bbmiddle\u00a0\u00bb responsive_tabs_advanced=\u00a0\u00bbmobile\u00a0\u00bb woodmart_css_id=\u00a0\u00bb695a76fdaab2a\u00a0\u00bb responsive_spacing=\u00a0\u00bbeyJwYXJhbV90eXBlIjoid29vZG1hcnRfcmVzcG9uc2l2ZV9zcGFjaW5nIiwic2VsZWN0b3JfaWQiOiI2OTVhNzZmZGFhYjJhIiwic2hvcnRjb2RlIjoidmNfcm93IiwiZGF0YSI6eyJ0YWJsZXQiOnt9LCJtb2JpbGUiOnt9fX0=\u00a0\u00bb mobile_bg_img_hidden=\u00a0\u00bbno\u00a0\u00bb tablet_bg_img_hidden=\u00a0\u00bbno\u00a0\u00bb woodmart_parallax=\u00a0\u00bb0&Prime; woodmart_gradient_switch=\u00a0\u00bbno\u00a0\u00bb woodmart_box_shadow=\u00a0\u00bbno\u00a0\u00bb wd_z_index=\u00a0\u00bbno\u00a0\u00bb woodmart_disable_overflow=\u00a0\u00bb0&Prime; row_reverse_mobile=\u00a0\u00bb1&Prime; row_reverse_tablet=\u00a0\u00bb0&Prime; el_id=\u00a0\u00bbinfo-box\u00a0\u00bb][vc_column width=\u00a0\u00bb1\/2&Prime; woodmart_css_id=\u00a0\u00bb68f8dbc07916d\u00a0\u00bb parallax_scroll=\u00a0\u00bbno\u00a0\u00bb woodmart_sticky_column=\u00a0\u00bbfalse\u00a0\u00bb wd_collapsible_content_switcher=\u00a0\u00bbno\u00a0\u00bb<\/p>\n","protected":false},"author":1,"featured_media":0,"parent":0,"menu_order":0,"comment_status":"closed","ping_status":"closed","template":"","meta":{"footnotes":""},"class_list":["post-678","page","type-page","status-publish","hentry"],"_links":{"self":[{"href":"https:\/\/click.ma\/soraflex\/wp-json\/wp\/v2\/pages\/678","targetHints":{"allow":["GET"]}}],"collection":[{"href":"https:\/\/click.ma\/soraflex\/wp-json\/wp\/v2\/pages"}],"about":[{"href":"https:\/\/click.ma\/soraflex\/wp-json\/wp\/v2\/types\/page"}],"author":[{"embeddable":true,"href":"https:\/\/click.ma\/soraflex\/wp-json\/wp\/v2\/users\/1"}],"replies":[{"embeddable":true,"href":"https:\/\/click.ma\/soraflex\/wp-json\/wp\/v2\/comments?post=678"}],"version-history":[{"count":11,"href":"https:\/\/click.ma\/soraflex\/wp-json\/wp\/v2\/pages\/678\/revisions"}],"predecessor-version":[{"id":704,"href":"https:\/\/click.ma\/soraflex\/wp-json\/wp\/v2\/pages\/678\/revisions\/704"}],"wp:attachment":[{"href":"https:\/\/click.ma\/soraflex\/wp-json\/wp\/v2\/media?parent=678"}],"curies":[{"name":"wp","href":"https:\/\/api.w.org\/{rel}","templated":true}]}}