{"id":432,"date":"2025-10-22T13:39:18","date_gmt":"2025-10-22T13:39:18","guid":{"rendered":"https:\/\/click.ma\/soraflex\/?page_id=432"},"modified":"2025-10-22T13:39:18","modified_gmt":"2025-10-22T13:39:18","slug":"assemblage-de-flexibles-dans-notre-atelier","status":"publish","type":"page","link":"https:\/\/click.ma\/soraflex\/assemblage-de-flexibles-dans-notre-atelier\/","title":{"rendered":"Assemblage de Flexibles dans notre Atelier"},"content":{"rendered":"<div class=\"wpb-content-wrapper\"><p>[vc_row][vc_column width=\u00a0\u00bb3\/5&Prime; woodmart_css_id=\u00a0\u00bb68f8dbc07916d\u00a0\u00bb parallax_scroll=\u00a0\u00bbno\u00a0\u00bb woodmart_sticky_column=\u00a0\u00bbfalse\u00a0\u00bb wd_collapsible_content_switcher=\u00a0\u00bbno\u00a0\u00bb wd_column_role_offcanvas_desktop=\u00a0\u00bbno\u00a0\u00bb wd_column_role_offcanvas_tablet=\u00a0\u00bbno\u00a0\u00bb wd_column_role_offcanvas_mobile=\u00a0\u00bbno\u00a0\u00bb wd_column_role_content_desktop=\u00a0\u00bbno\u00a0\u00bb wd_column_role_content_tablet=\u00a0\u00bbno\u00a0\u00bb wd_column_role_content_mobile=\u00a0\u00bbno\u00a0\u00bb mobile_bg_img_hidden=\u00a0\u00bbno\u00a0\u00bb tablet_bg_img_hidden=\u00a0\u00bbno\u00a0\u00bb woodmart_parallax=\u00a0\u00bb0&Prime; woodmart_box_shadow=\u00a0\u00bbno\u00a0\u00bb responsive_spacing=\u00a0\u00bbeyJwYXJhbV90eXBlIjoid29vZG1hcnRfcmVzcG9uc2l2ZV9zcGFjaW5nIiwic2VsZWN0b3JfaWQiOiI2OGY4ZGJjMDc5MTZkIiwic2hvcnRjb2RlIjoidmNfY29sdW1uIiwiZGF0YSI6eyJ0YWJsZXQiOnt9LCJtb2JpbGUiOnt9fX0=\u00a0\u00bb mobile_reset_margin=\u00a0\u00bbno\u00a0\u00bb tablet_reset_margin=\u00a0\u00bbno\u00a0\u00bb wd_z_index=\u00a0\u00bbno\u00a0\u00bb]\t\t<div id=\"wd-68f8ddfb81a0a\" class=\"wd-text-block wd-wpb reset-last-child wd-rs-68f8ddfb81a0a text-left wd-fontsize-s \">\n\t\t\t<p>Notre atelier r\u00e9alise l\u2019<b>assemblage de flexibles hydrauliques et industriels<\/b>\u00a0selon vos besoins pr\u00e9cis.<\/p>\n<p>Nous disposons d\u2019un vaste stock de\u00a0<b>tuyaux, raccords et embouts<\/b>\u00a0de diff\u00e9rentes dimensions et pressions, ce qui nous permet de proposer un service\u00a0<b>rapide et flexible<\/b>, incluant la\u00a0<b>livraison le jour m\u00eame<\/b>.<\/p>\n<p>Nos \u00e9quipements de\u00a0<b>sertissage (crimping)<\/b>\u00a0garantissent un assemblage solide et fiable, pr\u00eat \u00e0 \u00eatre install\u00e9 imm\u00e9diatement.<\/p>\n<p>Que ce soit pour un remplacement, une nouvelle installation ou une urgence, Soraflex vous garantit une solution sur mesure dans les meilleurs d\u00e9lais.<\/p>\n\t\t<\/div>\n\t\t[\/vc_column][vc_column width=\u00a0\u00bb2\/5&Prime; woodmart_css_id=\u00a0\u00bb68f8dbcb01531&Prime; parallax_scroll=\u00a0\u00bbno\u00a0\u00bb woodmart_sticky_column=\u00a0\u00bbfalse\u00a0\u00bb wd_collapsible_content_switcher=\u00a0\u00bbno\u00a0\u00bb wd_column_role_offcanvas_desktop=\u00a0\u00bbno\u00a0\u00bb wd_column_role_offcanvas_tablet=\u00a0\u00bbno\u00a0\u00bb wd_column_role_offcanvas_mobile=\u00a0\u00bbno\u00a0\u00bb wd_column_role_content_desktop=\u00a0\u00bbno\u00a0\u00bb wd_column_role_content_tablet=\u00a0\u00bbno\u00a0\u00bb wd_column_role_content_mobile=\u00a0\u00bbno\u00a0\u00bb mobile_bg_img_hidden=\u00a0\u00bbno\u00a0\u00bb tablet_bg_img_hidden=\u00a0\u00bbno\u00a0\u00bb woodmart_parallax=\u00a0\u00bb0&Prime; woodmart_box_shadow=\u00a0\u00bbno\u00a0\u00bb responsive_spacing=\u00a0\u00bbeyJwYXJhbV90eXBlIjoid29vZG1hcnRfcmVzcG9uc2l2ZV9zcGFjaW5nIiwic2VsZWN0b3JfaWQiOiI2OGY4ZGJjYjAxNTMxIiwic2hvcnRjb2RlIjoidmNfY29sdW1uIiwiZGF0YSI6eyJ0YWJsZXQiOnt9LCJtb2JpbGUiOnt9fX0=\u00a0\u00bb mobile_reset_margin=\u00a0\u00bbno\u00a0\u00bb tablet_reset_margin=\u00a0\u00bbno\u00a0\u00bb wd_z_index=\u00a0\u00bbno\u00a0\u00bb]\t\t<div id=\"wd-68f8ddefe3cf0\" class=\"wd-image wd-wpb wd-rs-68f8ddefe3cf0 text-center \">\n\t\t\t\n\t\t\t<img loading=\"lazy\" decoding=\"async\" width=\"996\" height=\"664\" src=\"https:\/\/click.ma\/soraflex\/wp-content\/uploads\/2025\/10\/Assemblage-de-Flexibles-dans-notre-Atelier.jpg\" class=\"attachment-full size-full\" alt=\"\" srcset=\"https:\/\/click.ma\/soraflex\/wp-content\/uploads\/2025\/10\/Assemblage-de-Flexibles-dans-notre-Atelier.jpg 996w, https:\/\/click.ma\/soraflex\/wp-content\/uploads\/2025\/10\/Assemblage-de-Flexibles-dans-notre-Atelier-300x200.jpg 300w, https:\/\/click.ma\/soraflex\/wp-content\/uploads\/2025\/10\/Assemblage-de-Flexibles-dans-notre-Atelier-768x512.jpg 768w, https:\/\/click.ma\/soraflex\/wp-content\/uploads\/2025\/10\/Assemblage-de-Flexibles-dans-notre-Atelier-600x400.jpg 600w, https:\/\/click.ma\/soraflex\/wp-content\/uploads\/2025\/10\/Assemblage-de-Flexibles-dans-notre-Atelier-150x100.jpg 150w\" sizes=\"auto, (max-width: 996px) 100vw, 996px\" \/>\n\t\t\t\t\t<\/div>\n\t\t[\/vc_column][\/vc_row]<\/p>\n<\/div>","protected":false},"excerpt":{"rendered":"<p>[vc_row][vc_column width=\u00a0\u00bb3\/5&Prime; woodmart_css_id=\u00a0\u00bb68f8dbc07916d\u00a0\u00bb parallax_scroll=\u00a0\u00bbno\u00a0\u00bb woodmart_sticky_column=\u00a0\u00bbfalse\u00a0\u00bb wd_collapsible_content_switcher=\u00a0\u00bbno\u00a0\u00bb wd_column_role_offcanvas_desktop=\u00a0\u00bbno\u00a0\u00bb wd_column_role_offcanvas_tablet=\u00a0\u00bbno\u00a0\u00bb wd_column_role_offcanvas_mobile=\u00a0\u00bbno\u00a0\u00bb wd_column_role_content_desktop=\u00a0\u00bbno\u00a0\u00bb wd_column_role_content_tablet=\u00a0\u00bbno\u00a0\u00bb wd_column_role_content_mobile=\u00a0\u00bbno\u00a0\u00bb mobile_bg_img_hidden=\u00a0\u00bbno\u00a0\u00bb tablet_bg_img_hidden=\u00a0\u00bbno\u00a0\u00bb woodmart_parallax=\u00a0\u00bb0&Prime; woodmart_box_shadow=\u00a0\u00bbno\u00a0\u00bb responsive_spacing=\u00a0\u00bbeyJwYXJhbV90eXBlIjoid29vZG1hcnRfcmVzcG9uc2l2ZV9zcGFjaW5nIiwic2VsZWN0b3JfaWQiOiI2OGY4ZGJjMDc5MTZkIiwic2hvcnRjb2RlIjoidmNfY29sdW1uIiwiZGF0YSI6eyJ0YWJsZXQiOnt9LCJtb2JpbGUiOnt9fX0=\u00a0\u00bb mobile_reset_margin=\u00a0\u00bbno\u00a0\u00bb tablet_reset_margin=\u00a0\u00bbno\u00a0\u00bb wd_z_index=\u00a0\u00bbno\u00a0\u00bb][\/vc_column][vc_column<\/p>\n","protected":false},"author":1,"featured_media":0,"parent":0,"menu_order":0,"comment_status":"closed","ping_status":"closed","template":"","meta":{"footnotes":""},"class_list":["post-432","page","type-page","status-publish","hentry"],"_links":{"self":[{"href":"https:\/\/click.ma\/soraflex\/wp-json\/wp\/v2\/pages\/432","targetHints":{"allow":["GET"]}}],"collection":[{"href":"https:\/\/click.ma\/soraflex\/wp-json\/wp\/v2\/pages"}],"about":[{"href":"https:\/\/click.ma\/soraflex\/wp-json\/wp\/v2\/types\/page"}],"author":[{"embeddable":true,"href":"https:\/\/click.ma\/soraflex\/wp-json\/wp\/v2\/users\/1"}],"replies":[{"embeddable":true,"href":"https:\/\/click.ma\/soraflex\/wp-json\/wp\/v2\/comments?post=432"}],"version-history":[{"count":2,"href":"https:\/\/click.ma\/soraflex\/wp-json\/wp\/v2\/pages\/432\/revisions"}],"predecessor-version":[{"id":434,"href":"https:\/\/click.ma\/soraflex\/wp-json\/wp\/v2\/pages\/432\/revisions\/434"}],"wp:attachment":[{"href":"https:\/\/click.ma\/soraflex\/wp-json\/wp\/v2\/media?parent=432"}],"curies":[{"name":"wp","href":"https:\/\/api.w.org\/{rel}","templated":true}]}}