{"id":429,"date":"2025-10-22T13:35:58","date_gmt":"2025-10-22T13:35:58","guid":{"rendered":"https:\/\/click.ma\/soraflex\/?page_id=429"},"modified":"2025-10-22T13:35:58","modified_gmt":"2025-10-22T13:35:58","slug":"confection-de-centrales-hydrauliques","status":"publish","type":"page","link":"https:\/\/click.ma\/soraflex\/confection-de-centrales-hydrauliques\/","title":{"rendered":"Confection de Centrales Hydrauliques"},"content":{"rendered":"<div class=\"wpb-content-wrapper\"><p>[vc_row][vc_column width=\u00a0\u00bb3\/5&Prime; woodmart_css_id=\u00a0\u00bb68f8dbc07916d\u00a0\u00bb parallax_scroll=\u00a0\u00bbno\u00a0\u00bb woodmart_sticky_column=\u00a0\u00bbfalse\u00a0\u00bb wd_collapsible_content_switcher=\u00a0\u00bbno\u00a0\u00bb wd_column_role_offcanvas_desktop=\u00a0\u00bbno\u00a0\u00bb wd_column_role_offcanvas_tablet=\u00a0\u00bbno\u00a0\u00bb wd_column_role_offcanvas_mobile=\u00a0\u00bbno\u00a0\u00bb wd_column_role_content_desktop=\u00a0\u00bbno\u00a0\u00bb wd_column_role_content_tablet=\u00a0\u00bbno\u00a0\u00bb wd_column_role_content_mobile=\u00a0\u00bbno\u00a0\u00bb mobile_bg_img_hidden=\u00a0\u00bbno\u00a0\u00bb tablet_bg_img_hidden=\u00a0\u00bbno\u00a0\u00bb woodmart_parallax=\u00a0\u00bb0&Prime; woodmart_box_shadow=\u00a0\u00bbno\u00a0\u00bb responsive_spacing=\u00a0\u00bbeyJwYXJhbV90eXBlIjoid29vZG1hcnRfcmVzcG9uc2l2ZV9zcGFjaW5nIiwic2VsZWN0b3JfaWQiOiI2OGY4ZGJjMDc5MTZkIiwic2hvcnRjb2RlIjoidmNfY29sdW1uIiwiZGF0YSI6eyJ0YWJsZXQiOnt9LCJtb2JpbGUiOnt9fX0=\u00a0\u00bb mobile_reset_margin=\u00a0\u00bbno\u00a0\u00bb tablet_reset_margin=\u00a0\u00bbno\u00a0\u00bb wd_z_index=\u00a0\u00bbno\u00a0\u00bb]\t\t<div id=\"wd-68f8dd9438c4a\" class=\"wd-text-block wd-wpb reset-last-child wd-rs-68f8dd9438c4a text-left wd-fontsize-s \">\n\t\t\t<p>Soraflex propose la\u00a0<strong>r\u00e9alisation de centrales hydrauliques sur mesure<\/strong>, con\u00e7ues pour r\u00e9pondre aux besoins sp\u00e9cifiques de vos installations industrielles.<\/p>\n<p>Nos techniciens s\u2019occupent de<strong>\u00a0l\u2019assemblage et de l\u2019installation sur site<\/strong>, en veillant \u00e0 la fiabilit\u00e9 et \u00e0 la s\u00e9curit\u00e9 du syst\u00e8me.<\/p>\n<p>Chaque centrale est adapt\u00e9e \u00e0 vos exigences de pression, de d\u00e9bit et de puissance, qu\u2019il s\u2019agisse d\u2019une nouvelle installation ou du remplacement d\u2019un \u00e9quipement existant.<\/p>\n<p><strong>Notre objectif : <\/strong>vous offrir une solution cl\u00e9 en main qui combine performance, efficacit\u00e9 \u00e9nerg\u00e9tique et simplicit\u00e9 de maintenance.<\/p>\n\t\t<\/div>\n\t\t[\/vc_column][vc_column width=\u00a0\u00bb2\/5&Prime; woodmart_css_id=\u00a0\u00bb68f8dbcb01531&Prime; parallax_scroll=\u00a0\u00bbno\u00a0\u00bb woodmart_sticky_column=\u00a0\u00bbfalse\u00a0\u00bb wd_collapsible_content_switcher=\u00a0\u00bbno\u00a0\u00bb wd_column_role_offcanvas_desktop=\u00a0\u00bbno\u00a0\u00bb wd_column_role_offcanvas_tablet=\u00a0\u00bbno\u00a0\u00bb wd_column_role_offcanvas_mobile=\u00a0\u00bbno\u00a0\u00bb wd_column_role_content_desktop=\u00a0\u00bbno\u00a0\u00bb wd_column_role_content_tablet=\u00a0\u00bbno\u00a0\u00bb wd_column_role_content_mobile=\u00a0\u00bbno\u00a0\u00bb mobile_bg_img_hidden=\u00a0\u00bbno\u00a0\u00bb tablet_bg_img_hidden=\u00a0\u00bbno\u00a0\u00bb woodmart_parallax=\u00a0\u00bb0&Prime; woodmart_box_shadow=\u00a0\u00bbno\u00a0\u00bb responsive_spacing=\u00a0\u00bbeyJwYXJhbV90eXBlIjoid29vZG1hcnRfcmVzcG9uc2l2ZV9zcGFjaW5nIiwic2VsZWN0b3JfaWQiOiI2OGY4ZGJjYjAxNTMxIiwic2hvcnRjb2RlIjoidmNfY29sdW1uIiwiZGF0YSI6eyJ0YWJsZXQiOnt9LCJtb2JpbGUiOnt9fX0=\u00a0\u00bb mobile_reset_margin=\u00a0\u00bbno\u00a0\u00bb tablet_reset_margin=\u00a0\u00bbno\u00a0\u00bb wd_z_index=\u00a0\u00bbno\u00a0\u00bb]\t\t<div id=\"wd-68f8dd8a5a34c\" class=\"wd-image wd-wpb wd-rs-68f8dd8a5a34c text-center \">\n\t\t\t\n\t\t\t<img loading=\"lazy\" decoding=\"async\" width=\"996\" height=\"664\" src=\"https:\/\/click.ma\/soraflex\/wp-content\/uploads\/2025\/10\/Confection-de-Centrales-Hydrauliques.jpg\" class=\"attachment-full size-full\" alt=\"\" srcset=\"https:\/\/click.ma\/soraflex\/wp-content\/uploads\/2025\/10\/Confection-de-Centrales-Hydrauliques.jpg 996w, https:\/\/click.ma\/soraflex\/wp-content\/uploads\/2025\/10\/Confection-de-Centrales-Hydrauliques-300x200.jpg 300w, https:\/\/click.ma\/soraflex\/wp-content\/uploads\/2025\/10\/Confection-de-Centrales-Hydrauliques-768x512.jpg 768w, https:\/\/click.ma\/soraflex\/wp-content\/uploads\/2025\/10\/Confection-de-Centrales-Hydrauliques-600x400.jpg 600w, https:\/\/click.ma\/soraflex\/wp-content\/uploads\/2025\/10\/Confection-de-Centrales-Hydrauliques-150x100.jpg 150w\" sizes=\"auto, (max-width: 996px) 100vw, 996px\" \/>\n\t\t\t\t\t<\/div>\n\t\t[\/vc_column][\/vc_row]<\/p>\n<\/div>","protected":false},"excerpt":{"rendered":"<p>[vc_row][vc_column width=\u00a0\u00bb3\/5&Prime; woodmart_css_id=\u00a0\u00bb68f8dbc07916d\u00a0\u00bb parallax_scroll=\u00a0\u00bbno\u00a0\u00bb woodmart_sticky_column=\u00a0\u00bbfalse\u00a0\u00bb wd_collapsible_content_switcher=\u00a0\u00bbno\u00a0\u00bb wd_column_role_offcanvas_desktop=\u00a0\u00bbno\u00a0\u00bb wd_column_role_offcanvas_tablet=\u00a0\u00bbno\u00a0\u00bb wd_column_role_offcanvas_mobile=\u00a0\u00bbno\u00a0\u00bb wd_column_role_content_desktop=\u00a0\u00bbno\u00a0\u00bb wd_column_role_content_tablet=\u00a0\u00bbno\u00a0\u00bb wd_column_role_content_mobile=\u00a0\u00bbno\u00a0\u00bb mobile_bg_img_hidden=\u00a0\u00bbno\u00a0\u00bb tablet_bg_img_hidden=\u00a0\u00bbno\u00a0\u00bb woodmart_parallax=\u00a0\u00bb0&Prime; woodmart_box_shadow=\u00a0\u00bbno\u00a0\u00bb responsive_spacing=\u00a0\u00bbeyJwYXJhbV90eXBlIjoid29vZG1hcnRfcmVzcG9uc2l2ZV9zcGFjaW5nIiwic2VsZWN0b3JfaWQiOiI2OGY4ZGJjMDc5MTZkIiwic2hvcnRjb2RlIjoidmNfY29sdW1uIiwiZGF0YSI6eyJ0YWJsZXQiOnt9LCJtb2JpbGUiOnt9fX0=\u00a0\u00bb mobile_reset_margin=\u00a0\u00bbno\u00a0\u00bb tablet_reset_margin=\u00a0\u00bbno\u00a0\u00bb wd_z_index=\u00a0\u00bbno\u00a0\u00bb][\/vc_column][vc_column<\/p>\n","protected":false},"author":1,"featured_media":0,"parent":0,"menu_order":0,"comment_status":"closed","ping_status":"closed","template":"","meta":{"footnotes":""},"class_list":["post-429","page","type-page","status-publish","hentry"],"_links":{"self":[{"href":"https:\/\/click.ma\/soraflex\/wp-json\/wp\/v2\/pages\/429","targetHints":{"allow":["GET"]}}],"collection":[{"href":"https:\/\/click.ma\/soraflex\/wp-json\/wp\/v2\/pages"}],"about":[{"href":"https:\/\/click.ma\/soraflex\/wp-json\/wp\/v2\/types\/page"}],"author":[{"embeddable":true,"href":"https:\/\/click.ma\/soraflex\/wp-json\/wp\/v2\/users\/1"}],"replies":[{"embeddable":true,"href":"https:\/\/click.ma\/soraflex\/wp-json\/wp\/v2\/comments?post=429"}],"version-history":[{"count":2,"href":"https:\/\/click.ma\/soraflex\/wp-json\/wp\/v2\/pages\/429\/revisions"}],"predecessor-version":[{"id":431,"href":"https:\/\/click.ma\/soraflex\/wp-json\/wp\/v2\/pages\/429\/revisions\/431"}],"wp:attachment":[{"href":"https:\/\/click.ma\/soraflex\/wp-json\/wp\/v2\/media?parent=429"}],"curies":[{"name":"wp","href":"https:\/\/api.w.org\/{rel}","templated":true}]}}