{"id":63,"date":"2024-02-03T13:17:19","date_gmt":"2024-02-03T13:17:19","guid":{"rendered":"https:\/\/click.ma\/site-dechets\/?page_id=63"},"modified":"2024-11-29T11:51:52","modified_gmt":"2024-11-29T11:51:52","slug":"contact","status":"publish","type":"page","link":"https:\/\/click.ma\/site-dechets\/contact\/","title":{"rendered":"Contact"},"content":{"rendered":"<div class=\"wpb-content-wrapper\"><p>[vc_row][vc_column width=&#8221;2\/5&#8243; woodmart_css_id=&#8221;65be798de9246&#8243; parallax_scroll=&#8221;no&#8221; woodmart_sticky_column=&#8221;false&#8221; wd_collapsible_content_switcher=&#8221;no&#8221; wd_column_role_offcanvas_desktop=&#8221;no&#8221; wd_column_role_offcanvas_tablet=&#8221;no&#8221; wd_column_role_offcanvas_mobile=&#8221;no&#8221; wd_column_role_content_desktop=&#8221;no&#8221; wd_column_role_content_tablet=&#8221;no&#8221; wd_column_role_content_mobile=&#8221;no&#8221; mobile_bg_img_hidden=&#8221;no&#8221; tablet_bg_img_hidden=&#8221;no&#8221; woodmart_parallax=&#8221;0&#8243; woodmart_box_shadow=&#8221;no&#8221; responsive_spacing=&#8221;eyJwYXJhbV90eXBlIjoid29vZG1hcnRfcmVzcG9uc2l2ZV9zcGFjaW5nIiwic2VsZWN0b3JfaWQiOiI2NWJlNzk4ZGU5MjQ2Iiwic2hvcnRjb2RlIjoidmNfY29sdW1uIiwiZGF0YSI6eyJ0YWJsZXQiOnt9LCJtb2JpbGUiOnt9fX0=&#8221; mobile_reset_margin=&#8221;no&#8221; tablet_reset_margin=&#8221;no&#8221; wd_z_index=&#8221;no&#8221;]\t\t\t<link rel=\"stylesheet\" id=\"wd-section-title-css\" href=\"https:\/\/click.ma\/site-dechets\/wp-content\/themes\/think\/css\/parts\/el-section-title.min.css?ver=7.3.0\" type=\"text\/css\" media=\"all\" \/> \t\t\t\t\t\t<link rel=\"stylesheet\" id=\"wd-mod-highlighted-text-css\" href=\"https:\/\/click.ma\/site-dechets\/wp-content\/themes\/think\/css\/parts\/mod-highlighted-text.min.css?ver=7.3.0\" type=\"text\/css\" media=\"all\" \/> \t\t\t\n\t\t<div id=\"wd-6749aacf694c1\" class=\"title-wrapper wd-wpb set-mb-s reset-last-child  wd-rs-6749aacf694c1 wd-title-color-default wd-title-style-default text-left  wd-underline-colored\">\n\t\t\t\t\t\t\t<div class=\"title-subtitle  subtitle-color-default font-default subtitle-style-default wd-font-weight-600 wd-fontsize-xs\">ZERO DECHETS (ZED)<br \/>\n<\/div>\n\t\t\t\n\t\t\t<div class=\"liner-continer\">\n\t\t\t\t<h2 class=\"woodmart-title-container title  wd-font-weight- wd-fontsize-xxl\" >Contactez-nous<\/h2>\n\t\t\t\t\t\t\t<\/div>\n\t\t\t\n\t\t\t\n\t\t\t\n\t\t<\/div>\n\t\t\n\t\t\t\t\t<link rel=\"stylesheet\" id=\"wd-info-box-css\" href=\"https:\/\/click.ma\/site-dechets\/wp-content\/themes\/think\/css\/parts\/el-info-box.min.css?ver=7.3.0\" type=\"text\/css\" media=\"all\" \/> \t\t\t\t\t\t<div class=\"info-box-wrapper\">\n\t\t\t\t<div id=\"wd-65be7a34f262b\" class=\" wd-rs-65be7a34f262b wd-info-box wd-wpb text-left box-icon-align-left box-style- color-scheme- wd-bg-none wd-items-middle \"  >\n\t\t\t\t\t\t\t\t\t\t\t<div class=\"box-icon-wrapper  box-with-icon box-icon-with-bg\">\n\t\t\t\t\t\t\t<div class=\"info-box-icon\">\n\n\t\t\t\t\t\t\t\n\t\t\t\t\t\t\t\t\t\t\t\t\t\t\t\t\t<div class=\"info-svg-wrapper info-icon\" style=\"width: 32px;height: 32px;\"><svg width=\"800px\" height=\"800px\" viewBox=\"0 0 24 24\" fill=\"none\" xmlns=\"http:\/\/www.w3.org\/2000\/svg\">\n\r<g id=\"svg-1557\" stroke-width=\"0\"\/>\n\r<g id=\"SVGRepo_tracerCarrier\" stroke-linecap=\"round\" stroke-linejoin=\"round\"\/>\n\r<g id=\"SVGRepo_iconCarrier\"> <path d=\"M13.5 2C13.5 2 15.8335 2.21213 18.8033 5.18198C21.7731 8.15183 21.9853 10.4853 21.9853 10.4853\" stroke=\"#69be63\" stroke-width=\"1.5\" stroke-linecap=\"round\"\/> <path d=\"M14.207 5.53564C14.207 5.53564 15.197 5.81849 16.6819 7.30341C18.1668 8.78834 18.4497 9.77829 18.4497 9.77829\" stroke=\"#69be63\" stroke-width=\"1.5\" stroke-linecap=\"round\"\/> <path d=\"M15.1007 15.0272L14.5569 14.5107L15.1007 15.0272ZM15.5562 14.5477L16.1 15.0642H16.1L15.5562 14.5477ZM17.9728 14.2123L17.5987 14.8623H17.5987L17.9728 14.2123ZM19.8833 15.312L19.5092 15.962L19.8833 15.312ZM20.4217 18.7584L20.9655 19.2749L20.4217 18.7584ZM19.0011 20.254L18.4573 19.7375L19.0011 20.254ZM17.6763 20.9631L17.7499 21.7095L17.6763 20.9631ZM7.81536 16.4752L8.35915 15.9587L7.81536 16.4752ZM3.00289 6.96594L2.25397 7.00613L2.25397 7.00613L3.00289 6.96594ZM9.47752 8.50311L10.0213 9.01963H10.0213L9.47752 8.50311ZM9.63424 5.6931L10.2466 5.26012L9.63424 5.6931ZM8.37326 3.90961L7.76086 4.3426V4.3426L8.37326 3.90961ZM5.26145 3.60864L5.80524 4.12516L5.26145 3.60864ZM3.69185 5.26114L3.14806 4.74462L3.14806 4.74462L3.69185 5.26114ZM11.0631 13.0559L11.6069 12.5394L11.0631 13.0559ZM15.6445 15.5437L16.1 15.0642L15.0124 14.0312L14.5569 14.5107L15.6445 15.5437ZM17.5987 14.8623L19.5092 15.962L20.2575 14.662L18.347 13.5623L17.5987 14.8623ZM19.8779 18.2419L18.4573 19.7375L19.5449 20.7705L20.9655 19.2749L19.8779 18.2419ZM17.6026 20.2167C16.1676 20.3584 12.4233 20.2375 8.35915 15.9587L7.27157 16.9917C11.7009 21.655 15.9261 21.8895 17.7499 21.7095L17.6026 20.2167ZM8.35915 15.9587C4.48303 11.8778 3.83285 8.43556 3.75181 6.92574L2.25397 7.00613C2.35322 8.85536 3.1384 12.6403 7.27157 16.9917L8.35915 15.9587ZM9.7345 9.32159L10.0213 9.01963L8.93372 7.9866L8.64691 8.28856L9.7345 9.32159ZM10.2466 5.26012L8.98565 3.47663L7.76086 4.3426L9.02185 6.12608L10.2466 5.26012ZM4.71766 3.09213L3.14806 4.74462L4.23564 5.77765L5.80524 4.12516L4.71766 3.09213ZM9.1907 8.80507C8.64691 8.28856 8.64622 8.28929 8.64552 8.29002C8.64528 8.29028 8.64458 8.29102 8.64411 8.29152C8.64316 8.29254 8.64219 8.29357 8.64121 8.29463C8.63924 8.29675 8.6372 8.29896 8.6351 8.30127C8.63091 8.30588 8.62646 8.31087 8.62178 8.31625C8.61243 8.32701 8.60215 8.33931 8.59116 8.3532C8.56918 8.38098 8.54431 8.41512 8.51822 8.45588C8.46591 8.53764 8.40917 8.64531 8.36112 8.78033C8.26342 9.0549 8.21018 9.4185 8.27671 9.87257C8.40742 10.7647 8.99198 11.9644 10.5193 13.5724L11.6069 12.5394C10.1793 11.0363 9.82761 10.1106 9.76086 9.65511C9.72866 9.43536 9.76138 9.31957 9.77432 9.28321C9.78159 9.26277 9.78635 9.25709 9.78169 9.26437C9.77944 9.26789 9.77494 9.27451 9.76738 9.28407C9.76359 9.28885 9.75904 9.29437 9.7536 9.30063C9.75088 9.30375 9.74793 9.30706 9.74476 9.31056C9.74317 9.31231 9.74152 9.3141 9.73981 9.31594C9.73896 9.31686 9.73809 9.31779 9.7372 9.31873C9.73676 9.3192 9.73608 9.31992 9.73586 9.32015C9.73518 9.32087 9.7345 9.32159 9.1907 8.80507ZM10.5193 13.5724C12.0422 15.1757 13.1923 15.806 14.0698 15.9485C14.5201 16.0216 14.8846 15.9632 15.1606 15.8544C15.2955 15.8012 15.4022 15.7387 15.4823 15.6819C15.5223 15.6535 15.5556 15.6266 15.5824 15.6031C15.5959 15.5913 15.6077 15.5803 15.618 15.5703C15.6232 15.5654 15.628 15.5606 15.6324 15.5562C15.6346 15.554 15.6367 15.5518 15.6387 15.5497C15.6397 15.5487 15.6407 15.5477 15.6417 15.5467C15.6422 15.5462 15.6429 15.5454 15.6431 15.5452C15.6438 15.5444 15.6445 15.5437 15.1007 15.0272C14.5569 14.5107 14.5576 14.51 14.5583 14.5093C14.5585 14.509 14.5592 14.5083 14.5596 14.5078C14.5605 14.5069 14.5614 14.506 14.5623 14.5051C14.5641 14.5033 14.5658 14.5015 14.5674 14.4998C14.5708 14.4965 14.574 14.4933 14.577 14.4904C14.583 14.4846 14.5885 14.4796 14.5933 14.4754C14.6028 14.467 14.6099 14.4616 14.6145 14.4584C14.6239 14.4517 14.6229 14.454 14.6102 14.459C14.5909 14.4666 14.5 14.4987 14.3103 14.4679C13.9077 14.4025 13.0391 14.0472 11.6069 12.5394L10.5193 13.5724ZM8.98565 3.47663C7.97206 2.04305 5.94384 1.80119 4.71766 3.09213L5.80524 4.12516C6.32808 3.57471 7.24851 3.61795 7.76086 4.3426L8.98565 3.47663ZM3.75181 6.92574C3.73038 6.52644 3.90425 6.12654 4.23564 5.77765L3.14806 4.74462C2.61221 5.30877 2.20493 6.09246 2.25397 7.00613L3.75181 6.92574ZM18.4573 19.7375C18.1783 20.0313 17.8864 20.1887 17.6026 20.2167L17.7499 21.7095C18.497 21.6357 19.1016 21.2373 19.5449 20.7705L18.4573 19.7375ZM10.0213 9.01963C10.9889 8.00095 11.0574 6.40678 10.2466 5.26012L9.02185 6.12608C9.44399 6.72315 9.37926 7.51753 8.93372 7.9866L10.0213 9.01963ZM19.5092 15.962C20.33 16.4345 20.4907 17.5968 19.8779 18.2419L20.9655 19.2749C22.2704 17.901 21.8904 15.6019 20.2575 14.662L19.5092 15.962ZM16.1 15.0642C16.4854 14.6584 17.086 14.5672 17.5987 14.8623L18.347 13.5623C17.2485 12.93 15.8861 13.1113 15.0124 14.0312L16.1 15.0642Z\" fill=\"#69be63\"\/> <\/g>\n\r<\/svg><\/div>\t\t\t\t\t\t\t\t\t\t\t\t\t\t\t\n\t\t\t\t\t\t\t<\/div>\n\t\t\t\t\t\t<\/div>\n\t\t\t\t\t\t\t\t\t\t<div class=\"info-box-content\">\n\t\t\t\t\t\t<h4 class=\"info-box-title title box-title-style-default wd-fontsize-m\">T\u00e9l\u00e9phone<\/h4>\t\t\t\t\t\t<div class=\"info-box-inner set-cont-mb-s reset-last-child\"><p>+31 31 31 31 31 00<\/p>\n<\/div>\n\n\t\t\t\t\t\t\t\t\t\t\t<\/div>\n\n\t\t\t\t\t<style>#wd-65be7a34f262b .info-box-icon {border-color:  !important;}<\/style>\t\t\t\t<\/div>\n\t\t\t<\/div>\n\t\t\t\t\t<div class=\"info-box-wrapper\">\n\t\t\t\t<div id=\"wd-65be7d89dd2f8\" class=\" wd-rs-65be7d89dd2f8 wd-info-box wd-wpb text-left box-icon-align-left box-style- color-scheme- wd-bg-none wd-items-middle \"  >\n\t\t\t\t\t\t\t\t\t\t\t<div class=\"box-icon-wrapper  box-with-icon box-icon-with-bg\">\n\t\t\t\t\t\t\t<div class=\"info-box-icon\">\n\n\t\t\t\t\t\t\t\n\t\t\t\t\t\t\t\t\t\t\t\t\t\t\t\t\t<div class=\"info-svg-wrapper info-icon\" style=\"width: 32px;height: 32px;\"><svg width=\"800px\" height=\"800px\" viewBox=\"0 0 24 24\" fill=\"none\" xmlns=\"http:\/\/www.w3.org\/2000\/svg\">\n\r<g id=\"svg-5013\" stroke-width=\"0\"\/>\n\r<g id=\"SVGRepo_tracerCarrier\" stroke-linecap=\"round\" stroke-linejoin=\"round\"\/>\n\r<g id=\"SVGRepo_iconCarrier\"> <path d=\"M22 10C22.0185 10.7271 22 11.0542 22 12C22 15.7712 22 17.6569 20.8284 18.8284C19.6569 20 17.7712 20 14 20H10C6.22876 20 4.34315 20 3.17157 18.8284C2 17.6569 2 15.7712 2 12C2 8.22876 2 6.34315 3.17157 5.17157C4.34315 4 6.22876 4 10 4H13\" stroke=\"#69be63\" stroke-width=\"1.5\" stroke-linecap=\"round\"\/> <path d=\"M6 8L8.1589 9.79908C9.99553 11.3296 10.9139 12.0949 12 12.0949C13.0861 12.0949 14.0045 11.3296 15.8411 9.79908\" stroke=\"#69be63\" stroke-width=\"1.5\" stroke-linecap=\"round\"\/> <circle cx=\"19\" cy=\"5\" r=\"3\" stroke=\"#69be63\" stroke-width=\"1.5\"\/> <\/g>\n\r<\/svg><\/div>\t\t\t\t\t\t\t\t\t\t\t\t\t\t\t\n\t\t\t\t\t\t\t<\/div>\n\t\t\t\t\t\t<\/div>\n\t\t\t\t\t\t\t\t\t\t<div class=\"info-box-content\">\n\t\t\t\t\t\t<h4 class=\"info-box-title title box-title-style-default wd-fontsize-m\">Email<\/h4>\t\t\t\t\t\t<div class=\"info-box-inner set-cont-mb-s reset-last-child\"><p>contact@ev-help.com<\/p>\n<\/div>\n\n\t\t\t\t\t\t\t\t\t\t\t<\/div>\n\n\t\t\t\t\t<style>#wd-65be7d89dd2f8 .info-box-icon {border-color:  !important;}<\/style>\t\t\t\t<\/div>\n\t\t\t<\/div>\n\t\t\t\t\t<div class=\"info-box-wrapper\">\n\t\t\t\t<div id=\"wd-65be7ee0cb8a6\" class=\" wd-rs-65be7ee0cb8a6 wd-info-box wd-wpb text-left box-icon-align-left box-style- color-scheme- wd-bg-none wd-items-middle \"  >\n\t\t\t\t\t\t\t\t\t\t\t<div class=\"box-icon-wrapper  box-with-icon box-icon-with-bg\">\n\t\t\t\t\t\t\t<div class=\"info-box-icon\">\n\n\t\t\t\t\t\t\t\n\t\t\t\t\t\t\t\t\t\t\t\t\t\t\t\t\t<div class=\"info-svg-wrapper info-icon\" style=\"width: 32px;height: 32px;\"><svg width=\"800px\" height=\"800px\" viewBox=\"0 0 24 24\" fill=\"none\" xmlns=\"http:\/\/www.w3.org\/2000\/svg\">\n\r<g id=\"svg-8030\" stroke-width=\"0\"\/>\n\r<g id=\"SVGRepo_tracerCarrier\" stroke-linecap=\"round\" stroke-linejoin=\"round\"\/>\n\r<g id=\"SVGRepo_iconCarrier\"> <path d=\"M4 10.1433C4 5.64588 7.58172 2 12 2C16.4183 2 20 5.64588 20 10.1433C20 14.6055 17.4467 19.8124 13.4629 21.6744C12.5343 22.1085 11.4657 22.1085 10.5371 21.6744C6.55332 19.8124 4 14.6055 4 10.1433Z\" stroke=\"#69be63\" stroke-width=\"1.5\"\/> <circle cx=\"12\" cy=\"10\" r=\"3\" stroke=\"#69be63\" stroke-width=\"1.5\"\/> <\/g>\n\r<\/svg><\/div>\t\t\t\t\t\t\t\t\t\t\t\t\t\t\t\n\t\t\t\t\t\t\t<\/div>\n\t\t\t\t\t\t<\/div>\n\t\t\t\t\t\t\t\t\t\t<div class=\"info-box-content\">\n\t\t\t\t\t\t<h4 class=\"info-box-title title box-title-style-default wd-fontsize-m\">Adresse<\/h4>\t\t\t\t\t\t<div class=\"info-box-inner set-cont-mb-s reset-last-child\"><p>Randwycksingel 20 (C03) 6229 EE Maastricht<\/p>\n<\/div>\n\n\t\t\t\t\t\t\t\t\t\t\t<\/div>\n\n\t\t\t\t\t<style>#wd-65be7ee0cb8a6 .info-box-icon {border-color:  !important;}<\/style>\t\t\t\t<\/div>\n\t\t\t<\/div>\n\t\t[\/vc_column][vc_column width=&#8221;3\/5&#8243; woodmart_css_id=&#8221;65be7983cf560&#8243; parallax_scroll=&#8221;no&#8221; woodmart_sticky_column=&#8221;false&#8221; wd_collapsible_content_switcher=&#8221;no&#8221; wd_column_role_offcanvas_desktop=&#8221;no&#8221; wd_column_role_offcanvas_tablet=&#8221;no&#8221; wd_column_role_offcanvas_mobile=&#8221;no&#8221; wd_column_role_content_desktop=&#8221;no&#8221; wd_column_role_content_tablet=&#8221;no&#8221; wd_column_role_content_mobile=&#8221;no&#8221; mobile_bg_img_hidden=&#8221;no&#8221; tablet_bg_img_hidden=&#8221;no&#8221; woodmart_parallax=&#8221;0&#8243; woodmart_box_shadow=&#8221;no&#8221; responsive_spacing=&#8221;eyJwYXJhbV90eXBlIjoid29vZG1hcnRfcmVzcG9uc2l2ZV9zcGFjaW5nIiwic2VsZWN0b3JfaWQiOiI2NWJlNzk4M2NmNTYwIiwic2hvcnRjb2RlIjoidmNfY29sdW1uIiwiZGF0YSI6eyJ0YWJsZXQiOnt9LCJtb2JpbGUiOnt9fX0=&#8221; mobile_reset_margin=&#8221;no&#8221; tablet_reset_margin=&#8221;no&#8221; wd_z_index=&#8221;no&#8221;]\n<div class=\"wpcf7 no-js\" id=\"wpcf7-f6-o1\" lang=\"en-US\" dir=\"ltr\">\n<div class=\"screen-reader-response\"><p role=\"status\" aria-live=\"polite\" aria-atomic=\"true\"><\/p> <ul><\/ul><\/div>\n<form action=\"\/site-dechets\/wp-json\/wp\/v2\/pages\/63#wpcf7-f6-o1\" method=\"post\" class=\"wpcf7-form init\" aria-label=\"Contact form\" novalidate=\"novalidate\" data-status=\"init\">\n<div style=\"display: none;\">\n<input type=\"hidden\" name=\"_wpcf7\" value=\"6\" \/>\n<input type=\"hidden\" name=\"_wpcf7_version\" value=\"5.8.6\" \/>\n<input type=\"hidden\" name=\"_wpcf7_locale\" value=\"en_US\" \/>\n<input type=\"hidden\" name=\"_wpcf7_unit_tag\" value=\"wpcf7-f6-o1\" \/>\n<input type=\"hidden\" name=\"_wpcf7_container_post\" value=\"0\" \/>\n<input type=\"hidden\" name=\"_wpcf7_posted_data_hash\" value=\"\" \/>\n<\/div>\n<div class=\"row\">\n\t<div class=\"col-md-6\">\n\t\t<p><span class=\"wpcf7-form-control-wrap\" data-name=\"your-name\"><input size=\"40\" class=\"wpcf7-form-control wpcf7-text wpcf7-validates-as-required\" aria-required=\"true\" aria-invalid=\"false\" placeholder=\"Nom\" value=\"\" type=\"text\" name=\"your-name\" \/><\/span>\n\t\t<\/p>\n\t<\/div>\n\t<div class=\"col-md-6\">\n\t\t<p><span class=\"wpcf7-form-control-wrap\" data-name=\"your-name\"><input size=\"40\" class=\"wpcf7-form-control wpcf7-text wpcf7-validates-as-required\" aria-required=\"true\" aria-invalid=\"false\" placeholder=\"Pr\u00e9nom\" value=\"\" type=\"text\" name=\"your-name\" \/><\/span>\n\t\t<\/p>\n\t<\/div>\n\t<div class=\"col-md-6\">\n\t\t<p><span class=\"wpcf7-form-control-wrap\" data-name=\"your-email\"><input size=\"40\" class=\"wpcf7-form-control wpcf7-email wpcf7-text wpcf7-validates-as-email\" aria-invalid=\"false\" placeholder=\"Adresse email\" value=\"\" type=\"email\" name=\"your-email\" \/><\/span>\n\t\t<\/p>\n\t<\/div>\n\t<div class=\"col-md-6\">\n\t\t<p><span class=\"wpcf7-form-control-wrap\" data-name=\"your-tel\"><input size=\"40\" class=\"wpcf7-form-control wpcf7-text wpcf7-validates-as-required\" aria-required=\"true\" aria-invalid=\"false\" placeholder=\"Num\u00e9ro de t\u00e9l\u00e9phone\" value=\"\" type=\"text\" name=\"your-tel\" \/><\/span>\n\t\t<\/p>\n\t<\/div>\n\t<div class=\"col-md-12\">\n\t\t<p><span class=\"wpcf7-form-control-wrap\" data-name=\"textarea-679\"><textarea cols=\"40\" rows=\"10\" class=\"wpcf7-form-control wpcf7-textarea\" aria-invalid=\"false\" placeholder=\"Message\" name=\"textarea-679\"><\/textarea><\/span><br \/>\n<input class=\"wpcf7-form-control wpcf7-submit has-spinner btn\" type=\"submit\" value=\"Envoyer\" \/>\n\t\t<\/p>\n\t<\/div>\n<\/div><div class=\"wpcf7-response-output\" aria-hidden=\"true\"><\/div>\n<\/form>\n<\/div>\n[\/vc_column][\/vc_row]<\/p>\n<\/div>","protected":false},"excerpt":{"rendered":"<p>[vc_row][vc_column width=&#8221;2\/5&#8243; woodmart_css_id=&#8221;65be798de9246&#8243; parallax_scroll=&#8221;no&#8221; woodmart_sticky_column=&#8221;false&#8221; wd_collapsible_content_switcher=&#8221;no&#8221; wd_column_role_offcanvas_desktop=&#8221;no&#8221; wd_column_role_offcanvas_tablet=&#8221;no&#8221; wd_column_role_offcanvas_mobile=&#8221;no&#8221; wd_column_role_content_desktop=&#8221;no&#8221; wd_column_role_content_tablet=&#8221;no&#8221; wd_column_role_content_mobile=&#8221;no&#8221; mobile_bg_img_hidden=&#8221;no&#8221; tablet_bg_img_hidden=&#8221;no&#8221; woodmart_parallax=&#8221;0&#8243; woodmart_box_shadow=&#8221;no&#8221; responsive_spacing=&#8221;eyJwYXJhbV90eXBlIjoid29vZG1hcnRfcmVzcG9uc2l2ZV9zcGFjaW5nIiwic2VsZWN0b3JfaWQiOiI2NWJlNzk4ZGU5MjQ2Iiwic2hvcnRjb2RlIjoidmNfY29sdW1uIiwiZGF0YSI6eyJ0YWJsZXQiOnt9LCJtb2JpbGUiOnt9fX0=&#8221; mobile_reset_margin=&#8221;no&#8221; tablet_reset_margin=&#8221;no&#8221; wd_z_index=&#8221;no&#8221;][\/vc_column][vc_column<\/p>\n","protected":false},"author":1,"featured_media":0,"parent":0,"menu_order":0,"comment_status":"closed","ping_status":"closed","template":"","meta":{"footnotes":""},"_links":{"self":[{"href":"https:\/\/click.ma\/site-dechets\/wp-json\/wp\/v2\/pages\/63"}],"collection":[{"href":"https:\/\/click.ma\/site-dechets\/wp-json\/wp\/v2\/pages"}],"about":[{"href":"https:\/\/click.ma\/site-dechets\/wp-json\/wp\/v2\/types\/page"}],"author":[{"embeddable":true,"href":"https:\/\/click.ma\/site-dechets\/wp-json\/wp\/v2\/users\/1"}],"replies":[{"embeddable":true,"href":"https:\/\/click.ma\/site-dechets\/wp-json\/wp\/v2\/comments?post=63"}],"version-history":[{"count":6,"href":"https:\/\/click.ma\/site-dechets\/wp-json\/wp\/v2\/pages\/63\/revisions"}],"predecessor-version":[{"id":138,"href":"https:\/\/click.ma\/site-dechets\/wp-json\/wp\/v2\/pages\/63\/revisions\/138"}],"wp:attachment":[{"href":"https:\/\/click.ma\/site-dechets\/wp-json\/wp\/v2\/media?parent=63"}],"curies":[{"name":"wp","href":"https:\/\/api.w.org\/{rel}","templated":true}]}}