{"id":207,"date":"2024-11-30T21:33:27","date_gmt":"2024-11-30T21:33:27","guid":{"rendered":"https:\/\/click.ma\/site-dechets\/?page_id=207"},"modified":"2024-12-01T14:50:04","modified_gmt":"2024-12-01T14:50:04","slug":"gestion-des-dechets-hospitaliers","status":"publish","type":"page","link":"https:\/\/click.ma\/site-dechets\/gestion-des-dechets-hospitaliers\/","title":{"rendered":"Gestion des D\u00e9chets Hospitaliers"},"content":{"rendered":"<div class=\"wpb-content-wrapper\"><p>[vc_row full_width=&#8221;stretch_row&#8221; full_height=&#8221;yes&#8221; woodmart_css_id=&#8221;6749a2e19e913&#8243; responsive_spacing=&#8221;eyJwYXJhbV90eXBlIjoid29vZG1hcnRfcmVzcG9uc2l2ZV9zcGFjaW5nIiwic2VsZWN0b3JfaWQiOiI2NzQ5YTJlMTllOTEzIiwic2hvcnRjb2RlIjoidmNfcm93IiwiZGF0YSI6eyJ0YWJsZXQiOnt9LCJtb2JpbGUiOnt9fX0=&#8221; mobile_bg_img_hidden=&#8221;no&#8221; tablet_bg_img_hidden=&#8221;no&#8221; woodmart_parallax=&#8221;0&#8243; woodmart_gradient_switch=&#8221;yes&#8221; woodmart_box_shadow=&#8221;no&#8221; wd_z_index=&#8221;no&#8221; woodmart_disable_overflow=&#8221;0&#8243; row_reverse_mobile=&#8221;0&#8243; row_reverse_tablet=&#8221;0&#8243; css=&#8221;.vc_custom_1732879085046{margin-bottom: 0px !important;background-image: url(https:\/\/click.ma\/site-dechets\/wp-content\/uploads\/2024\/11\/gestion-des-dechets-maroc-paper_industry.jpg?id=95) !important;background-position: center !important;background-repeat: no-repeat !important;background-size: cover !important;}&#8221; el_id=&#8221;hero-section&#8221; woodmart_color_gradient=&#8221;rgb(60, 27, 59)-0\/rgb(90, 55, 105)-0\/rgb(46, 76, 130)-0\/rgb(29, 28, 44)-43\/|linear-gradient(left , rgb(60, 27, 59) , rgb(90, 55, 105) , rgb(46, 76, 130) , rgb(29, 28, 44) 43%)|linear|left&#8221;][vc_column][vc_row_inner content_placement=&#8221;middle&#8221; gap=&#8221;20&#8243; woodmart_css_id=&#8221;6546196914195&#8243; responsive_spacing=&#8221;eyJwYXJhbV90eXBlIjoid29vZG1hcnRfcmVzcG9uc2l2ZV9zcGFjaW5nIiwic2VsZWN0b3JfaWQiOiI2NTQ2MTk2OTE0MTk1Iiwic2hvcnRjb2RlIjoidmNfcm93X2lubmVyIiwiZGF0YSI6eyJ0YWJsZXQiOnt9LCJtb2JpbGUiOnt9fX0=&#8221; mobile_bg_img_hidden=&#8221;no&#8221; tablet_bg_img_hidden=&#8221;no&#8221; woodmart_parallax=&#8221;0&#8243; woodmart_gradient_switch=&#8221;no&#8221; woodmart_box_shadow=&#8221;no&#8221; wd_z_index=&#8221;no&#8221; woodmart_disable_overflow=&#8221;0&#8243; row_reverse_mobile=&#8221;0&#8243; row_reverse_tablet=&#8221;0&#8243; css=&#8221;.vc_custom_1699092853024{padding-top: 60px !important;padding-bottom: 60px !important;}&#8221;][vc_column_inner width=&#8221;1\/2&#8243; woodmart_css_id=&#8221;653d0c944e2fb&#8221; parallax_scroll=&#8221;no&#8221; woodmart_sticky_column=&#8221;false&#8221; wd_collapsible_content_switcher=&#8221;no&#8221; wd_column_role_offcanvas_desktop=&#8221;no&#8221; wd_column_role_offcanvas_tablet=&#8221;no&#8221; wd_column_role_offcanvas_mobile=&#8221;no&#8221; wd_column_role_content_desktop=&#8221;no&#8221; wd_column_role_content_tablet=&#8221;no&#8221; wd_column_role_content_mobile=&#8221;no&#8221; mobile_bg_img_hidden=&#8221;no&#8221; tablet_bg_img_hidden=&#8221;no&#8221; woodmart_parallax=&#8221;0&#8243; woodmart_box_shadow=&#8221;no&#8221; responsive_spacing=&#8221;eyJwYXJhbV90eXBlIjoid29vZG1hcnRfcmVzcG9uc2l2ZV9zcGFjaW5nIiwic2VsZWN0b3JfaWQiOiI2NTNkMGM5NDRlMmZiIiwic2hvcnRjb2RlIjoidmNfY29sdW1uX2lubmVyIiwiZGF0YSI6eyJ0YWJsZXQiOnt9LCJtb2JpbGUiOnt9fX0=&#8221; wd_z_index=&#8221;no&#8221;]\t\t\t<link rel=\"stylesheet\" id=\"wd-section-title-css\" href=\"https:\/\/click.ma\/site-dechets\/wp-content\/themes\/think\/css\/parts\/el-section-title.min.css?ver=7.3.0\" type=\"text\/css\" media=\"all\" \/> \t\t\t\t\t\t<link rel=\"stylesheet\" id=\"wd-mod-highlighted-text-css\" href=\"https:\/\/click.ma\/site-dechets\/wp-content\/themes\/think\/css\/parts\/mod-highlighted-text.min.css?ver=7.3.0\" type=\"text\/css\" media=\"all\" \/> \t\t\t\n\t\t<div id=\"wd-674c779087998\" class=\"title-wrapper wd-wpb set-mb-s reset-last-child  wd-rs-674c779087998 wd-title-color-white wd-title-style-default text-left  wd-width-enabled wd-underline-colored\" style=\"--wd-max-width: 90%;\">\n\t\t\t\t\t\t\t<div class=\"title-subtitle  subtitle-color-white font-default subtitle-style-default wd-font-weight- wd-fontsize-xs\">ZERO DECHETS (ZED)<\/div>\n\t\t\t\n\t\t\t<div class=\"liner-continer\">\n\t\t\t\t<h1 class=\"woodmart-title-container title  wd-font-weight-500 wd-fontsize-xxl\" >Gestion des D\u00e9chets Hospitaliers : Des Solutions S\u00e9curis\u00e9es pour le Secteur M\u00e9dical<\/h1>\n\t\t\t\t\t\t\t<\/div>\n\t\t\t\n\t\t\t\t\t\t\t<div class=\"title-after_title  set-cont-mb-s reset-last-child  wd-fontsize-s\">ZED offre des services sp\u00e9cialis\u00e9s pour la collecte, le traitement et l\u2019\u00e9limination des d\u00e9chets hospitaliers, en garantissant s\u00e9curit\u00e9 et conformit\u00e9.<\/div>\n\t\t\t\n\t\t\t\n\t\t<\/div>\n\t\t\n\t\t<div id=\"wd-674c72164d010\" class=\" wd-rs-674c72164d010  wd-button-wrapper text-left\"><a href=\"https:\/\/click.ma\/site-dechets\/contact\/?srv=Gestion des D\u00e9chets Hospitaliers\" title=\"\" class=\"btn btn-color-primary btn-style-default btn-style-round btn-size-large hero-cta btn-icon-pos-right\">Contactez-nous maintenant<span class=\"wd-btn-icon\"><span class=\"wd-icon fas fa-long-arrow-alt-right\"><\/span><\/span><\/a><\/div>[\/vc_column_inner][vc_column_inner width=&#8221;1\/2&#8243; woodmart_css_id=&#8221;65455c1e49bfb&#8221; parallax_scroll=&#8221;no&#8221; woodmart_sticky_column=&#8221;false&#8221; wd_collapsible_content_switcher=&#8221;no&#8221; wd_column_role_offcanvas_desktop=&#8221;no&#8221; wd_column_role_offcanvas_tablet=&#8221;no&#8221; wd_column_role_offcanvas_mobile=&#8221;no&#8221; wd_column_role_content_desktop=&#8221;no&#8221; wd_column_role_content_tablet=&#8221;no&#8221; wd_column_role_content_mobile=&#8221;no&#8221; mobile_bg_img_hidden=&#8221;no&#8221; tablet_bg_img_hidden=&#8221;no&#8221; woodmart_parallax=&#8221;0&#8243; woodmart_box_shadow=&#8221;no&#8221; responsive_spacing=&#8221;eyJwYXJhbV90eXBlIjoid29vZG1hcnRfcmVzcG9uc2l2ZV9zcGFjaW5nIiwic2VsZWN0b3JfaWQiOiI2NTQ1NWMxZTQ5YmZiIiwic2hvcnRjb2RlIjoidmNfY29sdW1uX2lubmVyIiwiZGF0YSI6eyJ0YWJsZXQiOnt9LCJtb2JpbGUiOnsibWFyZ2luLXJpZ2h0IjoiMTBweCIsIm1hcmdpbi1sZWZ0IjoiMTBweCJ9fX0=&#8221; wd_z_index=&#8221;no&#8221;]\t\t<div id=\"wd-674c7680d7b41\" class=\"wd-image wd-wpb wd-rs-674c7680d7b41 text-center \">\n\t\t\t\n\t\t\t<img loading=\"lazy\" decoding=\"async\" width=\"600\" height=\"400\" src=\"https:\/\/click.ma\/site-dechets\/wp-content\/uploads\/2024\/12\/les-Dechets-Hospitaliers.webp\" class=\"attachment-full size-full\" alt=\"\" srcset=\"https:\/\/click.ma\/site-dechets\/wp-content\/uploads\/2024\/12\/les-Dechets-Hospitaliers.webp 600w, https:\/\/click.ma\/site-dechets\/wp-content\/uploads\/2024\/12\/les-Dechets-Hospitaliers-300x200.webp 300w\" sizes=\"(max-width: 600px) 100vw, 600px\" \/>\n\t\t\t\t\t<\/div>\n\t\t[\/vc_column_inner][\/vc_row_inner][\/vc_column][\/vc_row][vc_row equal_height=&#8221;yes&#8221; content_placement=&#8221;top&#8221; woodmart_css_id=&#8221;6749aa9ee823a&#8221; responsive_spacing=&#8221;eyJwYXJhbV90eXBlIjoid29vZG1hcnRfcmVzcG9uc2l2ZV9zcGFjaW5nIiwic2VsZWN0b3JfaWQiOiI2NzQ5YWE5ZWU4MjNhIiwic2hvcnRjb2RlIjoidmNfcm93IiwiZGF0YSI6eyJ0YWJsZXQiOnt9LCJtb2JpbGUiOnt9fX0=&#8221; mobile_bg_img_hidden=&#8221;no&#8221; tablet_bg_img_hidden=&#8221;no&#8221; woodmart_parallax=&#8221;0&#8243; woodmart_gradient_switch=&#8221;no&#8221; woodmart_box_shadow=&#8221;no&#8221; wd_z_index=&#8221;no&#8221; woodmart_disable_overflow=&#8221;0&#8243; row_reverse_mobile=&#8221;0&#8243; row_reverse_tablet=&#8221;0&#8243; css=&#8221;.vc_custom_1732881061025{margin-top: 50px !important;}&#8221;][vc_column width=&#8221;2\/3&#8243; woodmart_sticky_column_offset=&#8221;150&#8243; woodmart_css_id=&#8221;65455fe97c09b&#8221; parallax_scroll=&#8221;no&#8221; woodmart_sticky_column=&#8221;true&#8221; wd_collapsible_content_switcher=&#8221;no&#8221; wd_column_role_offcanvas_desktop=&#8221;no&#8221; wd_column_role_offcanvas_tablet=&#8221;no&#8221; wd_column_role_offcanvas_mobile=&#8221;no&#8221; wd_column_role_content_desktop=&#8221;no&#8221; wd_column_role_content_tablet=&#8221;no&#8221; wd_column_role_content_mobile=&#8221;no&#8221; mobile_bg_img_hidden=&#8221;no&#8221; tablet_bg_img_hidden=&#8221;no&#8221; woodmart_parallax=&#8221;0&#8243; woodmart_box_shadow=&#8221;no&#8221; responsive_spacing=&#8221;eyJwYXJhbV90eXBlIjoid29vZG1hcnRfcmVzcG9uc2l2ZV9zcGFjaW5nIiwic2VsZWN0b3JfaWQiOiI2NTQ1NWZlOTdjMDliIiwic2hvcnRjb2RlIjoidmNfY29sdW1uIiwiZGF0YSI6eyJ0YWJsZXQiOnt9LCJtb2JpbGUiOnt9fX0=&#8221; mobile_reset_margin=&#8221;no&#8221; tablet_reset_margin=&#8221;no&#8221; wd_z_index=&#8221;no&#8221;][vc_column_text woodmart_inline=&#8221;no&#8221; text_larger=&#8221;no&#8221;]<\/p>\n<h2>Gestion des D\u00e9chets Hospitaliers<\/h2>\n<p>Les d\u00e9chets hospitaliers pr\u00e9sentent des risques sanitaires et environnementaux importants. Leur gestion n\u00e9cessite une expertise avanc\u00e9e et des protocoles stricts pour garantir la s\u00e9curit\u00e9 et la conformit\u00e9 r\u00e9glementaire. ZED accompagne les \u00e9tablissements de sant\u00e9 avec des solutions sur mesure pour une \u00e9limination s\u00e9curis\u00e9e.<\/p>\n<h2>Nos Services pour les D\u00e9chets Hospitaliers<\/h2>\n<ol>\n<li>\n<h3>Collecte et Stockage S\u00e9curis\u00e9s<\/h3>\n<\/li>\n<\/ol>\n<p>Nous fournissons des contenants homologu\u00e9s pour la collecte des d\u00e9chets hospitaliers, garantissant une manipulation sans risque.<\/p>\n<ol start=\"2\">\n<li>\n<h3>Traitement et \u00c9limination<\/h3>\n<\/li>\n<\/ol>\n<ul>\n<li><strong>Incin\u00e9ration haute performance<\/strong> : Destruction compl\u00e8te des d\u00e9chets infectieux et dangereux.<\/li>\n<li><strong>St\u00e9rilisation<\/strong> : R\u00e9duction des risques microbiologiques avant \u00e9limination.<\/li>\n<li><strong>Enfouissement contr\u00f4l\u00e9<\/strong> : Pour les d\u00e9chets non combustibles et sp\u00e9cifiques.<\/li>\n<\/ul>\n<ol start=\"3\">\n<li>\n<h3>Tra\u00e7abilit\u00e9 et Rapports R\u00e9glementaires<\/h3>\n<\/li>\n<\/ol>\n<p>Chaque \u00e9tape est document\u00e9e avec :<\/p>\n<ul>\n<li>Bordereaux de Suivi des D\u00e9chets (BSD).<\/li>\n<li>Attestations d\u2019\u00c9limination (ADE).<\/li>\n<li>Rapports p\u00e9riodiques d\u00e9taillant les op\u00e9rations r\u00e9alis\u00e9es.<\/li>\n<\/ul>\n<h2>Types de D\u00e9chets Pris en Charge :<\/h2>\n<ul>\n<li>D\u00e9chets infectieux et pathologiques.<\/li>\n<li>Aiguilles et objets tranchants (DASRI).<\/li>\n<li>Mat\u00e9riels contamin\u00e9s et \u00e9quipements m\u00e9dicaux.<\/li>\n<li>R\u00e9sidus de m\u00e9dicaments ou produits chimiques hospitaliers.<\/li>\n<\/ul>\n<p>[\/vc_column_text][\/vc_column][vc_column width=&#8221;1\/3&#8243; woodmart_sticky_column_offset=&#8221;60&#8243; woodmart_css_id=&#8221;654560d84ca59&#8243; parallax_scroll=&#8221;no&#8221; woodmart_sticky_column=&#8221;true&#8221; wd_collapsible_content_switcher=&#8221;no&#8221; wd_column_role_offcanvas_desktop=&#8221;no&#8221; wd_column_role_offcanvas_tablet=&#8221;no&#8221; wd_column_role_offcanvas_mobile=&#8221;no&#8221; wd_column_role_content_desktop=&#8221;no&#8221; wd_column_role_content_tablet=&#8221;no&#8221; wd_column_role_content_mobile=&#8221;no&#8221; mobile_bg_img_hidden=&#8221;no&#8221; tablet_bg_img_hidden=&#8221;no&#8221; woodmart_parallax=&#8221;0&#8243; woodmart_box_shadow=&#8221;no&#8221; responsive_spacing=&#8221;eyJwYXJhbV90eXBlIjoid29vZG1hcnRfcmVzcG9uc2l2ZV9zcGFjaW5nIiwic2VsZWN0b3JfaWQiOiI2NTQ1NjBkODRjYTU5Iiwic2hvcnRjb2RlIjoidmNfY29sdW1uIiwiZGF0YSI6eyJ0YWJsZXQiOnt9LCJtb2JpbGUiOnt9fX0=&#8221; mobile_reset_margin=&#8221;no&#8221; tablet_reset_margin=&#8221;no&#8221; wd_z_index=&#8221;no&#8221;]<style data-type=\"vc_shortcodes-custom-css\">.vc_custom_1699454205176{margin-bottom: 15px !important;}form.wpcf7-form{--wd-form-bg: rgb(247,247,247);}<\/style><p>[vc_row el_id=\"sidebar-service\" woodmart_css_id=\"6570a24fb06bc\" responsive_spacing=\"eyJwYXJhbV90eXBlIjoid29vZG1hcnRfcmVzcG9uc2l2ZV9zcGFjaW5nIiwic2VsZWN0b3JfaWQiOiI2NTcwYTI0ZmIwNmJjIiwic2hvcnRjb2RlIjoidmNfcm93IiwiZGF0YSI6eyJ0YWJsZXQiOnt9LCJtb2JpbGUiOnt9fX0=\" mobile_bg_img_hidden=\"no\" tablet_bg_img_hidden=\"no\" woodmart_parallax=\"0\" woodmart_gradient_switch=\"no\" woodmart_box_shadow=\"no\" wd_z_index=\"no\" woodmart_disable_overflow=\"0\" row_reverse_mobile=\"0\" row_reverse_tablet=\"0\"][vc_column]\n\t\t<div id=\"wd-654b9ce00663f\" class=\"title-wrapper wd-wpb set-mb-s reset-last-child  wd-rs-654b9ce00663f wd-title-color-default wd-title-style-default text-left vc_custom_1699454205176 wd-underline-colored\">\n\t\t\t\n\t\t\t<div class=\"liner-continer\">\n\t\t\t\t<h4 class=\"woodmart-title-container title  wd-font-weight- wd-fontsize-l\" >Demande de devis<\/h4>\n\t\t\t\t\t\t\t<\/div>\n\t\t\t\n\t\t\t\n\t\t\t\n\t\t<\/div>\n\t\t\n\t\t\n<div class=\"wpcf7 no-js\" id=\"wpcf7-f114-o1\" lang=\"en-US\" dir=\"ltr\">\n<div class=\"screen-reader-response\"><p role=\"status\" aria-live=\"polite\" aria-atomic=\"true\"><\/p> <ul><\/ul><\/div>\n<form action=\"\/site-dechets\/wp-json\/wp\/v2\/pages\/207#wpcf7-f114-o1\" method=\"post\" class=\"wpcf7-form init\" aria-label=\"Contact form\" novalidate=\"novalidate\" data-status=\"init\">\n<div style=\"display: none;\">\n<input type=\"hidden\" name=\"_wpcf7\" value=\"114\" \/>\n<input type=\"hidden\" name=\"_wpcf7_version\" value=\"5.8.6\" \/>\n<input type=\"hidden\" name=\"_wpcf7_locale\" value=\"en_US\" \/>\n<input type=\"hidden\" name=\"_wpcf7_unit_tag\" value=\"wpcf7-f114-o1\" \/>\n<input type=\"hidden\" name=\"_wpcf7_container_post\" value=\"0\" \/>\n<input type=\"hidden\" name=\"_wpcf7_posted_data_hash\" value=\"\" \/>\n<\/div>\n<p><label> <strong>Nom et Pr\u00e9nom<\/strong><br \/>\n<span class=\"wpcf7-form-control-wrap\" data-name=\"your-name\"><input size=\"40\" class=\"wpcf7-form-control wpcf7-text wpcf7-validates-as-required\" aria-required=\"true\" aria-invalid=\"false\" value=\"\" type=\"text\" name=\"your-name\" \/><\/span> <\/label>\n<\/p>\n<p><label> <strong>Num\u00e9ro de T\u00e9l\u00e9phone<\/strong><br \/>\n<span class=\"wpcf7-form-control-wrap\" data-name=\"your-tel\"><input size=\"40\" class=\"wpcf7-form-control wpcf7-tel wpcf7-validates-as-required wpcf7-text wpcf7-validates-as-tel\" aria-required=\"true\" aria-invalid=\"false\" value=\"\" type=\"tel\" name=\"your-tel\" \/><\/span> <\/label>\n<\/p>\n<p><label> <strong>Adresse mail<\/strong><br \/>\n<span class=\"wpcf7-form-control-wrap\" data-name=\"your-mail\"><input size=\"40\" class=\"wpcf7-form-control wpcf7-email wpcf7-validates-as-required wpcf7-text wpcf7-validates-as-email\" aria-required=\"true\" aria-invalid=\"false\" value=\"\" type=\"email\" name=\"your-mail\" \/><\/span> <\/label>\n<\/p>\n<p><label> <strong>Ville<\/strong><br \/>\n<span class=\"wpcf7-form-control-wrap\" data-name=\"your-ville\"><input size=\"40\" class=\"wpcf7-form-control wpcf7-text wpcf7-validates-as-required\" aria-required=\"true\" aria-invalid=\"false\" value=\"\" type=\"text\" name=\"your-ville\" \/><\/span> <\/label>\n<\/p>\n<p><label> <strong>Commentaire<\/strong><br \/>\n<span class=\"wpcf7-form-control-wrap\" data-name=\"your-comment\"><textarea cols=\"40\" rows=\"10\" class=\"wpcf7-form-control wpcf7-textarea\" aria-invalid=\"false\" name=\"your-comment\"><\/textarea><\/span> <\/label>\n<\/p>\n<p><input class=\"wpcf7-form-control wpcf7-submit has-spinner btn-color-primary btn-submit\" type=\"submit\" value=\"DEMANDEZ UN DEVIS\" \/>\n<\/p><div class=\"wpcf7-response-output\" aria-hidden=\"true\"><\/div>\n<\/form>\n<\/div>\n[\/vc_column][\/vc_row]<\/p>\r\n[\/vc_column][\/vc_row]<\/p>\n<\/div>","protected":false},"excerpt":{"rendered":"<p>[vc_row full_width=&#8221;stretch_row&#8221; full_height=&#8221;yes&#8221; woodmart_css_id=&#8221;6749a2e19e913&#8243; responsive_spacing=&#8221;eyJwYXJhbV90eXBlIjoid29vZG1hcnRfcmVzcG9uc2l2ZV9zcGFjaW5nIiwic2VsZWN0b3JfaWQiOiI2NzQ5YTJlMTllOTEzIiwic2hvcnRjb2RlIjoidmNfcm93IiwiZGF0YSI6eyJ0YWJsZXQiOnt9LCJtb2JpbGUiOnt9fX0=&#8221; mobile_bg_img_hidden=&#8221;no&#8221; tablet_bg_img_hidden=&#8221;no&#8221; woodmart_parallax=&#8221;0&#8243; woodmart_gradient_switch=&#8221;yes&#8221; woodmart_box_shadow=&#8221;no&#8221; wd_z_index=&#8221;no&#8221; woodmart_disable_overflow=&#8221;0&#8243; row_reverse_mobile=&#8221;0&#8243; row_reverse_tablet=&#8221;0&#8243; css=&#8221;.vc_custom_1732879085046{margin-bottom: 0px !important;background-image: url(https:\/\/click.ma\/site-dechets\/wp-content\/uploads\/2024\/11\/gestion-des-dechets-maroc-paper_industry.jpg?id=95) !important;background-position: center<\/p>\n","protected":false},"author":1,"featured_media":0,"parent":0,"menu_order":0,"comment_status":"closed","ping_status":"closed","template":"","meta":{"footnotes":""},"_links":{"self":[{"href":"https:\/\/click.ma\/site-dechets\/wp-json\/wp\/v2\/pages\/207"}],"collection":[{"href":"https:\/\/click.ma\/site-dechets\/wp-json\/wp\/v2\/pages"}],"about":[{"href":"https:\/\/click.ma\/site-dechets\/wp-json\/wp\/v2\/types\/page"}],"author":[{"embeddable":true,"href":"https:\/\/click.ma\/site-dechets\/wp-json\/wp\/v2\/users\/1"}],"replies":[{"embeddable":true,"href":"https:\/\/click.ma\/site-dechets\/wp-json\/wp\/v2\/comments?post=207"}],"version-history":[{"count":6,"href":"https:\/\/click.ma\/site-dechets\/wp-json\/wp\/v2\/pages\/207\/revisions"}],"predecessor-version":[{"id":214,"href":"https:\/\/click.ma\/site-dechets\/wp-json\/wp\/v2\/pages\/207\/revisions\/214"}],"wp:attachment":[{"href":"https:\/\/click.ma\/site-dechets\/wp-json\/wp\/v2\/media?parent=207"}],"curies":[{"name":"wp","href":"https:\/\/api.w.org\/{rel}","templated":true}]}}