{"id":193,"date":"2024-11-30T20:38:53","date_gmt":"2024-11-30T20:38:53","guid":{"rendered":"https:\/\/click.ma\/site-dechets\/?page_id=193"},"modified":"2024-11-30T20:53:01","modified_gmt":"2024-11-30T20:53:01","slug":"gestion-des-produits-perimes-ou-non-conformes","status":"publish","type":"page","link":"https:\/\/click.ma\/site-dechets\/gestion-des-produits-perimes-ou-non-conformes\/","title":{"rendered":"Gestion des Produits P\u00e9rim\u00e9s ou Non Conformes"},"content":{"rendered":"<div class=\"wpb-content-wrapper\"><p>[vc_row full_width=&#8221;stretch_row&#8221; full_height=&#8221;yes&#8221; woodmart_css_id=&#8221;6749a2e19e913&#8243; responsive_spacing=&#8221;eyJwYXJhbV90eXBlIjoid29vZG1hcnRfcmVzcG9uc2l2ZV9zcGFjaW5nIiwic2VsZWN0b3JfaWQiOiI2NzQ5YTJlMTllOTEzIiwic2hvcnRjb2RlIjoidmNfcm93IiwiZGF0YSI6eyJ0YWJsZXQiOnt9LCJtb2JpbGUiOnt9fX0=&#8221; mobile_bg_img_hidden=&#8221;no&#8221; tablet_bg_img_hidden=&#8221;no&#8221; woodmart_parallax=&#8221;0&#8243; woodmart_gradient_switch=&#8221;yes&#8221; woodmart_box_shadow=&#8221;no&#8221; wd_z_index=&#8221;no&#8221; woodmart_disable_overflow=&#8221;0&#8243; row_reverse_mobile=&#8221;0&#8243; row_reverse_tablet=&#8221;0&#8243; css=&#8221;.vc_custom_1732879085046{margin-bottom: 0px !important;background-image: url(https:\/\/click.ma\/site-dechets\/wp-content\/uploads\/2024\/11\/gestion-des-dechets-maroc-paper_industry.jpg?id=95) !important;background-position: center !important;background-repeat: no-repeat !important;background-size: cover !important;}&#8221; el_id=&#8221;hero-section&#8221; woodmart_color_gradient=&#8221;rgb(60, 27, 59)-0\/rgb(90, 55, 105)-0\/rgb(46, 76, 130)-0\/rgb(29, 28, 44)-43\/|linear-gradient(left , rgb(60, 27, 59) , rgb(90, 55, 105) , rgb(46, 76, 130) , rgb(29, 28, 44) 43%)|linear|left&#8221;][vc_column][vc_row_inner content_placement=&#8221;middle&#8221; gap=&#8221;20&#8243; woodmart_css_id=&#8221;6546196914195&#8243; responsive_spacing=&#8221;eyJwYXJhbV90eXBlIjoid29vZG1hcnRfcmVzcG9uc2l2ZV9zcGFjaW5nIiwic2VsZWN0b3JfaWQiOiI2NTQ2MTk2OTE0MTk1Iiwic2hvcnRjb2RlIjoidmNfcm93X2lubmVyIiwiZGF0YSI6eyJ0YWJsZXQiOnt9LCJtb2JpbGUiOnt9fX0=&#8221; mobile_bg_img_hidden=&#8221;no&#8221; tablet_bg_img_hidden=&#8221;no&#8221; woodmart_parallax=&#8221;0&#8243; woodmart_gradient_switch=&#8221;no&#8221; woodmart_box_shadow=&#8221;no&#8221; wd_z_index=&#8221;no&#8221; woodmart_disable_overflow=&#8221;0&#8243; row_reverse_mobile=&#8221;0&#8243; row_reverse_tablet=&#8221;0&#8243; css=&#8221;.vc_custom_1699092853024{padding-top: 60px !important;padding-bottom: 60px !important;}&#8221;][vc_column_inner width=&#8221;1\/2&#8243; woodmart_css_id=&#8221;653d0c944e2fb&#8221; parallax_scroll=&#8221;no&#8221; woodmart_sticky_column=&#8221;false&#8221; wd_collapsible_content_switcher=&#8221;no&#8221; wd_column_role_offcanvas_desktop=&#8221;no&#8221; wd_column_role_offcanvas_tablet=&#8221;no&#8221; wd_column_role_offcanvas_mobile=&#8221;no&#8221; wd_column_role_content_desktop=&#8221;no&#8221; wd_column_role_content_tablet=&#8221;no&#8221; wd_column_role_content_mobile=&#8221;no&#8221; mobile_bg_img_hidden=&#8221;no&#8221; tablet_bg_img_hidden=&#8221;no&#8221; woodmart_parallax=&#8221;0&#8243; woodmart_box_shadow=&#8221;no&#8221; responsive_spacing=&#8221;eyJwYXJhbV90eXBlIjoid29vZG1hcnRfcmVzcG9uc2l2ZV9zcGFjaW5nIiwic2VsZWN0b3JfaWQiOiI2NTNkMGM5NDRlMmZiIiwic2hvcnRjb2RlIjoidmNfY29sdW1uX2lubmVyIiwiZGF0YSI6eyJ0YWJsZXQiOnt9LCJtb2JpbGUiOnt9fX0=&#8221; wd_z_index=&#8221;no&#8221;]\t\t\t<link rel=\"stylesheet\" id=\"wd-section-title-css\" href=\"https:\/\/click.ma\/site-dechets\/wp-content\/themes\/think\/css\/parts\/el-section-title.min.css?ver=7.3.0\" type=\"text\/css\" media=\"all\" \/> \t\t\t\t\t\t<link rel=\"stylesheet\" id=\"wd-mod-highlighted-text-css\" href=\"https:\/\/click.ma\/site-dechets\/wp-content\/themes\/think\/css\/parts\/mod-highlighted-text.min.css?ver=7.3.0\" type=\"text\/css\" media=\"all\" \/> \t\t\t\n\t\t<div id=\"wd-674b7b2465ee4\" class=\"title-wrapper wd-wpb set-mb-s reset-last-child  wd-rs-674b7b2465ee4 wd-title-color-white wd-title-style-default text-left  wd-underline-colored\">\n\t\t\t\t\t\t\t<div class=\"title-subtitle  subtitle-color-white font-default subtitle-style-default wd-font-weight- wd-fontsize-xs\">ZERO DECHETS (ZED)<\/div>\n\t\t\t\n\t\t\t<div class=\"liner-continer\">\n\t\t\t\t<h1 class=\"woodmart-title-container title  wd-font-weight-500 wd-fontsize-xxl\" >Gestion des Produits P\u00e9rim\u00e9s ou Non Conformes : Prot\u00e9gez Votre Image et l\u2019Environnement<\/h1>\n\t\t\t\t\t\t\t<\/div>\n\t\t\t\n\t\t\t\t\t\t\t<div class=\"title-after_title  set-cont-mb-s reset-last-child  wd-fontsize-s\">ZED propose des solutions s\u00e9curis\u00e9es pour la destruction et l\u2019\u00e9limination des produits p\u00e9rim\u00e9s ou non conformes, dans le respect des normes environnementales.<\/div>\n\t\t\t\n\t\t\t\n\t\t<\/div>\n\t\t\n\t\t<div id=\"wd-674b767542f58\" class=\" wd-rs-674b767542f58  wd-button-wrapper text-left\"><a href=\"https:\/\/click.ma\/site-dechets\/contact\/?srv=Gestion des Produits P\u00e9rim\u00e9s ou Non Conformes\" title=\"\" class=\"btn btn-color-primary btn-style-default btn-style-round btn-size-large hero-cta btn-icon-pos-right\">Contactez-nous maintenant<span class=\"wd-btn-icon\"><span class=\"wd-icon fas fa-long-arrow-alt-right\"><\/span><\/span><\/a><\/div>[\/vc_column_inner][vc_column_inner width=&#8221;1\/2&#8243; woodmart_css_id=&#8221;65455c1e49bfb&#8221; parallax_scroll=&#8221;no&#8221; woodmart_sticky_column=&#8221;false&#8221; wd_collapsible_content_switcher=&#8221;no&#8221; wd_column_role_offcanvas_desktop=&#8221;no&#8221; wd_column_role_offcanvas_tablet=&#8221;no&#8221; wd_column_role_offcanvas_mobile=&#8221;no&#8221; wd_column_role_content_desktop=&#8221;no&#8221; wd_column_role_content_tablet=&#8221;no&#8221; wd_column_role_content_mobile=&#8221;no&#8221; mobile_bg_img_hidden=&#8221;no&#8221; tablet_bg_img_hidden=&#8221;no&#8221; woodmart_parallax=&#8221;0&#8243; woodmart_box_shadow=&#8221;no&#8221; responsive_spacing=&#8221;eyJwYXJhbV90eXBlIjoid29vZG1hcnRfcmVzcG9uc2l2ZV9zcGFjaW5nIiwic2VsZWN0b3JfaWQiOiI2NTQ1NWMxZTQ5YmZiIiwic2hvcnRjb2RlIjoidmNfY29sdW1uX2lubmVyIiwiZGF0YSI6eyJ0YWJsZXQiOnt9LCJtb2JpbGUiOnsibWFyZ2luLXJpZ2h0IjoiMTBweCIsIm1hcmdpbi1sZWZ0IjoiMTBweCJ9fX0=&#8221; wd_z_index=&#8221;no&#8221;]\t\t<div id=\"wd-674b7ae041212\" class=\"wd-image wd-wpb wd-rs-674b7ae041212 text-center \">\n\t\t\t\n\t\t\t<img loading=\"lazy\" decoding=\"async\" width=\"885\" height=\"500\" src=\"https:\/\/click.ma\/site-dechets\/wp-content\/uploads\/2024\/11\/Gestion-des-Produits-Perimes-ou-Non-Conformes.jpg\" class=\"attachment-full size-full\" alt=\"\" srcset=\"https:\/\/click.ma\/site-dechets\/wp-content\/uploads\/2024\/11\/Gestion-des-Produits-Perimes-ou-Non-Conformes.jpg 885w, https:\/\/click.ma\/site-dechets\/wp-content\/uploads\/2024\/11\/Gestion-des-Produits-Perimes-ou-Non-Conformes-300x169.jpg 300w, https:\/\/click.ma\/site-dechets\/wp-content\/uploads\/2024\/11\/Gestion-des-Produits-Perimes-ou-Non-Conformes-768x434.jpg 768w\" sizes=\"(max-width: 885px) 100vw, 885px\" \/>\n\t\t\t\t\t<\/div>\n\t\t[\/vc_column_inner][\/vc_row_inner][\/vc_column][\/vc_row][vc_row equal_height=&#8221;yes&#8221; content_placement=&#8221;top&#8221; woodmart_css_id=&#8221;6749aa9ee823a&#8221; responsive_spacing=&#8221;eyJwYXJhbV90eXBlIjoid29vZG1hcnRfcmVzcG9uc2l2ZV9zcGFjaW5nIiwic2VsZWN0b3JfaWQiOiI2NzQ5YWE5ZWU4MjNhIiwic2hvcnRjb2RlIjoidmNfcm93IiwiZGF0YSI6eyJ0YWJsZXQiOnt9LCJtb2JpbGUiOnt9fX0=&#8221; mobile_bg_img_hidden=&#8221;no&#8221; tablet_bg_img_hidden=&#8221;no&#8221; woodmart_parallax=&#8221;0&#8243; woodmart_gradient_switch=&#8221;no&#8221; woodmart_box_shadow=&#8221;no&#8221; wd_z_index=&#8221;no&#8221; woodmart_disable_overflow=&#8221;0&#8243; row_reverse_mobile=&#8221;0&#8243; row_reverse_tablet=&#8221;0&#8243; css=&#8221;.vc_custom_1732881061025{margin-top: 50px !important;}&#8221;][vc_column width=&#8221;2\/3&#8243; woodmart_sticky_column_offset=&#8221;150&#8243; woodmart_css_id=&#8221;65455fe97c09b&#8221; parallax_scroll=&#8221;no&#8221; woodmart_sticky_column=&#8221;true&#8221; wd_collapsible_content_switcher=&#8221;no&#8221; wd_column_role_offcanvas_desktop=&#8221;no&#8221; wd_column_role_offcanvas_tablet=&#8221;no&#8221; wd_column_role_offcanvas_mobile=&#8221;no&#8221; wd_column_role_content_desktop=&#8221;no&#8221; wd_column_role_content_tablet=&#8221;no&#8221; wd_column_role_content_mobile=&#8221;no&#8221; mobile_bg_img_hidden=&#8221;no&#8221; tablet_bg_img_hidden=&#8221;no&#8221; woodmart_parallax=&#8221;0&#8243; woodmart_box_shadow=&#8221;no&#8221; responsive_spacing=&#8221;eyJwYXJhbV90eXBlIjoid29vZG1hcnRfcmVzcG9uc2l2ZV9zcGFjaW5nIiwic2VsZWN0b3JfaWQiOiI2NTQ1NWZlOTdjMDliIiwic2hvcnRjb2RlIjoidmNfY29sdW1uIiwiZGF0YSI6eyJ0YWJsZXQiOnt9LCJtb2JpbGUiOnt9fX0=&#8221; mobile_reset_margin=&#8221;no&#8221; tablet_reset_margin=&#8221;no&#8221; wd_z_index=&#8221;no&#8221;][vc_column_text woodmart_inline=&#8221;no&#8221; text_larger=&#8221;no&#8221;]<\/p>\n<h2>Gestion des Produits P\u00e9rim\u00e9s ou Non Conformes<\/h2>\n<p>Les produits p\u00e9rim\u00e9s ou non conformes, qu\u2019ils soient alimentaires, cosm\u00e9tiques ou industriels, n\u00e9cessitent une gestion sp\u00e9cifique pour \u00e9viter tout risque environnemental, sanitaire ou commercial. ZED met \u00e0 votre disposition son expertise et ses infrastructures pour assurer une \u00e9limination efficace et tra\u00e7able, garantissant ainsi votre conformit\u00e9 r\u00e9glementaire et la pr\u00e9servation de votre r\u00e9putation.<\/p>\n<h2>Nos Services en Gestion des Produits P\u00e9rim\u00e9s ou Non Conformes<\/h2>\n<ol>\n<li>\n<h3>Analyse et Diagnostic<\/h3>\n<\/li>\n<\/ol>\n<p>Nous \u00e9valuons vos besoins sp\u00e9cifiques pour d\u00e9terminer la m\u00e9thode optimale de traitement des produits p\u00e9rim\u00e9s ou non conformes, qu\u2019il s\u2019agisse de destruction, d\u2019incin\u00e9ration ou d\u2019enfouissement.<\/p>\n<ol start=\"2\">\n<li>\n<h3>Collecte et Transport S\u00e9curis\u00e9<\/h3>\n<\/li>\n<\/ol>\n<p>ZED garantit une collecte rapide et un transport s\u00e9curis\u00e9 de vos produits sensibles gr\u00e2ce \u00e0 des \u00e9quipements adapt\u00e9s.<\/p>\n<ol start=\"3\">\n<li>\n<h3>Destruction et \u00c9limination<\/h3>\n<\/li>\n<\/ol>\n<ul>\n<li><strong>Incin\u00e9ration contr\u00f4l\u00e9e<\/strong> : Pour une \u00e9limination compl\u00e8te des produits dangereux ou sensibles.<\/li>\n<li><strong>Enfouissement s\u00e9curis\u00e9<\/strong> : Pour les d\u00e9chets non recyclables et non combustibles.<\/li>\n<\/ul>\n<ol start=\"4\">\n<li>\n<h3>Tra\u00e7abilit\u00e9 et Certification<\/h3>\n<\/li>\n<\/ol>\n<p>Chaque op\u00e9ration est r\u00e9alis\u00e9e sous contr\u00f4le strict et document\u00e9e avec :<\/p>\n<ul>\n<li><strong>Bordereaux de Suivi des D\u00e9chets (BSD)<\/strong>.<\/li>\n<li><strong>Proc\u00e8s-verbaux officiels<\/strong> r\u00e9alis\u00e9s par un huissier de justice.<\/li>\n<li><strong>Attestations de Destruction ou d\u2019\u00c9limination (ADE)<\/strong>.<\/li>\n<\/ul>\n<h2>Types de produits Pris en Charge :<\/h2>\n<ul>\n<li>Produits alimentaires p\u00e9rim\u00e9s<\/li>\n<li>Produits d\u00e9fectueux ou endommag\u00e9s<\/li>\n<li>Produits cosm\u00e9tiques ou pharmaceutiques non conformes<\/li>\n<li>Produits industriels non conformes<\/li>\n<\/ul>\n<p>[\/vc_column_text][\/vc_column][vc_column width=&#8221;1\/3&#8243; woodmart_sticky_column_offset=&#8221;60&#8243; woodmart_css_id=&#8221;654560d84ca59&#8243; parallax_scroll=&#8221;no&#8221; woodmart_sticky_column=&#8221;true&#8221; wd_collapsible_content_switcher=&#8221;no&#8221; wd_column_role_offcanvas_desktop=&#8221;no&#8221; wd_column_role_offcanvas_tablet=&#8221;no&#8221; wd_column_role_offcanvas_mobile=&#8221;no&#8221; wd_column_role_content_desktop=&#8221;no&#8221; wd_column_role_content_tablet=&#8221;no&#8221; wd_column_role_content_mobile=&#8221;no&#8221; mobile_bg_img_hidden=&#8221;no&#8221; tablet_bg_img_hidden=&#8221;no&#8221; woodmart_parallax=&#8221;0&#8243; woodmart_box_shadow=&#8221;no&#8221; responsive_spacing=&#8221;eyJwYXJhbV90eXBlIjoid29vZG1hcnRfcmVzcG9uc2l2ZV9zcGFjaW5nIiwic2VsZWN0b3JfaWQiOiI2NTQ1NjBkODRjYTU5Iiwic2hvcnRjb2RlIjoidmNfY29sdW1uIiwiZGF0YSI6eyJ0YWJsZXQiOnt9LCJtb2JpbGUiOnt9fX0=&#8221; mobile_reset_margin=&#8221;no&#8221; tablet_reset_margin=&#8221;no&#8221; wd_z_index=&#8221;no&#8221;]<style data-type=\"vc_shortcodes-custom-css\">.vc_custom_1699454205176{margin-bottom: 15px !important;}form.wpcf7-form{--wd-form-bg: rgb(247,247,247);}<\/style><p>[vc_row el_id=\"sidebar-service\" woodmart_css_id=\"6570a24fb06bc\" responsive_spacing=\"eyJwYXJhbV90eXBlIjoid29vZG1hcnRfcmVzcG9uc2l2ZV9zcGFjaW5nIiwic2VsZWN0b3JfaWQiOiI2NTcwYTI0ZmIwNmJjIiwic2hvcnRjb2RlIjoidmNfcm93IiwiZGF0YSI6eyJ0YWJsZXQiOnt9LCJtb2JpbGUiOnt9fX0=\" mobile_bg_img_hidden=\"no\" tablet_bg_img_hidden=\"no\" woodmart_parallax=\"0\" woodmart_gradient_switch=\"no\" woodmart_box_shadow=\"no\" wd_z_index=\"no\" woodmart_disable_overflow=\"0\" row_reverse_mobile=\"0\" row_reverse_tablet=\"0\"][vc_column]\n\t\t<div id=\"wd-654b9ce00663f\" class=\"title-wrapper wd-wpb set-mb-s reset-last-child  wd-rs-654b9ce00663f wd-title-color-default wd-title-style-default text-left vc_custom_1699454205176 wd-underline-colored\">\n\t\t\t\n\t\t\t<div class=\"liner-continer\">\n\t\t\t\t<h4 class=\"woodmart-title-container title  wd-font-weight- wd-fontsize-l\" >Demande de devis<\/h4>\n\t\t\t\t\t\t\t<\/div>\n\t\t\t\n\t\t\t\n\t\t\t\n\t\t<\/div>\n\t\t\n\t\t\n<div class=\"wpcf7 no-js\" id=\"wpcf7-f114-o1\" lang=\"en-US\" dir=\"ltr\">\n<div class=\"screen-reader-response\"><p role=\"status\" aria-live=\"polite\" aria-atomic=\"true\"><\/p> <ul><\/ul><\/div>\n<form action=\"\/site-dechets\/wp-json\/wp\/v2\/pages\/193#wpcf7-f114-o1\" method=\"post\" class=\"wpcf7-form init\" aria-label=\"Contact form\" novalidate=\"novalidate\" data-status=\"init\">\n<div style=\"display: none;\">\n<input type=\"hidden\" name=\"_wpcf7\" value=\"114\" \/>\n<input type=\"hidden\" name=\"_wpcf7_version\" value=\"5.8.6\" \/>\n<input type=\"hidden\" name=\"_wpcf7_locale\" value=\"en_US\" \/>\n<input type=\"hidden\" name=\"_wpcf7_unit_tag\" value=\"wpcf7-f114-o1\" \/>\n<input type=\"hidden\" name=\"_wpcf7_container_post\" value=\"0\" \/>\n<input type=\"hidden\" name=\"_wpcf7_posted_data_hash\" value=\"\" \/>\n<\/div>\n<p><label> <strong>Nom et Pr\u00e9nom<\/strong><br \/>\n<span class=\"wpcf7-form-control-wrap\" data-name=\"your-name\"><input size=\"40\" class=\"wpcf7-form-control wpcf7-text wpcf7-validates-as-required\" aria-required=\"true\" aria-invalid=\"false\" value=\"\" type=\"text\" name=\"your-name\" \/><\/span> <\/label>\n<\/p>\n<p><label> <strong>Num\u00e9ro de T\u00e9l\u00e9phone<\/strong><br \/>\n<span class=\"wpcf7-form-control-wrap\" data-name=\"your-tel\"><input size=\"40\" class=\"wpcf7-form-control wpcf7-tel wpcf7-validates-as-required wpcf7-text wpcf7-validates-as-tel\" aria-required=\"true\" aria-invalid=\"false\" value=\"\" type=\"tel\" name=\"your-tel\" \/><\/span> <\/label>\n<\/p>\n<p><label> <strong>Adresse mail<\/strong><br \/>\n<span class=\"wpcf7-form-control-wrap\" data-name=\"your-mail\"><input size=\"40\" class=\"wpcf7-form-control wpcf7-email wpcf7-validates-as-required wpcf7-text wpcf7-validates-as-email\" aria-required=\"true\" aria-invalid=\"false\" value=\"\" type=\"email\" name=\"your-mail\" \/><\/span> <\/label>\n<\/p>\n<p><label> <strong>Ville<\/strong><br \/>\n<span class=\"wpcf7-form-control-wrap\" data-name=\"your-ville\"><input size=\"40\" class=\"wpcf7-form-control wpcf7-text wpcf7-validates-as-required\" aria-required=\"true\" aria-invalid=\"false\" value=\"\" type=\"text\" name=\"your-ville\" \/><\/span> <\/label>\n<\/p>\n<p><label> <strong>Commentaire<\/strong><br \/>\n<span class=\"wpcf7-form-control-wrap\" data-name=\"your-comment\"><textarea cols=\"40\" rows=\"10\" class=\"wpcf7-form-control wpcf7-textarea\" aria-invalid=\"false\" name=\"your-comment\"><\/textarea><\/span> <\/label>\n<\/p>\n<p><input class=\"wpcf7-form-control wpcf7-submit has-spinner btn-color-primary btn-submit\" type=\"submit\" value=\"DEMANDEZ UN DEVIS\" \/>\n<\/p><div class=\"wpcf7-response-output\" aria-hidden=\"true\"><\/div>\n<\/form>\n<\/div>\n[\/vc_column][\/vc_row]<\/p>\r\n[\/vc_column][\/vc_row]<\/p>\n<\/div>","protected":false},"excerpt":{"rendered":"<p>[vc_row full_width=&#8221;stretch_row&#8221; full_height=&#8221;yes&#8221; woodmart_css_id=&#8221;6749a2e19e913&#8243; responsive_spacing=&#8221;eyJwYXJhbV90eXBlIjoid29vZG1hcnRfcmVzcG9uc2l2ZV9zcGFjaW5nIiwic2VsZWN0b3JfaWQiOiI2NzQ5YTJlMTllOTEzIiwic2hvcnRjb2RlIjoidmNfcm93IiwiZGF0YSI6eyJ0YWJsZXQiOnt9LCJtb2JpbGUiOnt9fX0=&#8221; mobile_bg_img_hidden=&#8221;no&#8221; tablet_bg_img_hidden=&#8221;no&#8221; woodmart_parallax=&#8221;0&#8243; woodmart_gradient_switch=&#8221;yes&#8221; woodmart_box_shadow=&#8221;no&#8221; wd_z_index=&#8221;no&#8221; woodmart_disable_overflow=&#8221;0&#8243; row_reverse_mobile=&#8221;0&#8243; row_reverse_tablet=&#8221;0&#8243; css=&#8221;.vc_custom_1732879085046{margin-bottom: 0px !important;background-image: url(https:\/\/click.ma\/site-dechets\/wp-content\/uploads\/2024\/11\/gestion-des-dechets-maroc-paper_industry.jpg?id=95) !important;background-position: center<\/p>\n","protected":false},"author":1,"featured_media":0,"parent":0,"menu_order":0,"comment_status":"closed","ping_status":"closed","template":"","meta":{"footnotes":""},"_links":{"self":[{"href":"https:\/\/click.ma\/site-dechets\/wp-json\/wp\/v2\/pages\/193"}],"collection":[{"href":"https:\/\/click.ma\/site-dechets\/wp-json\/wp\/v2\/pages"}],"about":[{"href":"https:\/\/click.ma\/site-dechets\/wp-json\/wp\/v2\/types\/page"}],"author":[{"embeddable":true,"href":"https:\/\/click.ma\/site-dechets\/wp-json\/wp\/v2\/users\/1"}],"replies":[{"embeddable":true,"href":"https:\/\/click.ma\/site-dechets\/wp-json\/wp\/v2\/comments?post=193"}],"version-history":[{"count":4,"href":"https:\/\/click.ma\/site-dechets\/wp-json\/wp\/v2\/pages\/193\/revisions"}],"predecessor-version":[{"id":198,"href":"https:\/\/click.ma\/site-dechets\/wp-json\/wp\/v2\/pages\/193\/revisions\/198"}],"wp:attachment":[{"href":"https:\/\/click.ma\/site-dechets\/wp-json\/wp\/v2\/media?parent=193"}],"curies":[{"name":"wp","href":"https:\/\/api.w.org\/{rel}","templated":true}]}}