{"id":116,"date":"2024-11-29T11:03:47","date_gmt":"2024-11-29T11:03:47","guid":{"rendered":"https:\/\/click.ma\/site-dechets\/?page_id=116"},"modified":"2024-11-30T19:35:50","modified_gmt":"2024-11-30T19:35:50","slug":"gestion-des-dechets-industriels","status":"publish","type":"page","link":"https:\/\/click.ma\/site-dechets\/gestion-des-dechets-industriels\/","title":{"rendered":"Gestion des D\u00e9chets Industriels"},"content":{"rendered":"<div class=\"wpb-content-wrapper\"><p>[vc_row full_width=&#8221;stretch_row&#8221; full_height=&#8221;yes&#8221; woodmart_css_id=&#8221;6749a2e19e913&#8243; responsive_spacing=&#8221;eyJwYXJhbV90eXBlIjoid29vZG1hcnRfcmVzcG9uc2l2ZV9zcGFjaW5nIiwic2VsZWN0b3JfaWQiOiI2NzQ5YTJlMTllOTEzIiwic2hvcnRjb2RlIjoidmNfcm93IiwiZGF0YSI6eyJ0YWJsZXQiOnt9LCJtb2JpbGUiOnt9fX0=&#8221; mobile_bg_img_hidden=&#8221;no&#8221; tablet_bg_img_hidden=&#8221;no&#8221; woodmart_parallax=&#8221;0&#8243; woodmart_gradient_switch=&#8221;yes&#8221; woodmart_box_shadow=&#8221;no&#8221; wd_z_index=&#8221;no&#8221; woodmart_disable_overflow=&#8221;0&#8243; row_reverse_mobile=&#8221;0&#8243; row_reverse_tablet=&#8221;0&#8243; css=&#8221;.vc_custom_1732879085046{margin-bottom: 0px !important;background-image: url(https:\/\/click.ma\/site-dechets\/wp-content\/uploads\/2024\/11\/gestion-des-dechets-maroc-paper_industry.jpg?id=95) !important;background-position: center !important;background-repeat: no-repeat !important;background-size: cover !important;}&#8221; el_id=&#8221;hero-section&#8221; woodmart_color_gradient=&#8221;rgb(60, 27, 59)-0\/rgb(90, 55, 105)-0\/rgb(46, 76, 130)-0\/rgb(29, 28, 44)-43\/|linear-gradient(left , rgb(60, 27, 59) , rgb(90, 55, 105) , rgb(46, 76, 130) , rgb(29, 28, 44) 43%)|linear|left&#8221;][vc_column][vc_row_inner content_placement=&#8221;middle&#8221; gap=&#8221;20&#8243; woodmart_css_id=&#8221;6546196914195&#8243; responsive_spacing=&#8221;eyJwYXJhbV90eXBlIjoid29vZG1hcnRfcmVzcG9uc2l2ZV9zcGFjaW5nIiwic2VsZWN0b3JfaWQiOiI2NTQ2MTk2OTE0MTk1Iiwic2hvcnRjb2RlIjoidmNfcm93X2lubmVyIiwiZGF0YSI6eyJ0YWJsZXQiOnt9LCJtb2JpbGUiOnt9fX0=&#8221; mobile_bg_img_hidden=&#8221;no&#8221; tablet_bg_img_hidden=&#8221;no&#8221; woodmart_parallax=&#8221;0&#8243; woodmart_gradient_switch=&#8221;no&#8221; woodmart_box_shadow=&#8221;no&#8221; wd_z_index=&#8221;no&#8221; woodmart_disable_overflow=&#8221;0&#8243; row_reverse_mobile=&#8221;0&#8243; row_reverse_tablet=&#8221;0&#8243; css=&#8221;.vc_custom_1699092853024{padding-top: 60px !important;padding-bottom: 60px !important;}&#8221;][vc_column_inner width=&#8221;1\/2&#8243; woodmart_css_id=&#8221;653d0c944e2fb&#8221; parallax_scroll=&#8221;no&#8221; woodmart_sticky_column=&#8221;false&#8221; wd_collapsible_content_switcher=&#8221;no&#8221; wd_column_role_offcanvas_desktop=&#8221;no&#8221; wd_column_role_offcanvas_tablet=&#8221;no&#8221; wd_column_role_offcanvas_mobile=&#8221;no&#8221; wd_column_role_content_desktop=&#8221;no&#8221; wd_column_role_content_tablet=&#8221;no&#8221; wd_column_role_content_mobile=&#8221;no&#8221; mobile_bg_img_hidden=&#8221;no&#8221; tablet_bg_img_hidden=&#8221;no&#8221; woodmart_parallax=&#8221;0&#8243; woodmart_box_shadow=&#8221;no&#8221; responsive_spacing=&#8221;eyJwYXJhbV90eXBlIjoid29vZG1hcnRfcmVzcG9uc2l2ZV9zcGFjaW5nIiwic2VsZWN0b3JfaWQiOiI2NTNkMGM5NDRlMmZiIiwic2hvcnRjb2RlIjoidmNfY29sdW1uX2lubmVyIiwiZGF0YSI6eyJ0YWJsZXQiOnt9LCJtb2JpbGUiOnt9fX0=&#8221; wd_z_index=&#8221;no&#8221;]\t\t\t<link rel=\"stylesheet\" id=\"wd-section-title-css\" href=\"https:\/\/click.ma\/site-dechets\/wp-content\/themes\/think\/css\/parts\/el-section-title.min.css?ver=7.3.0\" type=\"text\/css\" media=\"all\" \/> \t\t\t\t\t\t<link rel=\"stylesheet\" id=\"wd-mod-highlighted-text-css\" href=\"https:\/\/click.ma\/site-dechets\/wp-content\/themes\/think\/css\/parts\/mod-highlighted-text.min.css?ver=7.3.0\" type=\"text\/css\" media=\"all\" \/> \t\t\t\n\t\t<div id=\"wd-674b690d5d404\" class=\"title-wrapper wd-wpb set-mb-s reset-last-child  wd-rs-674b690d5d404 wd-title-color-white wd-title-style-default text-left  wd-width-enabled wd-underline-colored\" style=\"--wd-max-width: 90%;\">\n\t\t\t\t\t\t\t<div class=\"title-subtitle  subtitle-color-white font-default subtitle-style-default wd-font-weight- wd-fontsize-xs\">ZERO DECHETS (ZED)<\/div>\n\t\t\t\n\t\t\t<div class=\"liner-continer\">\n\t\t\t\t<h1 class=\"woodmart-title-container title  wd-font-weight-500 wd-fontsize-xxl\" >Gestion des D\u00e9chets Industriels : Optimisez votre Impact Environnemental<\/h1>\n\t\t\t\t\t\t\t<\/div>\n\t\t\t\n\t\t\t\t\t\t\t<div class=\"title-after_title  set-cont-mb-s reset-last-child  wd-fontsize-s\">Optimisez votre Impact Environnemental ZED accompagne les entreprises industrielles dans la gestion efficace et responsable de leurs d\u00e9chets, tout en respectant les r\u00e9glementations en vigueur.<\/div>\n\t\t\t\n\t\t\t\n\t\t<\/div>\n\t\t\n\t\t<div id=\"wd-6749a23eb991d\" class=\" wd-rs-6749a23eb991d  wd-button-wrapper text-left\"><a href=\"https:\/\/click.ma\/site-dechets\/contact\/?srv=Gestion des D\u00e9chets Industriels\" title=\"\" class=\"btn btn-color-primary btn-style-default btn-style-round btn-size-large hero-cta btn-icon-pos-right\">Contactez-nous maintenant<span class=\"wd-btn-icon\"><span class=\"wd-icon fas fa-long-arrow-alt-right\"><\/span><\/span><\/a><\/div>[\/vc_column_inner][vc_column_inner width=&#8221;1\/2&#8243; woodmart_css_id=&#8221;65455c1e49bfb&#8221; parallax_scroll=&#8221;no&#8221; woodmart_sticky_column=&#8221;false&#8221; wd_collapsible_content_switcher=&#8221;no&#8221; wd_column_role_offcanvas_desktop=&#8221;no&#8221; wd_column_role_offcanvas_tablet=&#8221;no&#8221; wd_column_role_offcanvas_mobile=&#8221;no&#8221; wd_column_role_content_desktop=&#8221;no&#8221; wd_column_role_content_tablet=&#8221;no&#8221; wd_column_role_content_mobile=&#8221;no&#8221; mobile_bg_img_hidden=&#8221;no&#8221; tablet_bg_img_hidden=&#8221;no&#8221; woodmart_parallax=&#8221;0&#8243; woodmart_box_shadow=&#8221;no&#8221; responsive_spacing=&#8221;eyJwYXJhbV90eXBlIjoid29vZG1hcnRfcmVzcG9uc2l2ZV9zcGFjaW5nIiwic2VsZWN0b3JfaWQiOiI2NTQ1NWMxZTQ5YmZiIiwic2hvcnRjb2RlIjoidmNfY29sdW1uX2lubmVyIiwiZGF0YSI6eyJ0YWJsZXQiOnt9LCJtb2JpbGUiOnsibWFyZ2luLXJpZ2h0IjoiMTBweCIsIm1hcmdpbi1sZWZ0IjoiMTBweCJ9fX0=&#8221; wd_z_index=&#8221;no&#8221;]\t\t<div id=\"wd-6749a950161d7\" class=\"wd-image wd-wpb wd-rs-6749a950161d7 text-center \">\n\t\t\t\n\t\t\t<img loading=\"lazy\" decoding=\"async\" width=\"2560\" height=\"1695\" src=\"https:\/\/click.ma\/site-dechets\/wp-content\/uploads\/2024\/11\/Gestion-des-Dechets-Industriels.jpeg\" class=\"attachment-full size-full\" alt=\"\" srcset=\"https:\/\/click.ma\/site-dechets\/wp-content\/uploads\/2024\/11\/Gestion-des-Dechets-Industriels.jpeg 2560w, https:\/\/click.ma\/site-dechets\/wp-content\/uploads\/2024\/11\/Gestion-des-Dechets-Industriels-300x199.jpeg 300w, https:\/\/click.ma\/site-dechets\/wp-content\/uploads\/2024\/11\/Gestion-des-Dechets-Industriels-1024x678.jpeg 1024w, https:\/\/click.ma\/site-dechets\/wp-content\/uploads\/2024\/11\/Gestion-des-Dechets-Industriels-768x509.jpeg 768w, https:\/\/click.ma\/site-dechets\/wp-content\/uploads\/2024\/11\/Gestion-des-Dechets-Industriels-1536x1017.jpeg 1536w, https:\/\/click.ma\/site-dechets\/wp-content\/uploads\/2024\/11\/Gestion-des-Dechets-Industriels-2048x1356.jpeg 2048w\" sizes=\"(max-width: 2560px) 100vw, 2560px\" \/>\n\t\t\t\t\t<\/div>\n\t\t[\/vc_column_inner][\/vc_row_inner][\/vc_column][\/vc_row][vc_row equal_height=&#8221;yes&#8221; content_placement=&#8221;top&#8221; woodmart_css_id=&#8221;6749aa9ee823a&#8221; responsive_spacing=&#8221;eyJwYXJhbV90eXBlIjoid29vZG1hcnRfcmVzcG9uc2l2ZV9zcGFjaW5nIiwic2VsZWN0b3JfaWQiOiI2NzQ5YWE5ZWU4MjNhIiwic2hvcnRjb2RlIjoidmNfcm93IiwiZGF0YSI6eyJ0YWJsZXQiOnt9LCJtb2JpbGUiOnt9fX0=&#8221; mobile_bg_img_hidden=&#8221;no&#8221; tablet_bg_img_hidden=&#8221;no&#8221; woodmart_parallax=&#8221;0&#8243; woodmart_gradient_switch=&#8221;no&#8221; woodmart_box_shadow=&#8221;no&#8221; wd_z_index=&#8221;no&#8221; woodmart_disable_overflow=&#8221;0&#8243; row_reverse_mobile=&#8221;0&#8243; row_reverse_tablet=&#8221;0&#8243; css=&#8221;.vc_custom_1732881061025{margin-top: 50px !important;}&#8221;][vc_column width=&#8221;2\/3&#8243; woodmart_sticky_column_offset=&#8221;150&#8243; woodmart_css_id=&#8221;65455fe97c09b&#8221; parallax_scroll=&#8221;no&#8221; woodmart_sticky_column=&#8221;true&#8221; wd_collapsible_content_switcher=&#8221;no&#8221; wd_column_role_offcanvas_desktop=&#8221;no&#8221; wd_column_role_offcanvas_tablet=&#8221;no&#8221; wd_column_role_offcanvas_mobile=&#8221;no&#8221; wd_column_role_content_desktop=&#8221;no&#8221; wd_column_role_content_tablet=&#8221;no&#8221; wd_column_role_content_mobile=&#8221;no&#8221; mobile_bg_img_hidden=&#8221;no&#8221; tablet_bg_img_hidden=&#8221;no&#8221; woodmart_parallax=&#8221;0&#8243; woodmart_box_shadow=&#8221;no&#8221; responsive_spacing=&#8221;eyJwYXJhbV90eXBlIjoid29vZG1hcnRfcmVzcG9uc2l2ZV9zcGFjaW5nIiwic2VsZWN0b3JfaWQiOiI2NTQ1NWZlOTdjMDliIiwic2hvcnRjb2RlIjoidmNfY29sdW1uIiwiZGF0YSI6eyJ0YWJsZXQiOnt9LCJtb2JpbGUiOnt9fX0=&#8221; mobile_reset_margin=&#8221;no&#8221; tablet_reset_margin=&#8221;no&#8221; wd_z_index=&#8221;no&#8221;][vc_column_text woodmart_inline=&#8221;no&#8221; text_larger=&#8221;no&#8221;]<\/p>\n<h2>Gestion des D\u00e9chets Industriels<\/h2>\n<p style=\"text-align: justify;\">Les d\u00e9chets industriels repr\u00e9sentent un enjeu majeur pour les entreprises, tant sur le plan environnemental qu&#8217;\u00e9conomique. Gr\u00e2ce \u00e0 notre expertise, ZED propose des solutions sur-mesure pour trier, valoriser et \u00e9liminer les d\u00e9chets industriels tout en respectant les normes environnementales marocaines et internationales.<\/p>\n<h2>Nos Services en Gestion des D\u00e9chets Industriels<\/h2>\n<ol>\n<li>\n<h3>Analyse et Diagnostic des D\u00e9chets Industriels<\/h3>\n<\/li>\n<\/ol>\n<p>Nous identifions les points g\u00e9n\u00e9rateurs de d\u00e9chets (PGD) et proposons un plan d\u2019action personnalis\u00e9 comprenant des indicateurs de performance cl\u00e9s (KPI) pour am\u00e9liorer vos processus de gestion des d\u00e9chets.<\/p>\n<ol start=\"2\">\n<li>\n<h3>Collecte et \u00c9limination des D\u00e9chets Dangereux<\/h3>\n<\/li>\n<\/ol>\n<p>Nous assurons la collecte, le transport s\u00e9curis\u00e9 et l\u2019\u00e9limination de vos d\u00e9chets industriels dangereux via des proc\u00e9d\u00e9s conformes, tels que l\u2019incin\u00e9ration ou l\u2019enfouissement.<\/p>\n<ol start=\"3\">\n<li>\n<h3>Valorisation des D\u00e9chets Recyclables<\/h3>\n<\/li>\n<\/ol>\n<p>Pour les d\u00e9chets industriels recyclables (m\u00e9taux, plastiques, bois, etc.), nous mettons en place des solutions de tri et proposons des opportunit\u00e9s de valorisation afin de r\u00e9duire votre empreinte \u00e9cologique et g\u00e9n\u00e9rer des revenus suppl\u00e9mentaires.<\/p>\n<ol start=\"4\">\n<li>\n<h3>Tra\u00e7abilit\u00e9 et Conformit\u00e9<\/h3>\n<\/li>\n<\/ol>\n<p>Chaque \u00e9tape de la gestion de vos d\u00e9chets industriels est document\u00e9e pour garantir une tra\u00e7abilit\u00e9 totale:<\/p>\n<ul>\n<li>Bordereau de Suivi des D\u00e9chets (BSD)<\/li>\n<li>Tableaux de Bord p\u00e9riodiques<\/li>\n<li>Attestations de Valorisation ou d\u2019\u00c9limination<\/li>\n<\/ul>\n<h2>Types de D\u00e9chets Industriels Pris en Charge :<\/h2>\n<ul>\n<li>D\u00e9chets m\u00e9talliques<\/li>\n<li>D\u00e9chets plastiques<\/li>\n<li>D\u00e9chets chimiques<\/li>\n<li>D\u00e9chets textiles<\/li>\n<li>D\u00e9chets \u00e9lectroniques (D3E)<\/li>\n<li>D\u00e9chets r\u00e9siduels issus de la production<\/li>\n<\/ul>\n<p>[\/vc_column_text][\/vc_column][vc_column width=&#8221;1\/3&#8243; woodmart_sticky_column_offset=&#8221;60&#8243; woodmart_css_id=&#8221;654560d84ca59&#8243; parallax_scroll=&#8221;no&#8221; woodmart_sticky_column=&#8221;true&#8221; wd_collapsible_content_switcher=&#8221;no&#8221; wd_column_role_offcanvas_desktop=&#8221;no&#8221; wd_column_role_offcanvas_tablet=&#8221;no&#8221; wd_column_role_offcanvas_mobile=&#8221;no&#8221; wd_column_role_content_desktop=&#8221;no&#8221; wd_column_role_content_tablet=&#8221;no&#8221; wd_column_role_content_mobile=&#8221;no&#8221; mobile_bg_img_hidden=&#8221;no&#8221; tablet_bg_img_hidden=&#8221;no&#8221; woodmart_parallax=&#8221;0&#8243; woodmart_box_shadow=&#8221;no&#8221; responsive_spacing=&#8221;eyJwYXJhbV90eXBlIjoid29vZG1hcnRfcmVzcG9uc2l2ZV9zcGFjaW5nIiwic2VsZWN0b3JfaWQiOiI2NTQ1NjBkODRjYTU5Iiwic2hvcnRjb2RlIjoidmNfY29sdW1uIiwiZGF0YSI6eyJ0YWJsZXQiOnt9LCJtb2JpbGUiOnt9fX0=&#8221; mobile_reset_margin=&#8221;no&#8221; tablet_reset_margin=&#8221;no&#8221; wd_z_index=&#8221;no&#8221;]<style data-type=\"vc_shortcodes-custom-css\">.vc_custom_1699454205176{margin-bottom: 15px !important;}form.wpcf7-form{--wd-form-bg: rgb(247,247,247);}<\/style><p>[vc_row el_id=\"sidebar-service\" woodmart_css_id=\"6570a24fb06bc\" responsive_spacing=\"eyJwYXJhbV90eXBlIjoid29vZG1hcnRfcmVzcG9uc2l2ZV9zcGFjaW5nIiwic2VsZWN0b3JfaWQiOiI2NTcwYTI0ZmIwNmJjIiwic2hvcnRjb2RlIjoidmNfcm93IiwiZGF0YSI6eyJ0YWJsZXQiOnt9LCJtb2JpbGUiOnt9fX0=\" mobile_bg_img_hidden=\"no\" tablet_bg_img_hidden=\"no\" woodmart_parallax=\"0\" woodmart_gradient_switch=\"no\" woodmart_box_shadow=\"no\" wd_z_index=\"no\" woodmart_disable_overflow=\"0\" row_reverse_mobile=\"0\" row_reverse_tablet=\"0\"][vc_column]\n\t\t<div id=\"wd-654b9ce00663f\" class=\"title-wrapper wd-wpb set-mb-s reset-last-child  wd-rs-654b9ce00663f wd-title-color-default wd-title-style-default text-left vc_custom_1699454205176 wd-underline-colored\">\n\t\t\t\n\t\t\t<div class=\"liner-continer\">\n\t\t\t\t<h4 class=\"woodmart-title-container title  wd-font-weight- wd-fontsize-l\" >Demande de devis<\/h4>\n\t\t\t\t\t\t\t<\/div>\n\t\t\t\n\t\t\t\n\t\t\t\n\t\t<\/div>\n\t\t\n\t\t\n<div class=\"wpcf7 no-js\" id=\"wpcf7-f114-o1\" lang=\"en-US\" dir=\"ltr\">\n<div class=\"screen-reader-response\"><p role=\"status\" aria-live=\"polite\" aria-atomic=\"true\"><\/p> <ul><\/ul><\/div>\n<form action=\"\/site-dechets\/wp-json\/wp\/v2\/pages\/116#wpcf7-f114-o1\" method=\"post\" class=\"wpcf7-form init\" aria-label=\"Contact form\" novalidate=\"novalidate\" data-status=\"init\">\n<div style=\"display: none;\">\n<input type=\"hidden\" name=\"_wpcf7\" value=\"114\" \/>\n<input type=\"hidden\" name=\"_wpcf7_version\" value=\"5.8.6\" \/>\n<input type=\"hidden\" name=\"_wpcf7_locale\" value=\"en_US\" \/>\n<input type=\"hidden\" name=\"_wpcf7_unit_tag\" value=\"wpcf7-f114-o1\" \/>\n<input type=\"hidden\" name=\"_wpcf7_container_post\" value=\"0\" \/>\n<input type=\"hidden\" name=\"_wpcf7_posted_data_hash\" value=\"\" \/>\n<\/div>\n<p><label> <strong>Nom et Pr\u00e9nom<\/strong><br \/>\n<span class=\"wpcf7-form-control-wrap\" data-name=\"your-name\"><input size=\"40\" class=\"wpcf7-form-control wpcf7-text wpcf7-validates-as-required\" aria-required=\"true\" aria-invalid=\"false\" value=\"\" type=\"text\" name=\"your-name\" \/><\/span> <\/label>\n<\/p>\n<p><label> <strong>Num\u00e9ro de T\u00e9l\u00e9phone<\/strong><br \/>\n<span class=\"wpcf7-form-control-wrap\" data-name=\"your-tel\"><input size=\"40\" class=\"wpcf7-form-control wpcf7-tel wpcf7-validates-as-required wpcf7-text wpcf7-validates-as-tel\" aria-required=\"true\" aria-invalid=\"false\" value=\"\" type=\"tel\" name=\"your-tel\" \/><\/span> <\/label>\n<\/p>\n<p><label> <strong>Adresse mail<\/strong><br \/>\n<span class=\"wpcf7-form-control-wrap\" data-name=\"your-mail\"><input size=\"40\" class=\"wpcf7-form-control wpcf7-email wpcf7-validates-as-required wpcf7-text wpcf7-validates-as-email\" aria-required=\"true\" aria-invalid=\"false\" value=\"\" type=\"email\" name=\"your-mail\" \/><\/span> <\/label>\n<\/p>\n<p><label> <strong>Ville<\/strong><br \/>\n<span class=\"wpcf7-form-control-wrap\" data-name=\"your-ville\"><input size=\"40\" class=\"wpcf7-form-control wpcf7-text wpcf7-validates-as-required\" aria-required=\"true\" aria-invalid=\"false\" value=\"\" type=\"text\" name=\"your-ville\" \/><\/span> <\/label>\n<\/p>\n<p><label> <strong>Commentaire<\/strong><br \/>\n<span class=\"wpcf7-form-control-wrap\" data-name=\"your-comment\"><textarea cols=\"40\" rows=\"10\" class=\"wpcf7-form-control wpcf7-textarea\" aria-invalid=\"false\" name=\"your-comment\"><\/textarea><\/span> <\/label>\n<\/p>\n<p><input class=\"wpcf7-form-control wpcf7-submit has-spinner btn-color-primary btn-submit\" type=\"submit\" value=\"DEMANDEZ UN DEVIS\" \/>\n<\/p><div class=\"wpcf7-response-output\" aria-hidden=\"true\"><\/div>\n<\/form>\n<\/div>\n[\/vc_column][\/vc_row]<\/p>\r\n[\/vc_column][\/vc_row]<\/p>\n<\/div>","protected":false},"excerpt":{"rendered":"<p>[vc_row full_width=&#8221;stretch_row&#8221; full_height=&#8221;yes&#8221; woodmart_css_id=&#8221;6749a2e19e913&#8243; responsive_spacing=&#8221;eyJwYXJhbV90eXBlIjoid29vZG1hcnRfcmVzcG9uc2l2ZV9zcGFjaW5nIiwic2VsZWN0b3JfaWQiOiI2NzQ5YTJlMTllOTEzIiwic2hvcnRjb2RlIjoidmNfcm93IiwiZGF0YSI6eyJ0YWJsZXQiOnt9LCJtb2JpbGUiOnt9fX0=&#8221; mobile_bg_img_hidden=&#8221;no&#8221; tablet_bg_img_hidden=&#8221;no&#8221; woodmart_parallax=&#8221;0&#8243; woodmart_gradient_switch=&#8221;yes&#8221; woodmart_box_shadow=&#8221;no&#8221; wd_z_index=&#8221;no&#8221; woodmart_disable_overflow=&#8221;0&#8243; row_reverse_mobile=&#8221;0&#8243; row_reverse_tablet=&#8221;0&#8243; css=&#8221;.vc_custom_1732879085046{margin-bottom: 0px !important;background-image: url(https:\/\/click.ma\/site-dechets\/wp-content\/uploads\/2024\/11\/gestion-des-dechets-maroc-paper_industry.jpg?id=95) !important;background-position: center<\/p>\n","protected":false},"author":1,"featured_media":0,"parent":0,"menu_order":0,"comment_status":"closed","ping_status":"closed","template":"","meta":{"footnotes":""},"_links":{"self":[{"href":"https:\/\/click.ma\/site-dechets\/wp-json\/wp\/v2\/pages\/116"}],"collection":[{"href":"https:\/\/click.ma\/site-dechets\/wp-json\/wp\/v2\/pages"}],"about":[{"href":"https:\/\/click.ma\/site-dechets\/wp-json\/wp\/v2\/types\/page"}],"author":[{"embeddable":true,"href":"https:\/\/click.ma\/site-dechets\/wp-json\/wp\/v2\/users\/1"}],"replies":[{"embeddable":true,"href":"https:\/\/click.ma\/site-dechets\/wp-json\/wp\/v2\/comments?post=116"}],"version-history":[{"count":21,"href":"https:\/\/click.ma\/site-dechets\/wp-json\/wp\/v2\/pages\/116\/revisions"}],"predecessor-version":[{"id":187,"href":"https:\/\/click.ma\/site-dechets\/wp-json\/wp\/v2\/pages\/116\/revisions\/187"}],"wp:attachment":[{"href":"https:\/\/click.ma\/site-dechets\/wp-json\/wp\/v2\/media?parent=116"}],"curies":[{"name":"wp","href":"https:\/\/api.w.org\/{rel}","templated":true}]}}