{"id":222,"date":"2026-02-15T14:46:29","date_gmt":"2026-02-15T14:46:29","guid":{"rendered":"https:\/\/click.ma\/2km\/?page_id=222"},"modified":"2026-02-25T13:05:18","modified_gmt":"2026-02-25T13:05:18","slug":"pharmaceutique","status":"publish","type":"page","link":"https:\/\/click.ma\/2km\/pharmaceutique\/","title":{"rendered":"Pharmaceutique"},"content":{"rendered":"<div class=\"wpb-content-wrapper\"><p>[vc_row][vc_column width=\u00a0\u00bb1\/2&Prime;]\t\t<div id=\"wd-699ef36b60ebb\" class=\"wd-text-block wd-wpb reset-last-child wd-animation wd-transform wd-animation-slide-from-bottom wd-animation-normal wd-rs-699ef36b60ebb text-left \">\n\t\t\t<p>Dans le secteur pharmaceutique, la priorit\u00e9 est la\u00a0<strong>fiabilit\u00e9 de l\u2019information<\/strong>. Nous mettons l\u2019accent sur la\u00a0<strong>qualit\u00e9 d\u2019impression<\/strong>, la nettet\u00e9 des textes et la parfaite lecture des\u00a0<strong>codes<\/strong>\u00a0(codes-barres, num\u00e9ros de lots, dates, informations essentielles).<\/p>\n<p>Nos solutions sont pens\u00e9es pour r\u00e9pondre aux standards industriels et aux besoins de tra\u00e7abilit\u00e9, avec des supports adapt\u00e9s aux contraintes de production et de stockage.<\/p>\n\t\t<\/div>\n\t\t\t\t<div id=\"wd-699ef371dba16\" class=\"wd-text-block wd-wpb reset-last-child wd-animation wd-transform wd-animation-slide-from-bottom wd-animation-normal wd_delay_150 wd-rs-699ef371dba16 text-left \">\n\t\t\t<h3>Produits recommand\u00e9s :<\/h3>\n<ul>\n<li>\u00c9tiquettes auto-adh\u00e9sives imprim\u00e9es (codes-barres, donn\u00e9es variables)<\/li>\n<li>\u00c9tiquettes auto-adh\u00e9sives vierges (impression interne et tra\u00e7abilit\u00e9)<\/li>\n<\/ul>\n\t\t<\/div>\n\t\t[\/vc_column][vc_column width=\u00a0\u00bb1\/2&Prime;]\t\t<div id=\"wd-699ef386b03ca\" class=\"wd-image wd-wpb wd-animation wd-transform wd-animation-slide-from-right wd-animation-slow wd_delay_100 wd-rs-699ef386b03ca text-center \">\n\t\t\t\n\t\t\t<img loading=\"lazy\" decoding=\"async\" width=\"732\" height=\"480\" src=\"https:\/\/click.ma\/2km\/wp-content\/uploads\/2026\/02\/Pharmaceutique.png\" class=\"attachment-full size-full\" alt=\"\" srcset=\"https:\/\/click.ma\/2km\/wp-content\/uploads\/2026\/02\/Pharmaceutique.png 732w, https:\/\/click.ma\/2km\/wp-content\/uploads\/2026\/02\/Pharmaceutique-300x197.png 300w\" sizes=\"auto, (max-width: 732px) 100vw, 732px\" \/>\n\t\t\t\t\t<\/div>\n\t\t[\/vc_column][\/vc_row]<\/p>\n<\/div>","protected":false},"excerpt":{"rendered":"<p>[vc_row][vc_column width=\u00a0\u00bb1\/2&Prime;][\/vc_column][vc_column width=\u00a0\u00bb1\/2&Prime;][\/vc_column][\/vc_row]<\/p>\n","protected":false},"author":1,"featured_media":0,"parent":0,"menu_order":0,"comment_status":"closed","ping_status":"closed","template":"","meta":{"footnotes":""},"class_list":["post-222","page","type-page","status-publish","hentry"],"_links":{"self":[{"href":"https:\/\/click.ma\/2km\/wp-json\/wp\/v2\/pages\/222","targetHints":{"allow":["GET"]}}],"collection":[{"href":"https:\/\/click.ma\/2km\/wp-json\/wp\/v2\/pages"}],"about":[{"href":"https:\/\/click.ma\/2km\/wp-json\/wp\/v2\/types\/page"}],"author":[{"embeddable":true,"href":"https:\/\/click.ma\/2km\/wp-json\/wp\/v2\/users\/1"}],"replies":[{"embeddable":true,"href":"https:\/\/click.ma\/2km\/wp-json\/wp\/v2\/comments?post=222"}],"version-history":[{"count":4,"href":"https:\/\/click.ma\/2km\/wp-json\/wp\/v2\/pages\/222\/revisions"}],"predecessor-version":[{"id":304,"href":"https:\/\/click.ma\/2km\/wp-json\/wp\/v2\/pages\/222\/revisions\/304"}],"wp:attachment":[{"href":"https:\/\/click.ma\/2km\/wp-json\/wp\/v2\/media?parent=222"}],"curies":[{"name":"wp","href":"https:\/\/api.w.org\/{rel}","templated":true}]}}