{"id":220,"date":"2026-02-15T14:44:19","date_gmt":"2026-02-15T14:44:19","guid":{"rendered":"https:\/\/click.ma\/2km\/?page_id=220"},"modified":"2026-02-25T13:04:17","modified_gmt":"2026-02-25T13:04:17","slug":"hygiene-detergents","status":"publish","type":"page","link":"https:\/\/click.ma\/2km\/hygiene-detergents\/","title":{"rendered":"Hygi\u00e8ne &#038; D\u00e9tergents"},"content":{"rendered":"<div class=\"wpb-content-wrapper\"><p>[vc_row][vc_column width=\u00a0\u00bb1\/2&Prime;]\t\t<div id=\"wd-699ef301c6071\" class=\"wd-text-block wd-wpb reset-last-child wd-animation wd-transform wd-animation-slide-from-bottom wd-animation-normal wd-rs-699ef301c6071 text-left \">\n\t\t\t<p>Les produits d\u2019hygi\u00e8ne et d\u2019entretien imposent des contraintes fortes : exposition \u00e0 l\u2019<strong>humidit\u00e9<\/strong>, aux\u00a0<strong>produits chimiques<\/strong>, aux frottements et \u00e0 une manipulation fr\u00e9quente. Nous recommandons des supports et adh\u00e9sifs robustes, capables de conserver l\u2019adh\u00e9rence et la lisibilit\u00e9 m\u00eame dans des environnements exigeants. Objectif : une \u00e9tiquette qui ne se d\u00e9grade pas et reste claire jusqu\u2019au dernier usage.<\/p>\n\t\t<\/div>\n\t\t\t\t<div id=\"wd-699ef30fb6f26\" class=\"wd-text-block wd-wpb reset-last-child wd-animation wd-transform wd-animation-slide-from-bottom wd-animation-normal wd_delay_150 wd-rs-699ef30fb6f26 text-left \">\n\t\t\t<h3>Produits recommand\u00e9s :<\/h3>\n<ul>\n<li>\u00c9tiquettes auto-adh\u00e9sives imprim\u00e9es (adh\u00e9sifs renforc\u00e9s)<\/li>\n<li>Shrink Sleeve (r\u00e9sistance aux frottements)<\/li>\n<li>Wrap-around (environnements industriels)<\/li>\n<\/ul>\n\t\t<\/div>\n\t\t[\/vc_column][vc_column width=\u00a0\u00bb1\/2&Prime;]\t\t<div id=\"wd-699ef31e7468b\" class=\"wd-image wd-wpb wd-animation wd-transform wd-animation-slide-from-right wd-animation-slow wd_delay_100 wd-rs-699ef31e7468b text-center \">\n\t\t\t\n\t\t\t<img loading=\"lazy\" decoding=\"async\" width=\"732\" height=\"480\" src=\"https:\/\/click.ma\/2km\/wp-content\/uploads\/2026\/02\/Hygiene-Detergents.png\" class=\"attachment-full size-full\" alt=\"\" srcset=\"https:\/\/click.ma\/2km\/wp-content\/uploads\/2026\/02\/Hygiene-Detergents.png 732w, https:\/\/click.ma\/2km\/wp-content\/uploads\/2026\/02\/Hygiene-Detergents-300x197.png 300w\" sizes=\"auto, (max-width: 732px) 100vw, 732px\" \/>\n\t\t\t\t\t<\/div>\n\t\t[\/vc_column][\/vc_row]<\/p>\n<\/div>","protected":false},"excerpt":{"rendered":"<p>[vc_row][vc_column width=\u00a0\u00bb1\/2&Prime;][\/vc_column][vc_column width=\u00a0\u00bb1\/2&Prime;][\/vc_column][\/vc_row]<\/p>\n","protected":false},"author":1,"featured_media":0,"parent":0,"menu_order":0,"comment_status":"closed","ping_status":"closed","template":"","meta":{"footnotes":""},"class_list":["post-220","page","type-page","status-publish","hentry"],"_links":{"self":[{"href":"https:\/\/click.ma\/2km\/wp-json\/wp\/v2\/pages\/220","targetHints":{"allow":["GET"]}}],"collection":[{"href":"https:\/\/click.ma\/2km\/wp-json\/wp\/v2\/pages"}],"about":[{"href":"https:\/\/click.ma\/2km\/wp-json\/wp\/v2\/types\/page"}],"author":[{"embeddable":true,"href":"https:\/\/click.ma\/2km\/wp-json\/wp\/v2\/users\/1"}],"replies":[{"embeddable":true,"href":"https:\/\/click.ma\/2km\/wp-json\/wp\/v2\/comments?post=220"}],"version-history":[{"count":3,"href":"https:\/\/click.ma\/2km\/wp-json\/wp\/v2\/pages\/220\/revisions"}],"predecessor-version":[{"id":303,"href":"https:\/\/click.ma\/2km\/wp-json\/wp\/v2\/pages\/220\/revisions\/303"}],"wp:attachment":[{"href":"https:\/\/click.ma\/2km\/wp-json\/wp\/v2\/media?parent=220"}],"curies":[{"name":"wp","href":"https:\/\/api.w.org\/{rel}","templated":true}]}}