{"id":211,"date":"2026-02-15T14:29:19","date_gmt":"2026-02-15T14:29:19","guid":{"rendered":"https:\/\/click.ma\/2km\/?page_id=211"},"modified":"2026-02-25T13:02:04","modified_gmt":"2026-02-25T13:02:04","slug":"agroalimentaire","status":"publish","type":"page","link":"https:\/\/click.ma\/2km\/agroalimentaire\/","title":{"rendered":"Agroalimentaire"},"content":{"rendered":"<div class=\"wpb-content-wrapper\"><p>[vc_row][vc_column width=\u00a0\u00bb1\/2&Prime;]\t\t<div id=\"wd-699ef28b6ce46\" class=\"wd-text-block wd-wpb reset-last-child wd-animation wd-transform wd-animation-slide-from-bottom wd-animation-normal wd-rs-699ef28b6ce46 text-left \">\n\t\t\t<p>Dans l\u2019agroalimentaire, l\u2019\u00e9tiquette doit rester impeccable tout au long de la cha\u00eene : production, stockage, transport et mise en rayon.<br \/>\nNous proposons des solutions con\u00e7ues pour r\u00e9sister au\u00a0<strong>froid<\/strong>, \u00e0 l\u2019<strong>humidit\u00e9<\/strong>, aux\u00a0<strong>variations de temp\u00e9rature<\/strong>\u00a0et aux manipulations, tout en assurant une\u00a0<strong>excellente lisibilit\u00e9<\/strong>. Nous veillons \u00e9galement au respect des exigences de\u00a0<strong>conformit\u00e9<\/strong>\u00a0et de\u00a0<strong>tra\u00e7abilit\u00e9<\/strong>\u00a0(informations produit, lots, dates, codes-barres).<\/p>\n\t\t<\/div>\n\t\t\t\t<div id=\"wd-699ef2933d842\" class=\"wd-text-block wd-wpb reset-last-child wd-animation wd-transform wd-animation-slide-from-bottom wd-animation-normal wd_delay_150 wd-rs-699ef2933d842 text-left \">\n\t\t\t<h3>Produits recommand\u00e9s :<\/h3>\n<ul>\n<li>\u00c9tiquettes auto-adh\u00e9sives imprim\u00e9es (r\u00e9sistance au froid et humidit\u00e9)<\/li>\n<li>Shrink Sleeve (habillage 360\u00b0 et inviolabilit\u00e9)<\/li>\n<li>Wrap-around (bouteilles PET, haute cadence)<\/li>\n<li>\u00c9tiquettes vierges (tra\u00e7abilit\u00e9 interne)<\/li>\n<\/ul>\n\t\t<\/div>\n\t\t[\/vc_column][vc_column width=\u00a0\u00bb1\/2&Prime;]\t\t<div id=\"wd-699ef2c68a908\" class=\"wd-image wd-wpb wd-animation wd-transform wd-animation-slide-from-right wd-animation-slow wd_delay_100 wd-rs-699ef2c68a908 text-center \">\n\t\t\t\n\t\t\t<img loading=\"lazy\" decoding=\"async\" width=\"732\" height=\"480\" src=\"https:\/\/click.ma\/2km\/wp-content\/uploads\/2026\/02\/Agroalimentaire.png\" class=\"attachment-full size-full\" alt=\"\" srcset=\"https:\/\/click.ma\/2km\/wp-content\/uploads\/2026\/02\/Agroalimentaire.png 732w, https:\/\/click.ma\/2km\/wp-content\/uploads\/2026\/02\/Agroalimentaire-300x197.png 300w\" sizes=\"auto, (max-width: 732px) 100vw, 732px\" \/>\n\t\t\t\t\t<\/div>\n\t\t[\/vc_column][\/vc_row]<\/p>\n<\/div>","protected":false},"excerpt":{"rendered":"<p>[vc_row][vc_column width=\u00a0\u00bb1\/2&Prime;][\/vc_column][vc_column width=\u00a0\u00bb1\/2&Prime;][\/vc_column][\/vc_row]<\/p>\n","protected":false},"author":1,"featured_media":0,"parent":0,"menu_order":0,"comment_status":"closed","ping_status":"closed","template":"","meta":{"footnotes":""},"class_list":["post-211","page","type-page","status-publish","hentry"],"_links":{"self":[{"href":"https:\/\/click.ma\/2km\/wp-json\/wp\/v2\/pages\/211","targetHints":{"allow":["GET"]}}],"collection":[{"href":"https:\/\/click.ma\/2km\/wp-json\/wp\/v2\/pages"}],"about":[{"href":"https:\/\/click.ma\/2km\/wp-json\/wp\/v2\/types\/page"}],"author":[{"embeddable":true,"href":"https:\/\/click.ma\/2km\/wp-json\/wp\/v2\/users\/1"}],"replies":[{"embeddable":true,"href":"https:\/\/click.ma\/2km\/wp-json\/wp\/v2\/comments?post=211"}],"version-history":[{"count":6,"href":"https:\/\/click.ma\/2km\/wp-json\/wp\/v2\/pages\/211\/revisions"}],"predecessor-version":[{"id":300,"href":"https:\/\/click.ma\/2km\/wp-json\/wp\/v2\/pages\/211\/revisions\/300"}],"wp:attachment":[{"href":"https:\/\/click.ma\/2km\/wp-json\/wp\/v2\/media?parent=211"}],"curies":[{"name":"wp","href":"https:\/\/api.w.org\/{rel}","templated":true}]}}